{"id":8093,"date":"2025-10-08T20:16:09","date_gmt":"2025-10-08T18:16:09","guid":{"rendered":"https:\/\/www.coach-eco.com\/coach\/?page_id=8093"},"modified":"2026-01-23T20:33:59","modified_gmt":"2026-01-23T19:33:59","slug":"normes-pompe-a-chaleur","status":"publish","type":"page","link":"https:\/\/www.coach-eco.com\/coach\/normes-dtu-reglementations-eurocodes\/normes-pompe-a-chaleur\/","title":{"rendered":"Normes : Pompe \u00e0 Chaleur"},"content":{"rendered":"\t\t<div data-elementor-type=\"wp-page\" data-elementor-id=\"8093\" class=\"elementor elementor-8093\" data-elementor-post-type=\"page\">\n\t\t\t\t<div class=\"elementor-element elementor-element-1d995d9f e-flex e-con-boxed e-con e-parent\" data-id=\"1d995d9f\" data-element_type=\"container\" data-e-type=\"container\">\n\t\t\t\t\t<div class=\"e-con-inner\">\n\t\t\t\t<div class=\"elementor-element elementor-element-643c2b elementor-widget elementor-widget-text-editor\" data-id=\"643c2b\" data-element_type=\"widget\" data-e-type=\"widget\" data-widget_type=\"text-editor.default\">\n\t\t\t\t\t\t\t\t\t\n<h2 class=\"wp-block-heading\"><strong>Etude thermique<\/strong><\/h2>\n\n<ul class=\"wp-block-list\">\n<li><strong>NF 12831<\/strong> : Les logiciels de dimensionnement de Pompe \u00e0 chaleur doivent \u00eatre conformes \u00e0 la norme NF 12831 pour le calcul des besoins thermiques exig\u00e9s.<\/li>\n<li>La maintenance d&rsquo;une Pompe \u00e0 Chaleur est obligatoire tous les 2 ans si la puissance est comprise entre 4 kW et 70 kW (D\u00e9cret N\u00b02020-912 du 28 Juillet 2020)<\/li>\n<\/ul>\n\n<h2 class=\"wp-block-heading\"><strong>Calcul des d\u00e9perditions<\/strong><\/h2>\n\n<ul class=\"wp-block-list\">\n<li>Temp\u00e9rature ext\u00e9rieure de base du lieu (<strong>NF P 52-612 C\/N<\/strong>)<\/li>\n\n<li>Corrections en fonction de l\u2019altitude (<strong>NF P 52-612 C\/N<\/strong>)<\/li>\n<\/ul>\n\n<h2 class=\"wp-block-heading\"><strong>Composants cl\u00e9 des syst\u00e8mes de chauffage \u00e0 eau chaude<\/strong><\/h2>\n\n<ul class=\"wp-block-list\">\n<li><strong>NF EN 12828-2<\/strong> : \u00a0\u00bb Syst\u00e8mes de chauffage dans les b\u00e2timents : Conception des syst\u00e8mes de chauffage \u00e0 eau \u00ab\u00a0<\/li>\n\n<li>En France : <strong>NF P 52-203<\/strong> r\u00e9f\u00e9rence <strong>DTU 65-11<\/strong><\/li>\n\n<li>Source : PrNF EN 378-1 \u2013 Avril 2017<\/li>\n<li>NF-EN 378 de 2017 : Guide d\u2019application pour les syst\u00e8mes Frigo et PAC (cette <em>norme<\/em> fixe les exigences de s\u00e9curit\u00e9 et d&rsquo;environnement pour les syst\u00e8mes et appareils frigorifiques)<\/li>\n<\/ul>\n\n<h2 class=\"wp-block-heading\"><strong>Le disconnecteur<\/strong><\/h2>\n\n<ul class=\"wp-block-list\">\n<li>Un ensemble de protection doit \u00eatre mis en place sur l\u2019alimentation en eau de l\u2019installation de chauffage afin d\u2019\u00e9viter tout retour vers le r\u00e9seau d\u2019eau potable.<\/li>\n\n<li>Cat\u00e9gorie 4 ou 5 selon <strong>NF EN 1717<\/strong><\/li>\n\n<li>Article 16 de la circulaire du 9 ao\u00fbt 1978 modifi\u00e9e (1982, 1983,1984,1997, 1999)<\/li>\n\n<li>RSDT &#8211; JO du 3 septembre 1978<\/li>\n<\/ul>\n\n<h2 class=\"wp-block-heading\"><strong>Normes de Qualit\u00e9 Pompe \u00e0 chaleur<\/strong><\/h2>\n\n<ul class=\"wp-block-list\">\n<li><strong>Pompe \u00e0 chaleur NF PAC fran\u00e7ais<\/strong> : R\u00e9f\u00e9rentiel de certification <strong>NF 414<\/strong> \u2013 Afnor Certification\/Certita. Exigences minimales selon NF PAC (NF 414 \u2013 R\u00e9v 6 \u2013 novembre 2012) voir tableau<\/li>\n\n<li><strong>Ecolabel europ\u00e9en<\/strong> ; R\u00e9f\u00e9rentiel de certification Afnor Certification (PAC \u00e9lectrique, gaz et absorption)<\/li>\n\n<li><strong>Label Keymarck europ\u00e9en<\/strong><\/li>\n\n<li><strong>Rohs <\/strong>: La\u00a0<strong>Directive europ\u00e9enne 2002\/95\/CE<\/strong>\u00a0du 27.01.2003 (connue sous le nom de directive\u00a0<strong>RoHS<\/strong>\u00a0\u2013 \u00ab Restriction of Hazardous Substances \u00bb \/ LDSD \u2013 Limitation de l\u2019utilisation de certaines substances dangereuses) avec les modifications correspondantes, limite \u00e0 compter du 01.07.2006, l\u2019utilisation de substances dangereuses pour la sant\u00e9 humaine, dans les \u00e9quipements \u00e9lectriques et \u00e9lectroniques.\u00a0<\/li>\n<\/ul>\n\n<h2 class=\"wp-block-heading\"><strong>Coefficient de performance<\/strong> (COP &#8211; EER)<\/h2>\n\n<ul class=\"wp-block-list\">\n<li><strong>COP <\/strong>: Coefficient de Performance en mode <strong>Chaud<\/strong><\/li>\n\n<li><strong>EER <\/strong>: Coefficient de Performance en mode <strong>Froid<\/strong><\/li>\n<\/ul>\n\n<h2 class=\"wp-block-heading\"><strong>Coefficient de performance saisonnier en fonction des charges partielles<\/strong> (SCOP &#8211; SEER &#8211; ESEER)<\/h2>\n\n<p>Conditions de charge partielle donn\u00e9es dans <strong>NF EN 14825<\/strong><\/p>\n\n<ul class=\"wp-block-list\">\n<li><strong>SCOP <\/strong>: Coefficient de Performance Saisonnier en mode <strong>Chaud<\/strong><\/li>\n\n<li><strong>SEER <\/strong>: Coefficient de Performance Saisonnier en mode <strong>Froid<\/strong><\/li>\n\n<li><strong>ESEER <\/strong>: Efficacit\u00e9 saisonni\u00e8re europ\u00e9enne d\u2019un appareil sur l\u2019ensemble de la saison de<br \/>rafra\u00eechissement utilis\u00e9e dans la certification Eurovent<\/li>\n<\/ul>\n\n<h2 class=\"wp-block-heading\"><strong>Facteur de performance saisonnier (SPF)<\/strong><\/h2>\n\n<ul class=\"wp-block-list\">\n<li>Valeurs minimales et valeurs cibles (<strong>NF EN 15450<\/strong> \u2013 janvier 2009)<\/li>\n<\/ul>\n\n<h2 class=\"wp-block-heading\">PAC unit\u00e9 ext\u00e9rieure \u2013 Lutte contre les bruits au voisinage (d\u00e9cret du 31 ao\u00fbt 2006)<\/h2>\n\n<p>Pour ne pas provoquer de g\u00eane au voisinage, le niveau de pression acoustique <strong>Lp<\/strong> obtenu ne devra pas d\u00e9passer le niveau de bruit de fond mesur\u00e9 avec l\u2019appareil (sonom\u00e8tre) hors fonction.<\/p>\n\n<ul class=\"wp-block-list\">\n<li>Emergence maximale de 5 [dB(A)] le jour<\/li>\n\n<li>Emergence maximale de 3 [dB(A)] la nuit<\/li>\n<\/ul>\n\n<h2 class=\"wp-block-heading\">PAC Unit\u00e9 int\u00e9rieure \u2013 Bruit des \u00e9quipements &#8211; R\u00e8glementation acoustique (arr\u00eat\u00e9 du 30 juin 1999 &#8211; JO du 17 juillet 1999)<\/h2>\n\n<ul class=\"wp-block-list\">\n<li>Niveau de <strong>pression acoustique<\/strong> normalis\u00e9 LnAT en dB ( A ) : voir r\u00e8glementation pour les d\u00e9tails<\/li>\n<\/ul>\n\n<h2 class=\"wp-block-heading\"><strong>Besoins d\u2019ECS dimensionnement<\/strong><\/h2>\n\n<ul class=\"wp-block-list\">\n<li>Valeur proche de besoin moyen selon <strong>NF EN 15450<\/strong><\/li>\n<\/ul>\n\n<h2 class=\"wp-block-heading\"><strong>Plancher chauffant<\/strong><\/h2>\n\n<ul class=\"wp-block-list\">\n<li><strong>NF EN 1264<\/strong> (d\u00e9cret n\u00b0 84-74 du 26\/01\/84 modifi\u00e9 et circulaire du 04\/07\/96 modifi\u00e9e) : Plancher \u00e0 dalle flottante<\/li>\n\n<li><strong>NF DTU 65.14<\/strong> P1\/P2\/P3 : Plancher dalle pleine : L&rsquo;\u00e9paisseur minimal d&rsquo;enrobage est de 35mm au-dessus de la g\u00e9n\u00e9ratrice sup\u00e9rieure du tuyau (exemple: si le diam\u00e8tre du tuyau est de 16mm, l&rsquo;\u00e9paisseur du b\u00e9ton d&rsquo;enrobage sera de : 16mm + 35mm = 51mm)<\/li>\n\n<li>Attention : En dehors de toute obligation contractuelle, le Code des Assurances (art A.243.1) retient l\u2019obligation d\u2019observer les r\u00e8gles de l\u2019art telles que d\u00e9finies par la r\u00e9glementation en vigueur, les DTU ou les normes (<strong>NF DTU 65.14<\/strong>)<\/li>\n<\/ul>\n\n<h2 class=\"wp-block-heading\"><strong>Plancher Chauffant Rafra\u00eechissant (PCR)<\/strong><\/h2>\n\n<p><br \/><strong>DTU 51.11, 51.2, 53.2<\/strong> : Rev\u00eatement de sol<br \/>\u2013 Pas de moquette<br \/>\u2013 Rt Totale &lt;= 0,13 [m\u00b2 K\/W] dont Rt Rev\u00eatement = 0,09 [m\u00b2 K\/W] et Rt Dalle = 0,04 [m\u00b2 K\/W]<br \/>\u2013 De pr\u00e9f\u00e9rence une offre avec :<\/p>\n\n<ul class=\"wp-block-list\">\n<li>ATEX ou AT syst\u00e8me visant explicitement rev\u00eatements sol, colles et chapes compatibles avec l\u2019application<\/li>\n\n<li>ATEX ou AT composant (colle \/ rev\u00eatement \/ chape) dont le domaine d \u2019emploi est favorable au PCR<\/li>\n\n<li>Assurance sp\u00e9cifique couvrant les risques inh\u00e9rents<\/li>\n<\/ul>\n\n<p>\u2013 CPT :<\/p>\n\n<ul class=\"wp-block-list\">\n<li>carreaux c\u00e9ramiques, dalles de pierre calcaire et \u00e9l\u00e9ments de granit<\/li>\n\n<li>rev\u00eatement plastique titulaire marque NF-UPEC<\/li>\n<\/ul>\n\n<h2 class=\"wp-block-heading\"><strong>Radiateur<\/strong><\/h2>\n\n<ul class=\"wp-block-list\">\n<li>Norme <strong>EN NF 442<\/strong> :\n<ul class=\"wp-block-list\">\n<li>Delta T = (Tentr\u00e9e + Tsortie) \/ 2 &#8211; Tambiante = 50 K<\/li>\n\n<li>Pour atteindre DT = 50 K \uf0e0 r\u00e9gime d\u2019eau \u00e0 75\/65, avec T ambiante \u00e0 20\u00b0C<\/li>\n\n<li>Tous les fabricants donnent leur radiateurs \u00e0 <strong>DT = 50 K<\/strong><\/li>\n\n<li>En application sur les PAC il est important de recalculer la puissance du radiateur avec un r\u00e9gime d\u2019eau adapt\u00e9 (ex : <strong>DT = 30 K<\/strong>)<\/li>\n\n<li>Emission = <strong>120% des d\u00e9perditions<\/strong> selon EN \u00e0 Text base<\/li>\n<\/ul>\n<\/li>\n<\/ul>\n\n<h2 class=\"wp-block-heading\"><strong>Sondes G\u00e9othermiques<\/strong><\/h2>\n\n<ul class=\"wp-block-list\">\n<li><strong>NF X 10-970<\/strong> : Distance entre sondes g\u00e9othermiques verticales et autres \u00e9l\u00e9ments (Arbres, R\u00e9seaux enterr\u00e9s non hydrauliques, Fondations, Puits, Fosses septiques, Evacuations, Limite de propri\u00e9t\u00e9. Proc\u00e8s Verbaux de r\u00e9ception des sondes g\u00e9othermiques (annexe A et B de NF X 10-970) remplis et sign\u00e9s.\n<ul class=\"wp-block-list\">\n<li>Foreur + Ma\u00eetre d\u2019Ouvrage<\/li>\n\n<li>Installateur + Ma\u00eetre d\u2019Ouvrage<\/li>\n<\/ul>\n<\/li>\n<\/ul>\n\n<h2 class=\"wp-block-heading\"><strong>Forages sur Nappe phr\u00e9atique<\/strong><\/h2>\n\n<ul class=\"wp-block-list\">\n<li><strong>NF X 10-999<\/strong> : Essais sur Nappe phr\u00e9atique (d\u00e9bits, temps de l\u2019essai, temps des paliers\u2026) en fonction du d\u00e9bit d\u2019exploitation. Proc\u00e8s Verbal de r\u00e9ception de travaux de forages sur nappe (Annexe C NF x 10-999 ) remplis et sign\u00e9s.\n<ul class=\"wp-block-list\">\n<li>Foreur + Ma\u00eetre d\u2019ouvrage<\/li>\n<\/ul>\n<\/li>\n<\/ul>\n\n<h2 class=\"wp-block-heading\">Op\u00e9rations assur\u00e9es par une entreprise qualifi\u00e9e poss\u00e9dant une<br \/>attestation de capacit\u00e9 conform\u00e9ment \u00e0 la r\u00e9glementation en<br \/>vigueur (code de l\u2019environnement, articles R.543-75 \u00e0 R.543-123)<\/h2>\n\n<ul class=\"wp-block-list\">\n<li>Tirage au vide<\/li>\n\n<li>Contr\u00f4le d\u2019\u00e9tanch\u00e9it\u00e9<\/li>\n\n<li>Charge en fluide frigorig\u00e8ne<\/li>\n<\/ul>\n\n<h2 class=\"wp-block-heading\"><strong>Tuyauterie cuivre qualit\u00e9 froid<\/strong><\/h2>\n\n<ul class=\"wp-block-list\">\n<li><strong>NF 12735-1<\/strong> : Section &#8211; Diam\u00e8tre 1\/4&Prime; \u00e0 7\/8&Prime;- Epaisseur<\/li>\n<\/ul>\n\n<h2 class=\"wp-block-heading\"><strong>D\u00e9bit de ventilation<\/strong><\/h2>\n\n<ul class=\"wp-block-list\">\n<li><strong>NF EN 378-3<\/strong>\n<ul class=\"wp-block-list\">\n<li>Ventilation en condition normale: d\u00e9bit = <strong>4 [V\/h]<\/strong><\/li>\n\n<li>Ventilation d\u2019urgence selon famille de fluide frigorig\u00e8ne<\/li>\n<\/ul>\n<\/li>\n<\/ul>\n\n<h2 class=\"wp-block-heading\">D\u00e9perditions par renouvellement d\u2019air et infiltrations \u2013 D\u00e9bits \u00e0 extraire<\/h2>\n\n<ul class=\"wp-block-list\">\n<li>R\u00e9glementation : D\u00e9bit \u00e0 extraire (Arr\u00eat\u00e9 24 mars 1982)<\/li>\n\n<li>Article 4: Des dispositifs individuels de r\u00e9glage peuvent permettre de r\u00e9duire les d\u00e9bits extraits<\/li>\n\n<li>Article 5: Les entr\u00e9es d\u2019air, compl\u00e9t\u00e9es par la perm\u00e9abilit\u00e9 des ouvrants doivent permettre d\u2019obtenir les d\u00e9bits fix\u00e9s \u00e0 l\u2019Art. 3<\/li>\n<\/ul>\n\n<h2 class=\"wp-block-heading\">Test d&rsquo;\u00e9tanch\u00e9it\u00e9 \u00e0 l&rsquo;air = Test d&rsquo;infiltrom\u00e9trie = Test BlowerDoor<\/h2>\n\n<p>Le test d\u2019\u00e9tanch\u00e9it\u00e9 \u00e0 l\u2019air (Test BlowerDoor) est obligatoire pour effectuer un contr\u00f4le qualitatif et de quantifier les entr\u00e9es et sorties d&rsquo;air. Le test est r\u00e9alis\u00e9 en occultant les entr\u00e9es d\u2019air et bouches d\u2019extraction du syst\u00e8me de ventilation et en mettant la maison en surpression ou d\u00e9pression. Le Test BlowerDoor a pour objectif de d\u00e9celer les faiblesses de l\u2019\u00e9tanch\u00e9it\u00e9 \u00e0 l\u2019air du b\u00e2timent et de v\u00e9rifier les donn\u00e9es par rapport \u00e0 un r\u00e9f\u00e9rentiel.<\/p>\n\n<p>La mesure de l\u2019\u00e9tanch\u00e9it\u00e9 \u00e0 l\u2019air doit avoir lieu conform\u00e9ment \u00e0 la norme NBN EN 13829:2001 selon les arr\u00eat\u00e9s d\u2019ex\u00e9cution PEB.<\/p>\n\n<p>Question : \u00e0 quel moment de l&rsquo;avanc\u00e9e du projet faut-il r\u00e9aliser le Test d&rsquo;\u00e9tanch\u00e9it\u00e9 \u00e0 l&rsquo;air ?<\/p>\n\n<h2 class=\"wp-block-heading\">RT globale<\/h2>\n\n<ul class=\"wp-block-list\">\n<li>(CCH &#8211; art. R. 131-26) &#8211; Application au 1er avril 2008 &#8211; Arr\u00eat\u00e9 du 13 juin 2008<\/li>\n<\/ul>\n\n<h2 class=\"wp-block-heading\">RT \u00e9l\u00e9ment par \u00e9l\u00e9ment<\/h2>\n\n<ul class=\"wp-block-list\">\n<li>(CCH art. R. 131-28) &#8211; Application au 1er novembre 2007 &#8211; Arr\u00eat\u00e9 du 3 mai 2007<\/li>\n<\/ul>\n\t\t\t\t\t\t\t\t<\/div>\n\t\t\t\t\t<\/div>\n\t\t\t\t<\/div>\n\t\t\t\t<\/div>\n\t\t","protected":false},"excerpt":{"rendered":"<p>Etude thermique Calcul des d\u00e9perditions Composants cl\u00e9 des syst\u00e8mes de chauffage \u00e0 eau chaude Le disconnecteur Normes de Qualit\u00e9 Pompe \u00e0 chaleur Coefficient de performance [&#8230;]<\/p>\n","protected":false},"author":4,"featured_media":0,"parent":7845,"menu_order":0,"comment_status":"closed","ping_status":"closed","template":"","meta":{"footnotes":""},"class_list":["post-8093","page","type-page","status-publish","hentry"],"aioseo_notices":[],"_links":{"self":[{"href":"https:\/\/www.coach-eco.com\/coach\/wp-json\/wp\/v2\/pages\/8093","targetHints":{"allow":["GET"]}}],"collection":[{"href":"https:\/\/www.coach-eco.com\/coach\/wp-json\/wp\/v2\/pages"}],"about":[{"href":"https:\/\/www.coach-eco.com\/coach\/wp-json\/wp\/v2\/types\/page"}],"author":[{"embeddable":true,"href":"https:\/\/www.coach-eco.com\/coach\/wp-json\/wp\/v2\/users\/4"}],"replies":[{"embeddable":true,"href":"https:\/\/www.coach-eco.com\/coach\/wp-json\/wp\/v2\/comments?post=8093"}],"version-history":[{"count":14,"href":"https:\/\/www.coach-eco.com\/coach\/wp-json\/wp\/v2\/pages\/8093\/revisions"}],"predecessor-version":[{"id":11156,"href":"https:\/\/www.coach-eco.com\/coach\/wp-json\/wp\/v2\/pages\/8093\/revisions\/11156"}],"up":[{"embeddable":true,"href":"https:\/\/www.coach-eco.com\/coach\/wp-json\/wp\/v2\/pages\/7845"}],"wp:attachment":[{"href":"https:\/\/www.coach-eco.com\/coach\/wp-json\/wp\/v2\/media?parent=8093"}],"curies":[{"name":"wp","href":"https:\/\/api.w.org\/{rel}","templated":true}]}}