{"id":7861,"date":"2025-12-08T21:10:12","date_gmt":"2025-12-08T20:10:12","guid":{"rendered":"https:\/\/www.coach-eco.com\/coach\/?page_id=7861"},"modified":"2025-12-08T21:10:12","modified_gmt":"2025-12-08T20:10:12","slug":"normes-photovoltaique","status":"publish","type":"page","link":"https:\/\/www.coach-eco.com\/coach\/normes-dtu-reglementations-eurocodes\/normes-photovoltaique\/","title":{"rendered":"Normes : Photovolta\u00efque"},"content":{"rendered":"\n<p><strong>NF C 15-100<\/strong><\/p>\n\n\n\n<ul class=\"wp-block-list\">\n<li>La nouvelle norme NF C 15-100 (application depuis le 1er Septembre 2025), introduit de nouvelles prescriptions pour garantir la protection des personnes contre les risques li\u00e9s aux surintensit\u00e9s que peut engendrer l\u2019int\u00e9gration d\u2019une installation <strong>photovolta\u00efque<\/strong>. Evolution des r\u00e8gles de raccordement des installations photovolta\u00efques dans le r\u00e9sidentiel (avec ou sans autoconsommation).<\/li>\n\n\n\n<li>Le raccordement d&rsquo;une installation <strong>photovolta\u00efques <\/strong>doit \u00eatre conforme \u00e0 l&rsquo;<strong>article [<a href=\"https:\/\/www.tereva.fr\/document\/A-545611-tereva-experts-nf-c-15-100-rappel-des-amendements-a1-a2-a3-a4-a5\">551.7.1 &amp; 2<\/a><\/strong> de la <strong>NF C 15-100-1<\/strong>].<\/li>\n\n\n\n<li><strong>Art. 551.7.1<\/strong><\/li>\n\n\n\n<li><strong>Art. 551.7.2<\/strong> : le branchement d\u2019un g\u00e9n\u00e9rateur \u00e9lectrique sur un circuit terminal via une prise de courant est interdit. De plus tout g\u00e9n\u00e9rateur ou autres sources doit \u00eatre raccord\u00e9 \u00ab\u00a0en amont des dispositifs de protection d&rsquo;un circuit terminal\u00a0\u00bb de l&rsquo;installation existante.<\/li>\n\n\n\n<li>Le raccordement doit respecter les prescriptions du <strong>chapitre 551<\/strong> de la <strong>NF C 15-100-1 <\/strong>ou des normes sp\u00e9cifiques aux installations photovolta\u00efques (<strong>C15-712<\/strong>).<\/li>\n\n\n\n<li>L\u2019installateur doit s\u2019assurer que le niveau de s\u00e9curit\u00e9 de l\u2019installation de consommation ne se trouve pas diminu\u00e9 par le raccordement de l\u2019installation de production photovolta\u00efque pour pouvoir accueillir une installation de production en autoconsommation.<\/li>\n\n\n\n<li>Raccordements selon les <strong>cas 3 et 4<\/strong> :\n<ul class=\"wp-block-list\">\n<li>Joindre un <strong><a href=\"https:\/\/www.consuel.com\/dossiers-techniques\/\">dossier technique (SC 144E)<\/a><\/strong><\/li>\n\n\n\n<li>Un <strong>sch\u00e9ma de principe de l&rsquo;installation<\/strong><\/li>\n\n\n\n<li>Le <strong>certificat de conformit\u00e9 de l&rsquo;onduleur<\/strong><\/li>\n<\/ul>\n<\/li>\n<\/ul>\n\n\n\n<p><strong>Nouveaux Dossiers Techniques CONSUEL<\/strong><\/p>\n\n\n\n<p><strong><a href=\"https:\/\/www.consuel.com\/dossiers-techniques\/\">Lien vers les nouveaux Dossiers Techniques<\/a><\/strong><\/p>\n\n\n\n<p><strong><em>3 Guides Pratiques \u00e9lectriques en Lien avec le Photovolta\u00efque<\/em><\/strong><\/p>\n\n\n\n<ul class=\"wp-block-list\">\n<li><strong>UTE C15-712<\/strong>-1&nbsp;: &#8211; Installations photovolta\u00efques <strong>sans stockage<\/strong> et raccord\u00e9es au r\u00e9seau public de distribution &#8211; GPVR  (Vente Totale \u2013 Surplus \u2013 Autoconsommation)<\/li>\n\n\n\n<li><strong>UTE C15-712<\/strong>-2&nbsp;: <strong>Site Isol\u00e9<\/strong> = Non raccord\u00e9<\/li>\n\n\n\n<li><strong>UTE C15-712<\/strong>-3&nbsp;: Installations photovolta\u00efques <strong>avec dispositif de stockage<\/strong> et raccord\u00e9es \u00e0 u r\u00e9seau public de distribution &#8211; GPVR + Stockage (Batterie)<\/li>\n\n\n\n<li>Nota : GPVR <strong>G<\/strong>\u00e9n\u00e9rateur <strong>P<\/strong>hotovolta\u00efque <strong>R<\/strong>accord\u00e9 au <strong>R<\/strong>\u00e9seau<\/li>\n<\/ul>\n\n\n\n<p><strong><em>Normes qui caract\u00e9risent le module Photovolta\u00efque<\/em><\/strong><\/p>\n\n\n\n<ul class=\"wp-block-list\">\n<li><strong>CEI 61215 = Essais des Modules PV cristallin au consuel ? &#8211; Norme de coupure&nbsp;?<\/strong> &#8211; <strong>Qualit\u00e9 de conception<\/strong><\/li>\n\n\n\n<li><strong>NF EN 61215-1\/2<\/strong> : Modules photovolta\u00efques (PV) pour application terrestre \u2013 Qualification de la conception et homologation<br>Ce document d\u00e9crit les exigences g\u00e9n\u00e9rales et propres \u00e0 chaque technologie pour les essais (sous parties) et d\u00e9finit un ensemble de proc\u00e9dures d\u2019essais n\u00e9cessaires pour la qualification de la conception et l\u2019homologation.<\/li>\n\n\n\n<li><strong>IEC 61646<\/strong> : Essais des modules PV couches minces (Qualit\u00e9 de fabrication)<\/li>\n\n\n\n<li><strong>CEI 61730 =<\/strong> <strong>Module PV cristallin au consuel ?<\/strong> &#8211; Conformit\u00e9 \u00e9lectrique = S\u00fbret\u00e9 de fonctionnement \u00e9lectrique des Modules<\/li>\n\n\n\n<li><strong>NF EN 61730-1\/2<\/strong> : Qualification pour la s\u00fbret\u00e9 de fonctionnement des modules photovolta\u00efques<br>Partie 1&nbsp;: Exigences pour la construction<br>Ce document d\u00e9crit les exigences fondamentales de construction pour les modules photovolta\u00efques afin de fournir un fonctionnement \u00e9lectrique et m\u00e9canique s\u00fbr et r\u00e9pertorie les essais auxquels un module PV doit satisfaire \u00e0 des fins de qualification pour la s\u00fbret\u00e9 de fonctionnement.<\/li>\n\n\n\n<li>IEC 50521<\/li>\n\n\n\n<li><strong>NF EN 62790<\/strong> : 2015 Boites de jonction des modules PV<\/li>\n\n\n\n<li><strong>NF EN 62852<\/strong> : 2015 Connecteurs (conception et fabrications) \u2013 s\u00e9curit\u00e9 \/ essais<\/li>\n<\/ul>\n\n\n\n<p><strong>Normes produits Circuit DC en Photovolta\u00efque<\/strong><\/p>\n\n\n\n<ul class=\"wp-block-list\">\n<li>UTE C32-502 Guide pour les c\u00e2bles utilis\u00e9s pour les syst\u00e8mes PV<\/li>\n\n\n\n<li>UTE C57-300 &#8211; Param\u00e8tres descriptifs d\u2019un syst\u00e8me PV<\/li>\n\n\n\n<li>UTE C57-310 Transformation directe de l\u2019\u00e9nergie solaire en \u00e9nergie \u00e9lectrique<\/li>\n<\/ul>\n\n\n\n<p><strong>Glossaire <\/strong>:<\/p>\n\n\n\n<ul class=\"wp-block-list\">\n<li>CEI = IEC = Commission Electronique Internationale<\/li>\n\n\n\n<li>NF C = Norme Fran\u00e7aise &#8211; C pour le domaine \u00e9lectrique<\/li>\n\n\n\n<li>EN = European Norme<\/li>\n\n\n\n<li>UTE = Guide Pratique ou Technique<\/li>\n<\/ul>\n","protected":false},"excerpt":{"rendered":"<p>NF C 15-100 Nouveaux Dossiers Techniques CONSUEL Lien vers les nouveaux Dossiers Techniques 3 Guides Pratiques \u00e9lectriques en Lien avec le Photovolta\u00efque Normes qui caract\u00e9risent [&#8230;]<\/p>\n","protected":false},"author":4,"featured_media":0,"parent":7845,"menu_order":0,"comment_status":"closed","ping_status":"closed","template":"","meta":{"footnotes":""},"class_list":["post-7861","page","type-page","status-publish","hentry"],"aioseo_notices":[],"_links":{"self":[{"href":"https:\/\/www.coach-eco.com\/coach\/wp-json\/wp\/v2\/pages\/7861","targetHints":{"allow":["GET"]}}],"collection":[{"href":"https:\/\/www.coach-eco.com\/coach\/wp-json\/wp\/v2\/pages"}],"about":[{"href":"https:\/\/www.coach-eco.com\/coach\/wp-json\/wp\/v2\/types\/page"}],"author":[{"embeddable":true,"href":"https:\/\/www.coach-eco.com\/coach\/wp-json\/wp\/v2\/users\/4"}],"replies":[{"embeddable":true,"href":"https:\/\/www.coach-eco.com\/coach\/wp-json\/wp\/v2\/comments?post=7861"}],"version-history":[{"count":1,"href":"https:\/\/www.coach-eco.com\/coach\/wp-json\/wp\/v2\/pages\/7861\/revisions"}],"predecessor-version":[{"id":10377,"href":"https:\/\/www.coach-eco.com\/coach\/wp-json\/wp\/v2\/pages\/7861\/revisions\/10377"}],"up":[{"embeddable":true,"href":"https:\/\/www.coach-eco.com\/coach\/wp-json\/wp\/v2\/pages\/7845"}],"wp:attachment":[{"href":"https:\/\/www.coach-eco.com\/coach\/wp-json\/wp\/v2\/media?parent=7861"}],"curies":[{"name":"wp","href":"https:\/\/api.w.org\/{rel}","templated":true}]}}