{"id":6376,"date":"2015-02-01T10:27:52","date_gmt":"2015-02-01T10:27:52","guid":{"rendered":"http:\/\/www.coach-eco.com\/coach\/?page_id=6376"},"modified":"2025-10-28T18:25:39","modified_gmt":"2025-10-28T17:25:39","slug":"avenir-energie-geothermie-sav-depannage-entretien-maintenance-pompe-a-chaleur-geothermie-aerothermie-forage-sonde","status":"publish","type":"page","link":"https:\/\/www.coach-eco.com\/coach\/avenir-energie-geothermie-sav-depannage-entretien-maintenance-pompe-a-chaleur-geothermie-aerothermie-forage-sonde\/","title":{"rendered":"Avenir Energie Geothermie SAV Depannage Entretien Maintenance Pompe a Chaleur Geothermie Aerothermie Forage Sonde"},"content":{"rendered":"\t\t<div data-elementor-type=\"wp-page\" data-elementor-id=\"6376\" class=\"elementor elementor-6376\" data-elementor-post-type=\"page\">\n\t\t\t\t<div class=\"elementor-element elementor-element-265779d4 e-flex e-con-boxed e-con e-parent\" data-id=\"265779d4\" data-element_type=\"container\" data-e-type=\"container\">\n\t\t\t\t\t<div class=\"e-con-inner\">\n\t\t\t\t<div class=\"elementor-element elementor-element-554fdd36 elementor-widget elementor-widget-text-editor\" data-id=\"554fdd36\" data-element_type=\"widget\" data-e-type=\"widget\" data-widget_type=\"text-editor.default\">\n\t\t\t\t\t\t\t\t\t<p>Coach-eco.com peut vous aider \u00e0 trouver un professionnel comp\u00e9tent pour d\u00e9panner votre Pompe \u00e0 Chaleur \u00a0\u00bb <span style=\"color: #993300;\"><strong>Avenir Energie<\/strong><\/span> \u00ab\u00a0.<\/p><p>Le formulaire de renseignements ci-dessous a \u00e9t\u00e9 cr\u00e9\u00e9 pour satisfaire au mieux votre demande de <strong><span style=\"color: #0000ff;\">SAV <\/span><\/strong>(Service apr\u00e8s-vente) \/ <strong><span style=\"color: #0000ff;\">D\u00e9pannage<\/span><\/strong> \/ <strong><span style=\"color: #0000ff;\">Contrat de Maintenance<\/span><\/strong> \/ <strong><span style=\"color: #0000ff;\">Contrat d&rsquo;entretien<\/span><\/strong> sur les syst\u00e8mes <span style=\"color: #0000ff;\"><strong>Pompe \u00e0 Chaleur G\u00e9othermie, <\/strong><\/span> <span style=\"color: #0000ff;\"><strong>Pompe \u00e0 Chaleur A\u00e9rothermie, Chauffe-eau Thermodynamique<\/strong>.<\/span><\/p><p>En remplissant correctement ce formulaire, nous pourrons ainsi mieux r\u00e9pondre \u00e0 vos attentes.<br \/>Les donn\u00e9es \u00e0 remplir dans le formulaire ci-dessous nous sont n\u00e9cessaires pour une r\u00e9ponse s\u00e9rieuse, concise et rapide.<\/p><p>Coach-eco.com vous mettra gratuitement en relation avec un professionnel comp\u00e9tent.<\/p><p><span style=\"font-family: Verdana;\">Les interventions sont programmables sur les R\u00e9gions:<\/span><\/p><p><span style=\"font-family: Verdana;\"><strong><span style=\"color: #0000ff;\">Nord-pas-de-calais<\/span> (Nord 59, Pas-de-Calais 62)<br \/><\/strong><\/span><span style=\"font-family: Verdana;\"><strong><span style=\"color: #0000ff;\">Picardie<\/span> (Somme 80, Oise 60, Aisne 02)<br \/><span style=\"color: #0000ff;\">C<\/span><\/strong><\/span><span style=\"font-family: Verdana;\"><strong><span style=\"color: #0000ff;\">hampagne-Ardenne<\/span> (Marne 51, Ardennes 08)<br \/><\/strong><\/span><span style=\"font-family: Verdana;\"><strong><span style=\"color: #0000ff;\">Haute-Normandie<\/span> (Seine-Maritime 76, Eure 27)<br \/><\/strong><\/span><span style=\"font-family: Verdana;\"><strong><span style=\"color: #0000ff;\">Ile-de-France<\/span> (Seine-et-Marne 77, Yvelines 78, Val-d&rsquo;Oise 95)<\/strong><\/span><\/p><p><span style=\"font-family: Verdana;\">Les Mod\u00e8les de Pompe \u00e0 chaleur de la Marque \u00a0\u00bb <strong><span style=\"color: #993300;\">Avenir Energie<\/span> <\/strong>\u00a0\u00bb d\u00e9pann\u00e9es sont:<\/span><\/p><ul><li>Solo<\/li><li>Eau-Eau<\/li><li>Solopack<\/li><li>&#8230;<\/li><\/ul><p>\u00a0<\/p><p><!--cforms name=\"Formulaire Fiche SAV PAC Avenir Energie\"--><\/p><p>\u00a0<\/p><p>\u00a0<\/p><p>\u00a0<\/p><p>\u00a0<\/p><p>\u00a0<\/p><p>Ma pompe a chaleur ne demarre pas<\/p><p>Je legue l&rsquo;entretien de ma Pompe \u00e0 chaleur \u00e0 GTech<\/p><p>GTech<\/p><p>\u00a0<\/p>\t\t\t\t\t\t\t\t<\/div>\n\t\t\t\t\t<\/div>\n\t\t\t\t<\/div>\n\t\t\t\t<\/div>\n\t\t","protected":false},"excerpt":{"rendered":"<p>Coach-eco.com peut vous aider \u00e0 trouver un professionnel comp\u00e9tent pour d\u00e9panner votre Pompe \u00e0 Chaleur \u00a0\u00bb Avenir Energie \u00ab\u00a0. Le formulaire de renseignements ci-dessous a [&#8230;]<\/p>\n","protected":false},"author":4,"featured_media":0,"parent":0,"menu_order":0,"comment_status":"closed","ping_status":"open","template":"","meta":{"footnotes":""},"class_list":["post-6376","page","type-page","status-publish","hentry"],"aioseo_notices":[],"_links":{"self":[{"href":"https:\/\/www.coach-eco.com\/coach\/wp-json\/wp\/v2\/pages\/6376","targetHints":{"allow":["GET"]}}],"collection":[{"href":"https:\/\/www.coach-eco.com\/coach\/wp-json\/wp\/v2\/pages"}],"about":[{"href":"https:\/\/www.coach-eco.com\/coach\/wp-json\/wp\/v2\/types\/page"}],"author":[{"embeddable":true,"href":"https:\/\/www.coach-eco.com\/coach\/wp-json\/wp\/v2\/users\/4"}],"replies":[{"embeddable":true,"href":"https:\/\/www.coach-eco.com\/coach\/wp-json\/wp\/v2\/comments?post=6376"}],"version-history":[{"count":3,"href":"https:\/\/www.coach-eco.com\/coach\/wp-json\/wp\/v2\/pages\/6376\/revisions"}],"predecessor-version":[{"id":8945,"href":"https:\/\/www.coach-eco.com\/coach\/wp-json\/wp\/v2\/pages\/6376\/revisions\/8945"}],"wp:attachment":[{"href":"https:\/\/www.coach-eco.com\/coach\/wp-json\/wp\/v2\/media?parent=6376"}],"curies":[{"name":"wp","href":"https:\/\/api.w.org\/{rel}","templated":true}]}}