{"id":6354,"date":"2015-01-31T23:55:49","date_gmt":"2015-01-31T23:55:49","guid":{"rendered":"http:\/\/www.coach-eco.com\/coach\/?page_id=6354"},"modified":"2025-10-30T18:13:17","modified_gmt":"2025-10-30T17:13:17","slug":"france-geothermie-sav-depannage-entretien-maintenance-pompe-a-chaleur-geothermie-aerothermie-forage-sonde","status":"publish","type":"page","link":"https:\/\/www.coach-eco.com\/coach\/france-geothermie-sav-depannage-entretien-maintenance-pompe-a-chaleur-geothermie-aerothermie-forage-sonde\/","title":{"rendered":"France Geothermie SAV Depannage Entretien Maintenance Pompe a Chaleur Geothermie Aerothermie Forage Sonde"},"content":{"rendered":"\t\t<div data-elementor-type=\"wp-page\" data-elementor-id=\"6354\" class=\"elementor elementor-6354\" data-elementor-post-type=\"page\">\n\t\t\t\t<div class=\"elementor-element elementor-element-60e6ace2 e-flex e-con-boxed e-con e-parent\" data-id=\"60e6ace2\" data-element_type=\"container\" data-e-type=\"container\">\n\t\t\t\t\t<div class=\"e-con-inner\">\n\t\t\t\t<div class=\"elementor-element elementor-element-581585b elementor-widget elementor-widget-spacer\" data-id=\"581585b\" data-element_type=\"widget\" data-e-type=\"widget\" data-widget_type=\"spacer.default\">\n\t\t\t\t\t\t\t<div class=\"elementor-spacer\">\n\t\t\t<div class=\"elementor-spacer-inner\"><\/div>\n\t\t<\/div>\n\t\t\t\t\t\t<\/div>\n\t\t\t\t<div class=\"elementor-element elementor-element-4185800d elementor-widget elementor-widget-text-editor\" data-id=\"4185800d\" data-element_type=\"widget\" data-e-type=\"widget\" data-widget_type=\"text-editor.default\">\n\t\t\t\t\t\t\t\t\tCoach-eco.com peut vous aider \u00e0 trouver un professionnel comp\u00e9tent pour d\u00e9panner votre Pompe \u00e0 Chaleur \u00a0\u00bb <span style=\"color: #993300;\"><strong>France Geothermie<\/strong><\/span> \u00ab\u00a0.\r\n\r\nLe formulaire de renseignements ci-dessous a \u00e9t\u00e9 cr\u00e9\u00e9 pour satisfaire au mieux votre demande de <strong><span style=\"color: #0000ff;\">SAV <\/span><\/strong>(Service apr\u00e8s-vente) \/ <strong><span style=\"color: #0000ff;\">D\u00e9pannage<\/span><\/strong> \/ <strong><span style=\"color: #0000ff;\">Contrat de Maintenance<\/span><\/strong> \/ <strong><span style=\"color: #0000ff;\">Contrat d&rsquo;entretien<\/span><\/strong> sur les syst\u00e8mes <span style=\"color: #0000ff;\"><strong>Pompe \u00e0 Chaleur G\u00e9othermie, <\/strong><\/span> <span style=\"color: #0000ff;\"><strong>Pompe \u00e0 Chaleur A\u00e9rothermie, Chauffe-eau Thermodynamique<\/strong>.<\/span>\r\n\r\nEn remplissant correctement ce formulaire, nous pourrons ainsi mieux r\u00e9pondre \u00e0 vos attentes.\r\nLes donn\u00e9es \u00e0 remplir dans le formulaire ci-dessous nous sont n\u00e9cessaires pour une r\u00e9ponse s\u00e9rieuse, concise et rapide.\r\n\r\nCoach-eco.com vous mettra gratuitement en relation avec un professionnel comp\u00e9tent.\r\n\r\n<span style=\"font-family: Verdana;\">Les interventions sont programmables sur les R\u00e9gions:<\/span>\r\n\r\n<span style=\"font-family: Verdana;\"><strong><span style=\"color: #0000ff;\">Nord-pas-de-calais<\/span> (Nord 59, Pas-de-Calais 62)\r\n<\/strong><\/span><span style=\"font-family: Verdana;\"><strong><span style=\"color: #0000ff;\">Picardie<\/span> (Somme 80, Oise 60, Aisne 02)\r\n<span style=\"color: #0000ff;\">C<\/span><\/strong><\/span><span style=\"font-family: Verdana;\"><strong><span style=\"color: #0000ff;\">hampagne-Ardenne<\/span> (Marne 51, Ardennes 08)\r\n<\/strong><\/span><span style=\"font-family: Verdana;\"><strong><span style=\"color: #0000ff;\">Haute-Normandie<\/span> (Seine-Maritime 76, Eure 27)\r\n<\/strong><\/span><span style=\"font-family: Verdana;\"><strong><span style=\"color: #0000ff;\">Ile-de-France<\/span> (Seine-et-Marne 77, Yvelines 78, Val-d&rsquo;Oise 95)<\/strong><\/span>\r\n\r\n<span style=\"font-family: Verdana;\">Les Mod\u00e8les\u00a0de Pompe \u00e0 chaleur de la Marque \u00a0\u00bb\u00a0<strong><span style=\"color: #993300;\">France Geothermie<\/span> <\/strong>\u00a0\u00bb d\u00e9pann\u00e9es sont:<\/span>\r\n<ul>\r\n\t<li>Atlantis<\/li>\r\n\t<li>Aliz\u00e9<\/li>\r\n\t<li>Natura<\/li>\r\n\t<li>Isara<\/li>\r\n\t<li>Oceane<\/li>\r\n\t<li>Zephyra<\/li>\r\n\t<li>&#8230;<\/li>\r\n<\/ul>\r\n&nbsp;\r\n\r\n<!--cforms name=\"Formulaire Fiche SAV PAC France Geothermie\"-->\r\n\r\n&nbsp;\r\n\r\n&nbsp;\r\n\r\n&nbsp;\r\n\r\n&nbsp;\r\n\r\n&nbsp;\r\n\r\nMa pompe a chaleur ne demarre pas\r\n\r\nJe legue l&rsquo;entretien de ma Pompe \u00e0 chaleur \u00e0 GTech\r\n\r\nGTech\r\n\r\n&nbsp;\t\t\t\t\t\t\t\t<\/div>\n\t\t\t\t\t<\/div>\n\t\t\t\t<\/div>\n\t\t\t\t<\/div>\n\t\t","protected":false},"excerpt":{"rendered":"<p>Coach-eco.com peut vous aider \u00e0 trouver un professionnel comp\u00e9tent pour d\u00e9panner votre Pompe \u00e0 Chaleur \u00a0\u00bb France Geothermie \u00ab\u00a0. Le formulaire de renseignements ci-dessous a [&#8230;]<\/p>\n","protected":false},"author":4,"featured_media":0,"parent":0,"menu_order":0,"comment_status":"closed","ping_status":"open","template":"","meta":{"footnotes":""},"class_list":["post-6354","page","type-page","status-publish","hentry"],"aioseo_notices":[],"_links":{"self":[{"href":"https:\/\/www.coach-eco.com\/coach\/wp-json\/wp\/v2\/pages\/6354","targetHints":{"allow":["GET"]}}],"collection":[{"href":"https:\/\/www.coach-eco.com\/coach\/wp-json\/wp\/v2\/pages"}],"about":[{"href":"https:\/\/www.coach-eco.com\/coach\/wp-json\/wp\/v2\/types\/page"}],"author":[{"embeddable":true,"href":"https:\/\/www.coach-eco.com\/coach\/wp-json\/wp\/v2\/users\/4"}],"replies":[{"embeddable":true,"href":"https:\/\/www.coach-eco.com\/coach\/wp-json\/wp\/v2\/comments?post=6354"}],"version-history":[{"count":3,"href":"https:\/\/www.coach-eco.com\/coach\/wp-json\/wp\/v2\/pages\/6354\/revisions"}],"predecessor-version":[{"id":9229,"href":"https:\/\/www.coach-eco.com\/coach\/wp-json\/wp\/v2\/pages\/6354\/revisions\/9229"}],"wp:attachment":[{"href":"https:\/\/www.coach-eco.com\/coach\/wp-json\/wp\/v2\/media?parent=6354"}],"curies":[{"name":"wp","href":"https:\/\/api.w.org\/{rel}","templated":true}]}}