{"id":6261,"date":"2014-10-27T21:02:24","date_gmt":"2014-10-27T21:02:24","guid":{"rendered":"http:\/\/www.coach-eco.com\/coach\/?page_id=6261"},"modified":"2025-10-30T18:27:48","modified_gmt":"2025-10-30T17:27:48","slug":"extrait-journal-officiel-article-23-reglementation-thermique-rt2012-mesure-affichage-comptage-energie","status":"publish","type":"page","link":"https:\/\/www.coach-eco.com\/coach\/extrait-journal-officiel-article-23-reglementation-thermique-rt2012-mesure-affichage-comptage-energie\/","title":{"rendered":"R\u00e8glementation Thermique RT 2012: Mesure, Affichage, Comptage Energie"},"content":{"rendered":"\t\t<div data-elementor-type=\"wp-page\" data-elementor-id=\"6261\" class=\"elementor elementor-6261\" data-elementor-post-type=\"page\">\n\t\t\t\t<div class=\"elementor-element elementor-element-3c92fef9 e-flex e-con-boxed e-con e-parent\" data-id=\"3c92fef9\" data-element_type=\"container\" data-e-type=\"container\">\n\t\t\t\t\t<div class=\"e-con-inner\">\n\t\t\t\t<div class=\"elementor-element elementor-element-8bddc2d elementor-widget elementor-widget-spacer\" data-id=\"8bddc2d\" data-element_type=\"widget\" data-e-type=\"widget\" data-widget_type=\"spacer.default\">\n\t\t\t\t\t\t\t<div class=\"elementor-spacer\">\n\t\t\t<div class=\"elementor-spacer-inner\"><\/div>\n\t\t<\/div>\n\t\t\t\t\t\t<\/div>\n\t\t\t\t<div class=\"elementor-element elementor-element-9077881 elementor-widget elementor-widget-text-editor\" data-id=\"9077881\" data-element_type=\"widget\" data-e-type=\"widget\" data-widget_type=\"text-editor.default\">\n\t\t\t\t\t\t\t\t\t<p style=\"padding-left: 30px;\">R\u00e8glementation Thermique: RT 2012 Mesure, Comptage Energie<\/p>\r\n<span style=\"color: #0000ff;\"><strong>Extrait du Journal Officiel: Article 23 de l\u2019arr\u00eat\u00e9 du 26 octobre 2010 <\/strong><\/span>relatif aux caract\u00e9ristiques thermiques et aux exigences de performance \u00e9nerg\u00e9tique des b\u00e2timents nouveaux et des parties nouvelles de b\u00e2timents.\r\n\r\nArticle 23 de la R\u00e8glementation Thermique RT 2012 &#8211; Mesure &#8211; Indication &#8211; Affichage\u00a0&#8211; Comptage\r\n\r\n&nbsp;\r\n\r\nOutre les 3 exigences de R\u00e9sultat qualifi\u00e9s par les coefficients <span style=\"color: #800080;\"><strong>Bbio<\/strong><\/span>, <span style=\"color: #800080;\"><strong>Cep max<\/strong><\/span>, <span style=\"color: #800080;\"><strong>Tic<\/strong><\/span>, la RT2012 impose un certain nombre d&rsquo;exigence de moyen.\r\n\r\nEn particulier l\u2019<strong><span style=\"color: #0000ff;\">article 23 de l\u2019arr\u00eat\u00e9 du 26 octobre 2010<\/span><\/strong> impose (sauf cas particulier, cf. texte int\u00e9gral en fin de document) pour les logements:\r\n<ul>\r\n\t<li>\r\n<div style=\"padding-left: 30px;\">l\u2019<strong><span style=\"color: #0000ff;\">affichage des consommations par poste<\/span><\/strong>, et la<\/div><\/li>\r\n\t<li>\r\n<div style=\"padding-left: 30px;\"><strong><span style=\"color: #0000ff;\">mesure ou l\u2019estimation des consommations par usage<\/span><\/strong> (chauffage, refroidissement, production d\u2019ECS, r\u00e9seau prises \u00e9lectriques, autres)<\/div><\/li>\r\n<\/ul>\r\n&nbsp;\r\n\r\n&nbsp;\r\n\r\n<strong>Dispositions diverses dans les b\u00e2timents ou parties de b\u00e2timent \u00e0 usage d&rsquo;habitation<\/strong>\r\n\r\n<strong>Art. 23.<\/strong> &#8211; Les maisons individuelles ou accol\u00e9es ainsi que les b\u00e2timents ou parties de b\u00e2timents collectifs d&rsquo;habitation sont \u00e9quip\u00e9s de syst\u00e8mes permettant de mesurer ou d&rsquo;estimer la consommation d&rsquo;\u00e9nergie de chaque logement.\r\n\r\nCes syst\u00e8rnes permettent d&rsquo;informer les occupants, \u00e0<strong><span style=\"color: #800000;\"> minima mensuellement<\/span><\/strong>, de leur consommation d&rsquo;\u00e9nergie.\r\n\r\nCette information est d\u00e9livr\u00e9e dans le <span style=\"color: #800000;\"><strong>volume habitable<\/strong><\/span>, par <strong><span style=\"color: #800000;\">type d&rsquo;\u00e9nergie<\/span><\/strong>,\u00a0\u00e0 minima selon les<strong><span style=\"color: #800000;\"> 5<\/span><\/strong>\u00a0r\u00e9partitions suivantes:\r\n<ol>\r\n\t<li><strong><span style=\"color: #800000;\">chauffage<\/span><\/strong>\r\n<ul>\r\n\t<li>\r\n<div style=\"text-align: left;\">Le poste cuisson gaz sera inclus dans le poste chauffage<\/div><\/li>\r\n<\/ul>\r\n<\/li>\r\n\t<li><span style=\"color: #800000;\"><strong>le refroidissement<\/strong><\/span><\/li>\r\n\t<li><strong><span style=\"color: #800000;\">production d&rsquo;eau chaude sanitaire<\/span><\/strong><\/li>\r\n\t<li><span style=\"color: #800000;\"><strong>r\u00e9seau prises \u00e9lectriques<\/strong><\/span>\r\n<ul>\r\n\t<li>\r\n<div style=\"text-align: left;\">Toutes les prises de courant \u00e0 usage g\u00e9n\u00e9ral sont incluses, ainsi que celles des circuits sp\u00e9cialis\u00e9s (au sens de la NF C 15-100) \u00e0 l\u2019exception de celles destin\u00e9es au p\u00f4le cuisson (cuisini\u00e8re, four et plaque combin\u00e9s), plaque de cuisson ind\u00e9pendante, et four ind\u00e9pendant.<\/div><\/li>\r\n<\/ul>\r\n<\/li>\r\n\t<li><span style=\"color: #800000;\"><strong>autres<\/strong><\/span>\r\n<ul>\r\n\t<li>\r\n<div style=\"text-align: left;\"><span style=\"color: #999999;\">Ce poste ne sera pas mesur\u00e9 mais calcul\u00e9 selon formule (Mesure globale compteur \u2013 postes mesur\u00e9s).<\/span><\/div><\/li>\r\n\t<li>Le p\u00f4le \u00ab cuisson \u00bb \u00e9lectrique (cuisini\u00e8re, plaque ind\u00e9pendante et four ind\u00e9pendant)<\/li>\r\n\t<li>\r\n<div style=\"text-align: left;\">VMC<\/div><\/li>\r\n\t<li>\r\n<div style=\"text-align: left;\">\u00e9clairage<\/div><\/li>\r\n\t<li>\r\n<div style=\"text-align: left;\">s\u00e8che-serviettes<\/div><\/li>\r\n\t<li>\r\n<div style=\"text-align: left;\">piscine<\/div><\/li>\r\n\t<li>\r\n<div style=\"text-align: left;\">ext\u00e9rieur (ouvrants, portail, \u00e9clairage<\/div><\/li>\r\n\t<li>\r\n<div style=\"text-align: left;\">automatismes (alarmes, etc.)<\/div><\/li>\r\n<\/ul>\r\n<\/li>\r\n<\/ol>\r\n<p style=\"text-align: left;\">=&gt; La consommation globale pourra \u00eatre mesur\u00e9e ou reprise sur la t\u00e9l\u00e9 information du compteur (TIC).<\/p>\r\n&nbsp;\r\n\r\nCette r\u00e9partition peut \u00eatre bas\u00e9e soit sur des donn\u00e9es mesur\u00e9es, soit sur des donn\u00e9es estim\u00e9es \u00e0 partir d&rsquo;un param\u00e9trage pr\u00e9alablement d\u00e9fini.\r\n\r\n&nbsp;\r\n\r\n<strong>Disposition relative \u00e0 la production d&rsquo;\u00e9lectricit\u00e9 dans les b\u00e2timents ou parties de b\u00e2timent \u00e0 usage d&rsquo;habitation<\/strong>\r\n\r\n<strong>Art. 30<\/strong>. &#8211; Pour les b\u00e2timents ou parties de b\u00e2timent \u00e0 usage d&rsquo;habitation, la consommation conventionnelle d&rsquo;\u00e9nergie du b\u00e2timent ou de la partie de b\u00e2timent pour le chauffage, le refroidissenrent, la production d&rsquo;eau chaude sanitaire, l&rsquo;\u00e9clairage artificiel des locaux, les auxiliaires de chauffage, de refioidissement, d&rsquo;eau chaude sanitaire et de ventilation, avant d\u00e9duction de la production d&rsquo;\u00e9lectricit\u00e9 \u00e0 demeure, est inf\u00e9rieure ou \u00e9gale \u00e0 : Cep Max. +\u00a012 kWh\/(m2.an) d&rsquo;Energie Primaire.\r\n\r\n<a href=\"https:\/\/www.coach-eco.com\/coach\/wp-content\/uploads\/2014\/10\/RT2012_Comptage_des_Energies.pdf\">Extrait du Journal Officiel\u00a0 du 27 Octobre 2010: RT2012_Comptage_des_Energies<\/a>\r\n\r\n&nbsp;\t\t\t\t\t\t\t\t<\/div>\n\t\t\t\t\t<\/div>\n\t\t\t\t<\/div>\n\t\t\t\t<\/div>\n\t\t","protected":false},"excerpt":{"rendered":"<p>R\u00e8glementation Thermique: RT 2012 Mesure, Comptage Energie Extrait du Journal Officiel: Article 23 de l\u2019arr\u00eat\u00e9 du 26 octobre 2010 relatif aux caract\u00e9ristiques thermiques et aux [&#8230;]<\/p>\n","protected":false},"author":4,"featured_media":0,"parent":0,"menu_order":0,"comment_status":"closed","ping_status":"open","template":"","meta":{"footnotes":""},"class_list":["post-6261","page","type-page","status-publish","hentry"],"aioseo_notices":[],"_links":{"self":[{"href":"https:\/\/www.coach-eco.com\/coach\/wp-json\/wp\/v2\/pages\/6261","targetHints":{"allow":["GET"]}}],"collection":[{"href":"https:\/\/www.coach-eco.com\/coach\/wp-json\/wp\/v2\/pages"}],"about":[{"href":"https:\/\/www.coach-eco.com\/coach\/wp-json\/wp\/v2\/types\/page"}],"author":[{"embeddable":true,"href":"https:\/\/www.coach-eco.com\/coach\/wp-json\/wp\/v2\/users\/4"}],"replies":[{"embeddable":true,"href":"https:\/\/www.coach-eco.com\/coach\/wp-json\/wp\/v2\/comments?post=6261"}],"version-history":[{"count":3,"href":"https:\/\/www.coach-eco.com\/coach\/wp-json\/wp\/v2\/pages\/6261\/revisions"}],"predecessor-version":[{"id":9352,"href":"https:\/\/www.coach-eco.com\/coach\/wp-json\/wp\/v2\/pages\/6261\/revisions\/9352"}],"wp:attachment":[{"href":"https:\/\/www.coach-eco.com\/coach\/wp-json\/wp\/v2\/media?parent=6261"}],"curies":[{"name":"wp","href":"https:\/\/api.w.org\/{rel}","templated":true}]}}