{"id":6080,"date":"2014-10-04T18:46:01","date_gmt":"2014-10-04T18:46:01","guid":{"rendered":"http:\/\/www.coach-eco.com\/coach\/?page_id=6080"},"modified":"2025-10-30T18:10:47","modified_gmt":"2025-10-30T17:10:47","slug":"formulaire-sav-depannage-motorisation-portail","status":"publish","type":"page","link":"https:\/\/www.coach-eco.com\/coach\/formulaire-sav-depannage-motorisation-portail\/","title":{"rendered":"Formulaire SAV \/ Depannage \/ Motorisation Portail"},"content":{"rendered":"\t\t<div data-elementor-type=\"wp-page\" data-elementor-id=\"6080\" class=\"elementor elementor-6080\" data-elementor-post-type=\"page\">\n\t\t\t\t<div class=\"elementor-element elementor-element-f1c006f e-flex e-con-boxed e-con e-parent\" data-id=\"f1c006f\" data-element_type=\"container\" data-e-type=\"container\">\n\t\t\t\t\t<div class=\"e-con-inner\">\n\t\t\t\t<div class=\"elementor-element elementor-element-3e60ec7 elementor-widget elementor-widget-spacer\" data-id=\"3e60ec7\" data-element_type=\"widget\" data-e-type=\"widget\" data-widget_type=\"spacer.default\">\n\t\t\t\t\t\t\t<div class=\"elementor-spacer\">\n\t\t\t<div class=\"elementor-spacer-inner\"><\/div>\n\t\t<\/div>\n\t\t\t\t\t\t<\/div>\n\t\t\t\t<div class=\"elementor-element elementor-element-7bd049e0 elementor-widget elementor-widget-text-editor\" data-id=\"7bd049e0\" data-element_type=\"widget\" data-e-type=\"widget\" data-widget_type=\"text-editor.default\">\n\t\t\t\t\t\t\t\t\tCe formulaire de renseignements a \u00e9t\u00e9 cr\u00e9\u00e9 pour satisfaire au mieux votre demande de <strong><span style=\"color: #0000ff;\">SAV <\/span><\/strong>(Service apr\u00e8s-vente) \/ <strong><span style=\"color: #0000ff;\">Depannage \/ Motorisation<\/span><\/strong> \/ <strong><span style=\"color: #0000ff;\">Gestion Domotique<\/span><\/strong> sur les Portails<span style=\"color: #0000ff;\">.<\/span>\r\n\r\nEn remplissant correctement ce formulaire, nous pourrons ainsi mieux r\u00e9pondre \u00e0 vos attentes.\r\nLes donn\u00e9es \u00e0 remplir dans le formulaire ci-dessous nous sont n\u00e9cessaires pour une r\u00e9ponse s\u00e9rieuse, concise et rapide.\r\n\r\n<span style=\"font-family: Verdana;\">Coach-eco.com <span style=\"color: #0000cc;\"><span style=\"color: #000000;\">Travaille en partenariat avec un<\/span><\/span><strong><span style=\"color: #0000cc;\"> R\u00e9seau de Professionnels Terrain <\/span><\/strong><span style=\"color: #0000cc;\"><span style=\"color: #000000;\">et des <\/span><\/span><strong><span style=\"color: #0000cc;\">Fournisseurs de qualit\u00e9<\/span><\/strong>. Nous intervenons sur les R\u00e9gions:<\/span>\r\n\r\n<span style=\"font-family: Verdana;\"><strong><span style=\"color: #0000ff;\">Nord-pas-de-calais<\/span> (Nord 59, Pas-de-Calais 62)\r\n<\/strong><\/span><span style=\"font-family: Verdana;\"><strong><span style=\"color: #0000ff;\">Picardie<\/span> (Somme 80, Oise 60, Aisne 02)\r\n<\/strong><strong><span style=\"color: #0000ff;\">Champagne-Ardenne<\/span> (Marne 51, Ardennes 08)\r\n<span style=\"color: #0000ff;\">Seine-Maritime<\/span> 76<\/strong><\/span>\r\n\r\n&nbsp;\r\n\r\n<span style=\"font-family: Verdana;\">Les Marques de Motorisations\u00a0d\u00e9pann\u00e9es sont:<\/span>\r\n<ul>\r\n\t<li><\/li>\r\n\t<li><\/li>\r\n\t<li>&#8230;<\/li>\r\n<\/ul>\r\n&nbsp;\r\n\r\n<!--cforms name=\"Formulaire Fiche SAV Portail\"-->\r\n\r\n&nbsp;\r\n\r\n&nbsp;\r\n\r\n&nbsp;\r\n<p style=\"text-align: center;\">Henri DELPLANQUE<\/p>\r\n<p style=\"text-align: center;\">06.85.55.20.75<\/p>\r\n<p style=\"text-align: center;\">Coach-eco.com<\/p>\r\nMon portail ne fonctionne plus\r\n\r\nMotorisation de Portail\r\n\r\nFusible \u00e9clat\u00e9\r\n\r\nRelais HS\t\t\t\t\t\t\t\t<\/div>\n\t\t\t\t\t<\/div>\n\t\t\t\t<\/div>\n\t\t\t\t<\/div>\n\t\t","protected":false},"excerpt":{"rendered":"<p>Ce formulaire de renseignements a \u00e9t\u00e9 cr\u00e9\u00e9 pour satisfaire au mieux votre demande de SAV (Service apr\u00e8s-vente) \/ Depannage \/ Motorisation \/ Gestion Domotique sur [&#8230;]<\/p>\n","protected":false},"author":4,"featured_media":0,"parent":0,"menu_order":0,"comment_status":"closed","ping_status":"open","template":"","meta":{"footnotes":""},"class_list":["post-6080","page","type-page","status-publish","hentry"],"aioseo_notices":[],"_links":{"self":[{"href":"https:\/\/www.coach-eco.com\/coach\/wp-json\/wp\/v2\/pages\/6080","targetHints":{"allow":["GET"]}}],"collection":[{"href":"https:\/\/www.coach-eco.com\/coach\/wp-json\/wp\/v2\/pages"}],"about":[{"href":"https:\/\/www.coach-eco.com\/coach\/wp-json\/wp\/v2\/types\/page"}],"author":[{"embeddable":true,"href":"https:\/\/www.coach-eco.com\/coach\/wp-json\/wp\/v2\/users\/4"}],"replies":[{"embeddable":true,"href":"https:\/\/www.coach-eco.com\/coach\/wp-json\/wp\/v2\/comments?post=6080"}],"version-history":[{"count":3,"href":"https:\/\/www.coach-eco.com\/coach\/wp-json\/wp\/v2\/pages\/6080\/revisions"}],"predecessor-version":[{"id":9202,"href":"https:\/\/www.coach-eco.com\/coach\/wp-json\/wp\/v2\/pages\/6080\/revisions\/9202"}],"wp:attachment":[{"href":"https:\/\/www.coach-eco.com\/coach\/wp-json\/wp\/v2\/media?parent=6080"}],"curies":[{"name":"wp","href":"https:\/\/api.w.org\/{rel}","templated":true}]}}