{"id":5658,"date":"2014-08-27T09:32:14","date_gmt":"2014-08-27T09:32:14","guid":{"rendered":"http:\/\/www.coach-eco.com\/coach\/?page_id=5658"},"modified":"2025-10-30T18:24:35","modified_gmt":"2025-10-30T17:24:35","slug":"pompe-a-chaleur-codes-pannes-et-codes-defauts","status":"publish","type":"page","link":"https:\/\/www.coach-eco.com\/coach\/pompe-a-chaleur-codes-pannes-et-codes-defauts\/","title":{"rendered":"Pompe \u00e0 chaleur: Codes Pannes et Codes D\u00e9fauts"},"content":{"rendered":"\t\t<div data-elementor-type=\"wp-page\" data-elementor-id=\"5658\" class=\"elementor elementor-5658\" data-elementor-post-type=\"page\">\n\t\t\t\t<div class=\"elementor-element elementor-element-7ffd3bb9 e-flex e-con-boxed e-con e-parent\" data-id=\"7ffd3bb9\" data-element_type=\"container\" data-e-type=\"container\">\n\t\t\t\t\t<div class=\"e-con-inner\">\n\t\t\t\t<div class=\"elementor-element elementor-element-3febec0 elementor-widget elementor-widget-spacer\" data-id=\"3febec0\" data-element_type=\"widget\" data-e-type=\"widget\" data-widget_type=\"spacer.default\">\n\t\t\t\t\t\t\t<div class=\"elementor-spacer\">\n\t\t\t<div class=\"elementor-spacer-inner\"><\/div>\n\t\t<\/div>\n\t\t\t\t\t\t<\/div>\n\t\t\t\t<div class=\"elementor-element elementor-element-15e1fc5b elementor-widget elementor-widget-text-editor\" data-id=\"15e1fc5b\" data-element_type=\"widget\" data-e-type=\"widget\" data-widget_type=\"text-editor.default\">\n\t\t\t\t\t\t\t\t\t<span style=\"color: #0000ff;\"><strong>\u00a0Pompe \u00e0 chaleur: Codes Pannes et Codes D\u00e9fauts<\/strong><\/span>\r\n\r\n<span style=\"color: #808080;\">Choisir la marque ci-dessous pour obtenir la liste des Codes Panne<\/span>\r\n\r\n<a title=\"https:\/\/www.coach-eco.com\/coach\/pompe-a-chaleur-codes-pannes-et-codes-defauts-waterkotte\" href=\"https:\/\/www.coach-eco.com\/coach\/pompe-a-chaleur-codes-pannes-et-codes-defauts-waterkotte\" target=\"_blank\">WATERKOTTE<\/a>\r\n\r\n&nbsp;\r\n\r\nBouton Rouge BP allum\u00e9:\r\n\r\nBouton Rouge HP allum\u00e9:\r\n\r\n&nbsp;\r\n\r\nAJTech: H61\r\n\r\n&nbsp;\r\n\r\nLe d\u00e9tecteur de Gaz d\u00e9tecte tout type de Gaz\r\n\r\nQuelques conseils:\r\n\r\nNe pas ouvrir la Machine: Laisser le confinement. S&rsquo;il y a fuite de Gaz, elle sera d&rsquo;autant plus facile \u00e0 trouver\r\n\r\n&nbsp;\r\n\r\nMaxi 4 d\u00e9marrage \u00e0 l&rsquo;heure\r\n\r\n&nbsp;\r\n\r\nLa dur\u00e9s de vie d&rsquo;iun compresseur est donn\u00e9 par ses cycles de d\u00e9marrages et d&rsquo;Arr\u00eats\r\n\r\n&nbsp;\r\n\r\n&nbsp;\r\n\r\nInfos Techniques pour les Mesures Domotique:\r\n<ul>\r\n\t<li>Plancher chauffant: Pas en dessous de 30\u00b0C<\/li>\r\n\t<li>Points de mesure du D\u00e9shu: Delta T\u00b0 Maxi = 3\u00b0C, sinon le filtre sera \u00e0 pr\u00e9voir \u00e0 changer<\/li>\r\n\t<li>Pression Eau \u00e0 Froid = 1 \u00e0 1,5 bar<\/li>\r\n\t<li>Pression Eau \u00e0 Chaud = 1,5 \u00e0 2 bar<\/li>\r\n<\/ul>\r\n&nbsp;\r\n\r\nTest du Compresseur:\r\n<ol>\r\n\t<li>Prendre photo du C\u00e2blage<\/li>\r\n\t<li>D\u00e9brancher le compresseur<\/li>\r\n\t<li>Enclencher le fonctionnement de la PAC<\/li>\r\n<\/ol>\r\n=&gt; Si la Bobine s&rsquo;enclenche et ne saute pas =&gt; Le Compresseur est en d\u00e9faut, un de ses enroulements est certainement HS\t\t\t\t\t\t\t\t<\/div>\n\t\t\t\t\t<\/div>\n\t\t\t\t<\/div>\n\t\t\t\t<\/div>\n\t\t","protected":false},"excerpt":{"rendered":"<p>\u00a0Pompe \u00e0 chaleur: Codes Pannes et Codes D\u00e9fauts Choisir la marque ci-dessous pour obtenir la liste des Codes Panne WATERKOTTE &nbsp; Bouton Rouge BP allum\u00e9: [&#8230;]<\/p>\n","protected":false},"author":4,"featured_media":0,"parent":0,"menu_order":0,"comment_status":"closed","ping_status":"open","template":"","meta":{"footnotes":""},"class_list":["post-5658","page","type-page","status-publish","hentry"],"aioseo_notices":[],"_links":{"self":[{"href":"https:\/\/www.coach-eco.com\/coach\/wp-json\/wp\/v2\/pages\/5658","targetHints":{"allow":["GET"]}}],"collection":[{"href":"https:\/\/www.coach-eco.com\/coach\/wp-json\/wp\/v2\/pages"}],"about":[{"href":"https:\/\/www.coach-eco.com\/coach\/wp-json\/wp\/v2\/types\/page"}],"author":[{"embeddable":true,"href":"https:\/\/www.coach-eco.com\/coach\/wp-json\/wp\/v2\/users\/4"}],"replies":[{"embeddable":true,"href":"https:\/\/www.coach-eco.com\/coach\/wp-json\/wp\/v2\/comments?post=5658"}],"version-history":[{"count":3,"href":"https:\/\/www.coach-eco.com\/coach\/wp-json\/wp\/v2\/pages\/5658\/revisions"}],"predecessor-version":[{"id":9312,"href":"https:\/\/www.coach-eco.com\/coach\/wp-json\/wp\/v2\/pages\/5658\/revisions\/9312"}],"wp:attachment":[{"href":"https:\/\/www.coach-eco.com\/coach\/wp-json\/wp\/v2\/media?parent=5658"}],"curies":[{"name":"wp","href":"https:\/\/api.w.org\/{rel}","templated":true}]}}