{"id":5509,"date":"2013-09-28T16:45:31","date_gmt":"2013-09-28T16:45:31","guid":{"rendered":"http:\/\/www.coach-eco.com\/coach\/?page_id=5509"},"modified":"2025-10-29T20:56:26","modified_gmt":"2025-10-29T19:56:26","slug":"domotique-le-protocole-knx","status":"publish","type":"page","link":"https:\/\/www.coach-eco.com\/coach\/domotique-le-protocole-knx\/","title":{"rendered":"Domotique: Le Protocole KNX"},"content":{"rendered":"\t\t<div data-elementor-type=\"wp-page\" data-elementor-id=\"5509\" class=\"elementor elementor-5509\" data-elementor-post-type=\"page\">\n\t\t\t\t<div class=\"elementor-element elementor-element-2abdcaa5 e-flex e-con-boxed e-con e-parent\" data-id=\"2abdcaa5\" data-element_type=\"container\" data-e-type=\"container\">\n\t\t\t\t\t<div class=\"e-con-inner\">\n\t\t\t\t<div class=\"elementor-element elementor-element-0eb5cd1 elementor-widget elementor-widget-spacer\" data-id=\"0eb5cd1\" data-element_type=\"widget\" data-e-type=\"widget\" data-widget_type=\"spacer.default\">\n\t\t\t\t\t\t\t<div class=\"elementor-spacer\">\n\t\t\t<div class=\"elementor-spacer-inner\"><\/div>\n\t\t<\/div>\n\t\t\t\t\t\t<\/div>\n\t\t\t\t<div class=\"elementor-element elementor-element-19c797e8 elementor-widget elementor-widget-text-editor\" data-id=\"19c797e8\" data-element_type=\"widget\" data-e-type=\"widget\" data-widget_type=\"text-editor.default\">\n\t\t\t\t\t\t\t\t\tDomotique: Le Protocole <strong>KNX <\/strong>est un<strong> Protocole Ouvert<\/strong>\r\n\r\n&nbsp;\r\n<p style=\"text-align: center;\"><strong>KNX<\/strong> est un <strong><span style=\"color: #800000;\">STANDARD MULTIMEDIA<\/span><\/strong> pour tout type de B\u00e2timent<\/p>\r\n<p style=\"text-align: center;\"><strong>KNX<\/strong> est un <strong><span style=\"color: #800000;\">STANDARD MONDIAL<\/span><\/strong> pour le contr\u00f4le de la Maison et le B\u00e2timent<\/p>\r\n<p style=\"text-align: center;\"><strong>KNX<\/strong> est la <strong><span style=\"color: #800000;\">Base<\/span><\/strong> pour toutes les utilisations dans le domaine de l&rsquo;Automatisation et dans n&rsquo;importe quel domaine d&rsquo;application<\/p>\r\n&nbsp;\r\n&nbsp;\r\n<span><strong>KNX<\/strong> : Gestion de l&rsquo; Energie<\/span>\r\n\r\n<span><strong>KNX<\/strong> : Gestion de l&rsquo; Eclairage<\/span>\r\n\r\n<span><strong>KNX <\/strong>: Gestion des Ouvrants (Volets, Stores)<\/span>\r\n\r\n<span><strong>KNX<\/strong> : Gestion du Chauffage<\/span>\r\n\r\n<span><strong>KNX<\/strong> : Gestion de la Ventilation et de l&rsquo; Air Conditionn\u00e9<\/span>\r\n\r\n<span><strong>KNX<\/strong> : Automatisation et l&rsquo; Acc\u00e8s \u00e0 distance<\/span>\r\n\r\n<span><strong>KNX<\/strong> : Supervision sur \u00e9cran tactile<\/span>\r\n\r\n<span><strong>KNX<\/strong> : La s\u00e9curit\u00e9<\/span>\r\n\r\n<span><strong>KNX<\/strong> : Aide\u00a0 aux Personnes \u00e0\u00a0Moblit\u00e9 R\u00e9duite (PMR)<\/span>\r\n\r\n&nbsp;\r\n<div style=\"text-align: center;\"><a href=\"https:\/\/www.coach-eco.com\/coach\/formulaire-info-domotique\" target=\"_blank\">Visiter un site d&rsquo;exception d&rsquo;une Maison du Futur chez un particulier\r\nRencontrer un Int\u00e9grateur-Domoticien exp\u00e9riment\u00e9\r\nRecevoir un Devis pour un Kit Domotique<\/a><\/div>\r\n\r\n&nbsp;\t\t\t\t\t\t\t\t<\/div>\n\t\t\t\t\t<\/div>\n\t\t\t\t<\/div>\n\t\t\t\t<\/div>\n\t\t","protected":false},"excerpt":{"rendered":"<p>Domotique: Le Protocole KNX est un Protocole Ouvert &nbsp; KNX est un STANDARD MULTIMEDIA pour tout type de B\u00e2timent KNX est un STANDARD MONDIAL pour [&#8230;]<\/p>\n","protected":false},"author":4,"featured_media":0,"parent":0,"menu_order":0,"comment_status":"closed","ping_status":"open","template":"","meta":{"footnotes":""},"class_list":["post-5509","page","type-page","status-publish","hentry"],"aioseo_notices":[],"_links":{"self":[{"href":"https:\/\/www.coach-eco.com\/coach\/wp-json\/wp\/v2\/pages\/5509","targetHints":{"allow":["GET"]}}],"collection":[{"href":"https:\/\/www.coach-eco.com\/coach\/wp-json\/wp\/v2\/pages"}],"about":[{"href":"https:\/\/www.coach-eco.com\/coach\/wp-json\/wp\/v2\/types\/page"}],"author":[{"embeddable":true,"href":"https:\/\/www.coach-eco.com\/coach\/wp-json\/wp\/v2\/users\/4"}],"replies":[{"embeddable":true,"href":"https:\/\/www.coach-eco.com\/coach\/wp-json\/wp\/v2\/comments?post=5509"}],"version-history":[{"count":3,"href":"https:\/\/www.coach-eco.com\/coach\/wp-json\/wp\/v2\/pages\/5509\/revisions"}],"predecessor-version":[{"id":9090,"href":"https:\/\/www.coach-eco.com\/coach\/wp-json\/wp\/v2\/pages\/5509\/revisions\/9090"}],"wp:attachment":[{"href":"https:\/\/www.coach-eco.com\/coach\/wp-json\/wp\/v2\/media?parent=5509"}],"curies":[{"name":"wp","href":"https:\/\/api.w.org\/{rel}","templated":true}]}}