{"id":5254,"date":"2013-06-17T09:21:39","date_gmt":"2013-06-17T09:21:39","guid":{"rendered":"http:\/\/www.coach-eco.com\/coach\/?page_id=5254"},"modified":"2013-06-17T09:27:20","modified_gmt":"2013-06-17T09:27:20","slug":"recuperateur-de-chaleur-de-douche","status":"publish","type":"page","link":"https:\/\/www.coach-eco.com\/coach\/recuperateur-de-chaleur-de-douche\/","title":{"rendered":"R\u00e9cup\u00e9rateur de Chaleur de Douche"},"content":{"rendered":"<p>&nbsp;<\/p>\n<h1><span style=\"color: #800000;\">R\u00e9cup\u00e9rateur de Chaleur de Douches: <\/span><\/h1>\n<ul>\n<li>Pas de consommation d&rsquo;\u00e9lectricit\u00e9<\/li>\n<li>Pas de maintenance<\/li>\n<li>Pas de source de panne<\/li>\n<li>Tr\u00e8s peu encombrant<\/li>\n<\/ul>\n<p><strong><span style=\"color: #800000;\">Le principe g\u00e9n\u00e9ral du R\u00e9cup\u00e9rateur de Chaleur de Douche Recoh Vert de chez Gaia Green:<\/span><\/strong> <strong><span style=\"color: #000000;\">L&rsquo;Eau Chaude (38\u00b0C)<\/span><\/strong> sort de la <strong>poire de la Douche<\/strong> et perd 5\u00b0C avant d&rsquo;arriver dans le <span style=\"color: #000000;\"><strong>bac \u00e0 Douche<\/strong><\/span>. <strong>L&rsquo;Eau Chaude us\u00e9e (33\u00b0C)<\/strong> va s&rsquo;\u00e9couler par Gravit\u00e9 par l&rsquo;int\u00e9rieur du tube en Cuivre. Un sens de rotation lui est donn\u00e9 en amont par des coudes. <strong>L&rsquo;Eau Froide (10\u00b0C)<\/strong> arrive du r\u00e9seau et rentre dans le <strong>R\u00e9cup\u00e9rateur de Chaleur de Douche<\/strong> par le Bas et circule \u00e0 contre-courant de la chute d&rsquo; <strong>Eau Us\u00e9e<\/strong>. L&rsquo; <strong>Eau Froide<\/strong> r\u00e9cup\u00e8re ainsi les calories de l&rsquo; <strong>Eau us\u00e9e de la Douche<\/strong>. Le <strong>Robinet Thermostatique<\/strong> de la <strong>Douche<\/strong> g\u00e9re l&rsquo;adaptation de T\u00b0<strong> Eau Chaude<\/strong> \/ T\u00b0 <strong>Eau froide r\u00e9chauff\u00e9e <\/strong>pour garder une constance de <strong>38\u00b0C<\/strong>. <a href=\"https:\/\/www.coach-eco.com\/coach\/wp-content\/uploads\/2013\/05\/Gaia-Green-Sch-ma-RV-1.png\"><img decoding=\"async\" class=\"aligncenter size-medium wp-image-4897\" title=\"Recuperateur de Chaleur de Douche Recoh-Vert Gaia-Green\" src=\"https:\/\/www.coach-eco.com\/coach\/wp-content\/uploads\/2013\/05\/Gaia-Green-Sch-ma-RV-1-143x300.png\" alt=\"\" width=\"143\" height=\"300\" srcset=\"https:\/\/www.coach-eco.com\/coach\/wp-content\/uploads\/2013\/05\/Gaia-Green-Sch-ma-RV-1-143x300.png 143w, https:\/\/www.coach-eco.com\/coach\/wp-content\/uploads\/2013\/05\/Gaia-Green-Sch-ma-RV-1.png 366w\" sizes=\"(max-width: 143px) 100vw, 143px\" \/><\/a> <span style=\"color: #800000;\"><strong>Le principe en d\u00e9tail du R\u00e9cup\u00e9rateur de Chaleur de Douche Recoh Vert:<\/strong><\/span> <a href=\"https:\/\/www.coach-eco.com\/coach\/wp-content\/uploads\/2013\/05\/Gaia-Green-Schema-de-Principe-Recoh-Vert3.png\"><img fetchpriority=\"high\" decoding=\"async\" class=\"aligncenter size-medium wp-image-4917\" title=\"Gaia Green Schema de Principe Recoh Vert\" src=\"https:\/\/www.coach-eco.com\/coach\/wp-content\/uploads\/2013\/05\/Gaia-Green-Schema-de-Principe-Recoh-Vert3-231x300.png\" alt=\"\" width=\"231\" height=\"300\" srcset=\"https:\/\/www.coach-eco.com\/coach\/wp-content\/uploads\/2013\/05\/Gaia-Green-Schema-de-Principe-Recoh-Vert3-231x300.png 231w, https:\/\/www.coach-eco.com\/coach\/wp-content\/uploads\/2013\/05\/Gaia-Green-Schema-de-Principe-Recoh-Vert3.png 419w\" sizes=\"(max-width: 231px) 100vw, 231px\" \/><\/a> <strong><span style=\"color: #800000;\">Les donn\u00e9es du fabricant:<\/span><\/strong><\/p>\n<ul>\n<li>Longueur du R\u00e9cup\u00e9rateur de Calories de douches se d\u00e9cline sous diff\u00e9rentes Longueurs<\/li>\n<li>Mat\u00e9riel totalement en Cuivre:<\/li>\n<ul>\n<li>Anti-Bact\u00e9rien<\/li>\n<li>Pas de probl\u00e8me de corrosion<\/li>\n<\/ul>\n<\/ul>\n<ul>\n<li><span style=\"color: #008000;\"><strong>L&rsquo;Efficacit\u00e9 du R\u00e9cup\u00e9rateur de Chaleur de Douche est donn\u00e9e comme constante dans le temps par le fabricant<\/strong><\/span><\/li>\n<\/ul>\n<p>Ce syst\u00e8me de <strong>R\u00e9cup\u00e9rateur de Chaleur de Douche<\/strong> a \u00e9t\u00e9 choisi en test par coach-eco car il est totalement passif (ne consomme pas d&rsquo;Energie). <strong> <\/strong><\/p>\n<h1><\/h1>\n<p>&nbsp;<\/p>\n<p><strong><em>Remarque Globale:<\/em><\/strong><\/p>\n<p style=\"text-align: center;\">Bient\u00f4t:<\/p>\n<ul>\n<li>\n<div style=\"text-align: center;\">Les photos montrant le <span style=\"color: #800000;\"><strong>R\u00e9cup\u00e9rateur de Chaleur de Douche<\/strong><\/span> Equip\u00e9 des appareils de Mesures<\/div>\n<\/li>\n<\/ul>\n<p style=\"text-align: center;\">La repr\u00e9sentation graphique des Courbes de Mesures<\/p>\n<p style=\"text-align: center;\">O\u00f9 peut-on trouver:<\/p>\n<p style=\"text-align: center;\">Le syst\u00e8me <strong><span style=\"color: #800000;\"><strong>R\u00e9cup\u00e9rateur de Chaleur de Douche<\/strong><\/span><\/strong><\/p>\n<p style=\"text-align: center;\">Le syst\u00e8me <strong><span style=\"color: #800000;\"><strong>Domotique de Mesure de Temp\u00e9rature \/ D\u00e9bit<\/strong><\/span><\/strong><\/p>\n","protected":false},"excerpt":{"rendered":"<p>&nbsp; R\u00e9cup\u00e9rateur de Chaleur de Douches: Pas de consommation d&rsquo;\u00e9lectricit\u00e9 Pas de maintenance Pas de source de panne Tr\u00e8s peu encombrant Le principe g\u00e9n\u00e9ral du [&#8230;]<\/p>\n","protected":false},"author":4,"featured_media":0,"parent":0,"menu_order":0,"comment_status":"closed","ping_status":"open","template":"","meta":{"footnotes":""},"class_list":["post-5254","page","type-page","status-publish","hentry"],"aioseo_notices":[],"_links":{"self":[{"href":"https:\/\/www.coach-eco.com\/coach\/wp-json\/wp\/v2\/pages\/5254","targetHints":{"allow":["GET"]}}],"collection":[{"href":"https:\/\/www.coach-eco.com\/coach\/wp-json\/wp\/v2\/pages"}],"about":[{"href":"https:\/\/www.coach-eco.com\/coach\/wp-json\/wp\/v2\/types\/page"}],"author":[{"embeddable":true,"href":"https:\/\/www.coach-eco.com\/coach\/wp-json\/wp\/v2\/users\/4"}],"replies":[{"embeddable":true,"href":"https:\/\/www.coach-eco.com\/coach\/wp-json\/wp\/v2\/comments?post=5254"}],"version-history":[{"count":0,"href":"https:\/\/www.coach-eco.com\/coach\/wp-json\/wp\/v2\/pages\/5254\/revisions"}],"wp:attachment":[{"href":"https:\/\/www.coach-eco.com\/coach\/wp-json\/wp\/v2\/media?parent=5254"}],"curies":[{"name":"wp","href":"https:\/\/api.w.org\/{rel}","templated":true}]}}