{"id":4730,"date":"2013-05-07T18:55:59","date_gmt":"2013-05-07T18:55:59","guid":{"rendered":"http:\/\/www.coach-eco.com\/coach\/?page_id=4730"},"modified":"2025-10-29T20:54:33","modified_gmt":"2025-10-29T19:54:33","slug":"domotique-la-domotique-en-images","status":"publish","type":"page","link":"https:\/\/www.coach-eco.com\/coach\/domotique-la-domotique-en-images\/","title":{"rendered":"Domotique: La Domotique en Images"},"content":{"rendered":"\t\t<div data-elementor-type=\"wp-page\" data-elementor-id=\"4730\" class=\"elementor elementor-4730\" data-elementor-post-type=\"page\">\n\t\t\t\t<div class=\"elementor-element elementor-element-1b41cbb5 e-flex e-con-boxed e-con e-parent\" data-id=\"1b41cbb5\" data-element_type=\"container\" data-e-type=\"container\">\n\t\t\t\t\t<div class=\"e-con-inner\">\n\t\t\t\t<div class=\"elementor-element elementor-element-3bcb6312 elementor-widget elementor-widget-text-editor\" data-id=\"3bcb6312\" data-element_type=\"widget\" data-e-type=\"widget\" data-widget_type=\"text-editor.default\">\n\t\t\t\t\t\t\t\t\t<p>\u00a0<\/p><p style=\"text-align: center;\"><span style=\"color: #999999;\"><strong>\u00a0Domotique<br \/><\/strong><\/span><strong><span style=\"color: #800000;\">Suivre<\/span><\/strong> la consommation Instantan\u00e9e\u00a0<span style=\"color: #800000;\"><strong>Electrique<\/strong><\/span><\/p><ul><li>Pour rep\u00e9rer les Pics de consommations Electriques<\/li><li>Pour\u00a0optimiser la puissance du compteur G\u00e9n\u00e9ral d&rsquo;Electricit\u00e9 (optimiser le choix de l&rsquo;abonnement)<\/li><li>Justifier la mise en place\u00a0d&rsquo;un d\u00e9lesteur<\/li><li>V\u00e9rifier l&rsquo;\u00e9quilibrage de votre r\u00e9seau en 380V tri<\/li><\/ul><p><span style=\"color: #800000;\"><a href=\"https:\/\/www.coach-eco.com\/coach\/wp-content\/uploads\/2013\/05\/Graphique_Conso_Electrique3.png\"><span style=\"color: #800000;\"><img fetchpriority=\"high\" decoding=\"async\" class=\"aligncenter size-large wp-image-4739\" title=\"Domotique Graphique Consommation Electrique\" src=\"https:\/\/www.coach-eco.com\/coach\/wp-content\/uploads\/2013\/05\/Graphique_Conso_Electrique3-1024x429.png\" alt=\"\" width=\"681\" height=\"269\" \/><\/span><\/a><\/span><\/p><p style=\"text-align: center;\">\u00a0<span style=\"color: #999999;\"><strong>\u00a0<\/strong><\/span><\/p><p style=\"text-align: center;\"><span style=\"color: #999999;\"><strong>Domotique<br \/><\/strong><\/span><span style=\"color: #0000ff;\"><strong>Suivre<\/strong><\/span> la consommation de l&rsquo; <span style=\"color: #0000ff;\"><strong>Eau<\/strong><\/span><\/p><ul><li>Pour\u00a0rep\u00e9rer une anomalie sur le circuit d&rsquo;eau: Fuite d&rsquo;eau (Tuyauterie enterr\u00e9e&#8230;)<\/li><li>Valider une action technique\u00a0pour la ma\u00eetrise de l&rsquo;eau\u00a0(Economiseur d&rsquo;Eau, Brise-jet&#8230;)<\/li><\/ul><p style=\"text-align: center;\"><a href=\"https:\/\/www.coach-eco.com\/coach\/wp-content\/uploads\/2013\/05\/Graphique_Conso_Eau_Journali\u00e8re.png\"><img decoding=\"async\" class=\"aligncenter size-large wp-image-4742\" title=\"Domotique Graphique Consommation Eau Journali\u00e8re\" src=\"https:\/\/www.coach-eco.com\/coach\/wp-content\/uploads\/2013\/05\/Graphique_Conso_Eau_Journali\u00e8re-1024x419.png\" alt=\"\" width=\"683\" height=\"266\" \/><\/a><\/p><p style=\"text-align: center;\"><strong><span style=\"color: #999999;\">Domotique<br \/><\/span><\/strong><span style=\"color: #800080;\"><strong>Synoptique<\/strong><\/span> de Repr\u00e9sentation de Consommations d&rsquo; <strong><span style=\"color: #800080;\">Eau<\/span><\/strong><\/p><p style=\"text-align: center;\"><a href=\"https:\/\/www.coach-eco.com\/coach\/wp-content\/uploads\/2013\/05\/Synoptique_Eau_Conso.png\"><img decoding=\"async\" class=\"aligncenter size-full wp-image-4744\" title=\"Domotique Synoptique Consommation Eau\" src=\"https:\/\/www.coach-eco.com\/coach\/wp-content\/uploads\/2013\/05\/Synoptique_Eau_Conso.png\" alt=\"\" width=\"681\" height=\"219\" \/><\/a><\/p><p style=\"text-align: center;\"><span style=\"color: #999999;\"><strong>Domotique<br \/><\/strong><\/span><span style=\"color: #800000;\"><strong>Synth\u00e9tiser<\/strong><\/span> les Consommations en <span style=\"color: #800000;\"><strong>Kw<\/strong><\/span>, en <span style=\"color: #800000;\"><strong>Euros<\/strong><\/span>, en <span style=\"color: #800000;\"><strong>kgC02<\/strong><\/span><\/p><p style=\"text-align: center;\"><a href=\"https:\/\/www.coach-eco.com\/coach\/wp-content\/uploads\/2013\/05\/Synoptique_Elec_Conso_Kw_Euro_CO2.png\"><img loading=\"lazy\" decoding=\"async\" class=\"aligncenter size-full wp-image-4747\" title=\"Domotique Synoptique Electricit\u00e9 Consommation Kw Euro CO2\" src=\"https:\/\/www.coach-eco.com\/coach\/wp-content\/uploads\/2013\/05\/Synoptique_Elec_Conso_Kw_Euro_CO2.png\" alt=\"\" width=\"685\" height=\"209\" srcset=\"https:\/\/www.coach-eco.com\/coach\/wp-content\/uploads\/2013\/05\/Synoptique_Elec_Conso_Kw_Euro_CO2.png 961w, https:\/\/www.coach-eco.com\/coach\/wp-content\/uploads\/2013\/05\/Synoptique_Elec_Conso_Kw_Euro_CO2-300x92.png 300w\" sizes=\"(max-width: 685px) 100vw, 685px\" \/><\/a><\/p><p style=\"text-align: center;\"><strong><span style=\"color: #999999;\">Domotique<br \/><\/span><\/strong><span style=\"color: #800080;\"><strong>Analyser<\/strong><\/span> l&rsquo;ensoleillement d&rsquo;une fa\u00e7ade pour optimiser la gestion des volets\u00a0de <strong><span style=\"color: #800080;\">Parois vitr\u00e9es<\/span><\/strong><\/p><p style=\"text-align: center;\"><img loading=\"lazy\" decoding=\"async\" class=\"aligncenter size-medium wp-image-4829\" title=\"Domotique Graphique Ensoleillement Lux\" src=\"https:\/\/www.coach-eco.com\/coach\/wp-content\/uploads\/2013\/05\/Graphique_Ensoleillement-300x193.png\" alt=\"\" width=\"625\" height=\"256\" \/><\/p><p style=\"text-align: center;\"><span style=\"color: #999999;\"><strong>Domotique<br \/><\/strong><\/span><strong><span style=\"color: #800000;\">Visualiser<\/span><\/strong> les param\u00e8tres du\u00a0fonctionnement de la\u00a0<span style=\"color: #800000;\"><strong>VMC<\/strong><\/span><\/p><ul><li>Pour optimiser le fonctionnement de la VMC en prenant en compte les param\u00e8tres:<ul><li>Li\u00e9s \u00e0 l&rsquo;occupation de la maison<ul><li>Temp\u00e9rature Int\u00e9rieure<\/li><li>Hygrom\u00e9trie<\/li><\/ul><\/li><li>Li\u00e9s aux conditions Ext\u00e9rieures<ul><li>Temp\u00e9rature Ext\u00e9rieure<\/li><li>Hygrom\u00e9trie<\/li><li>Vitesse du vent<\/li><\/ul><\/li><\/ul><\/li><\/ul><p><a href=\"https:\/\/www.coach-eco.com\/coach\/wp-content\/uploads\/2013\/05\/Synoptique_VMC.png\"><img loading=\"lazy\" decoding=\"async\" class=\"aligncenter size-full wp-image-4834\" title=\"Domotique Synoptique VMC\" src=\"https:\/\/www.coach-eco.com\/coach\/wp-content\/uploads\/2013\/05\/Synoptique_VMC.png\" alt=\"\" width=\"672\" height=\"192\" \/><\/a><\/p><p>\u00a0<\/p><p>\u00a0<\/p><p style=\"text-align: center;\"><strong><span style=\"color: #999999;\">Domotique<br \/><\/span><\/strong><span style=\"color: #800080;\"><strong>Param\u00e9trer et Personnaliser<\/strong><\/span> sa propre\u00a0<strong><span style=\"color: #800080;\">Station M\u00e9t\u00e9o<\/span><\/strong><\/p><p style=\"text-align: center;\"><a href=\"https:\/\/www.coach-eco.com\/coach\/wp-content\/uploads\/2013\/05\/Synoptique_Meteo_01.png\"><img loading=\"lazy\" decoding=\"async\" class=\"aligncenter size-full wp-image-4841\" title=\"Domotique Station Meteo\" src=\"https:\/\/www.coach-eco.com\/coach\/wp-content\/uploads\/2013\/05\/Synoptique_Meteo_01.png\" alt=\"\" width=\"364\" height=\"406\" srcset=\"https:\/\/www.coach-eco.com\/coach\/wp-content\/uploads\/2013\/05\/Synoptique_Meteo_01.png 364w, https:\/\/www.coach-eco.com\/coach\/wp-content\/uploads\/2013\/05\/Synoptique_Meteo_01-268x300.png 268w\" sizes=\"(max-width: 364px) 100vw, 364px\" \/><\/a><\/p><p>\u00a0<\/p><p style=\"text-align: center;\">Vous pouvez\u00a0int\u00e9grer tous ces \u00e9l\u00e9ments sur un \u00e9cran tactile, une tablette, votre smartphone. Vous pouvez ainsi avoir acc\u00e8s \u00e0 ces donn\u00e9es \u00e0 distance. Pour toute information contacter un int\u00e9grateur Domoticien en cliquant ci-dessous.<\/p><p>\u00a0<\/p><div style=\"text-align: center;\"><a href=\"https:\/\/www.coach-eco.com\/coach\/formulaire-info-domotique\" target=\"_blank\" rel=\"noopener\">Visiter un site d&rsquo;exception d&rsquo;une Maison du Futur chez un particulier<br \/>Rencontrer un Int\u00e9grateur-Domoticien exp\u00e9riment\u00e9<br \/>Recevoir un Devis pour un Kit Domotique<\/a><\/div>\t\t\t\t\t\t\t\t<\/div>\n\t\t\t\t\t<\/div>\n\t\t\t\t<\/div>\n\t\t\t\t<\/div>\n\t\t","protected":false},"excerpt":{"rendered":"<p>\u00a0 \u00a0DomotiqueSuivre la consommation Instantan\u00e9e\u00a0Electrique Pour rep\u00e9rer les Pics de consommations Electriques Pour\u00a0optimiser la puissance du compteur G\u00e9n\u00e9ral d&rsquo;Electricit\u00e9 (optimiser le choix de l&rsquo;abonnement) Justifier [&#8230;]<\/p>\n","protected":false},"author":4,"featured_media":0,"parent":0,"menu_order":0,"comment_status":"closed","ping_status":"open","template":"","meta":{"footnotes":""},"class_list":["post-4730","page","type-page","status-publish","hentry"],"aioseo_notices":[],"_links":{"self":[{"href":"https:\/\/www.coach-eco.com\/coach\/wp-json\/wp\/v2\/pages\/4730","targetHints":{"allow":["GET"]}}],"collection":[{"href":"https:\/\/www.coach-eco.com\/coach\/wp-json\/wp\/v2\/pages"}],"about":[{"href":"https:\/\/www.coach-eco.com\/coach\/wp-json\/wp\/v2\/types\/page"}],"author":[{"embeddable":true,"href":"https:\/\/www.coach-eco.com\/coach\/wp-json\/wp\/v2\/users\/4"}],"replies":[{"embeddable":true,"href":"https:\/\/www.coach-eco.com\/coach\/wp-json\/wp\/v2\/comments?post=4730"}],"version-history":[{"count":3,"href":"https:\/\/www.coach-eco.com\/coach\/wp-json\/wp\/v2\/pages\/4730\/revisions"}],"predecessor-version":[{"id":9081,"href":"https:\/\/www.coach-eco.com\/coach\/wp-json\/wp\/v2\/pages\/4730\/revisions\/9081"}],"wp:attachment":[{"href":"https:\/\/www.coach-eco.com\/coach\/wp-json\/wp\/v2\/media?parent=4730"}],"curies":[{"name":"wp","href":"https:\/\/api.w.org\/{rel}","templated":true}]}}