{"id":4607,"date":"2013-04-19T18:09:37","date_gmt":"2013-04-19T18:09:37","guid":{"rendered":"http:\/\/www.coach-eco.com\/coach\/?page_id=4607"},"modified":"2025-10-28T18:26:31","modified_gmt":"2025-10-28T17:26:31","slug":"traiter-vaincre-humidite-murs","status":"publish","type":"page","link":"https:\/\/www.coach-eco.com\/coach\/traiter-vaincre-humidite-murs\/","title":{"rendered":"Comment Traiter, Vaincre l&rsquo;humidit\u00e9 des murs"},"content":{"rendered":"\t\t<div data-elementor-type=\"wp-page\" data-elementor-id=\"4607\" class=\"elementor elementor-4607\" data-elementor-post-type=\"page\">\n\t\t\t\t<div class=\"elementor-element elementor-element-ac39e69 e-flex e-con-boxed e-con e-parent\" data-id=\"ac39e69\" data-element_type=\"container\" data-e-type=\"container\">\n\t\t\t\t\t<div class=\"e-con-inner\">\n\t\t\t\t<div class=\"elementor-element elementor-element-3663d209 elementor-widget elementor-widget-text-editor\" data-id=\"3663d209\" data-element_type=\"widget\" data-e-type=\"widget\" data-widget_type=\"text-editor.default\">\n\t\t\t\t\t\t\t\t\t<p>Comment rendre agr\u00e9able \u00e0 vivre une maison pr\u00e9sentant de gros probl\u00e8mes d&rsquo;humidit\u00e9 ?<\/p><p>\u00a0<\/p><p><strong>Les solutions pour Traiter, Vaincre l&rsquo;humidit\u00e9 des murs<br \/><\/strong><\/p><p style=\"padding-left: 30px;\"><span style=\"text-decoration: underline;\">Le syst\u00e8me \u00a0A\u00c9RAULEC \u00ae<\/span>\u00a0\u00a0\u00a0\u00a0\u00a0\u00a0\u00a0\u00a0\u00a0<strong><span style=\"color: #339966;\"><a href=\"https:\/\/www.coach-eco.com\/coach\/wp-content\/uploads\/2013\/04\/AERAULEC_Traitement_Murs_Humides_18-03-2013.pdf\">(AERAULEC_Traitement_Murs_Humides_18-03-2013 en .pdf)<\/a><\/span><\/strong><\/p><p>Le syst\u00e8me\u00a0A\u00c9RAULEC \u00ae, est un syst\u00e8me brevet\u00e9 et fran\u00e7ais (origine\u00a0Picardie, NOEL Marc)\u00a0pour la <span style=\"color: #0000ff;\"><strong>r\u00e9novation \u00e9nerg\u00e9tique durable du b\u00e2ti ancien<\/strong><\/span> comportant des <strong><span style=\"color: #800000;\">murs humides<\/span><\/strong>. Gr\u00e2ce au\u00a0syst\u00e8me A\u00c9RAULEC \u00ae,\u00a0la<strong><span style=\"color: #0000ff;\"> durabilit\u00e9 de l&rsquo;isolation thermique<\/span><\/strong> est concili\u00e9e avec la pr\u00e9sence permanente d&rsquo;humidit\u00e9 due aux <strong><span style=\"color: #800000;\">remont\u00e9es capillaires dans les murs<\/span><\/strong>.<\/p><p>\u00a0<\/p><p><em>Le principe Technique du syst\u00e8me\u00a0<\/em>A\u00c9RAULEC \u00ae:<\/p><p>Confin\u00e9e dans des <strong><span style=\"color: #800000;\">espaces tampons de faible \u00e9paisseur<\/span><\/strong> entre les <strong><span style=\"color: #800000;\">murs humides<\/span><\/strong> et l&rsquo; <strong><span style=\"color: #800000;\">isolation thermique<\/span><\/strong>, l&rsquo; <strong><span style=\"color: #800000;\">humidit\u00e9<\/span><\/strong> est chass\u00e9e par balayage avec de l&rsquo;air neuf pr\u00e9lev\u00e9 \u00e0 l&rsquo;ext\u00e9rieur.<\/p><p>Des conduites perfor\u00e9es\u00a0sont plac\u00e9es dans les espaces tampons pour r\u00e9aliser un balayage uniforme.<\/p><ul><li>Des conduites de <strong><span style=\"color: #0000ff;\">soufflage<\/span><\/strong> pour\u00a0l&rsquo; <strong><span style=\"color: #800000;\">air neuf<\/span><\/strong><\/li><li>Des conduites d&rsquo; <strong><span style=\"color: #0000ff;\">aspiration<\/span><\/strong> pour\u00a0l&rsquo; <strong><span style=\"color: #800000;\">air humide<\/span><\/strong><\/li><\/ul><p><em>Effets du syst\u00e8me <\/em>A\u00c9RAULEC \u00ae:<\/p><p>Tous les mat\u00e9riaux d&rsquo;isolation int\u00e9rieure et de parement qui recouvrent les murs humides <strong><span style=\"color: #0000ff;\">restent totalement prot\u00e9g\u00e9s de l&rsquo;humidit\u00e9<\/span><\/strong> et <span style=\"color: #0000ff;\"><strong>les murs conservent leur \u00e9quilibre hygroscopique.<\/strong><\/span><\/p><p>L&rsquo; <strong><span style=\"color: #0000ff;\">assainissement<\/span><\/strong> des locaux s&rsquo;obtient d\u00e8s la mise en service du syst\u00e8me A\u00c9RAULEC\u00ae, ce qui permet l&rsquo;am\u00e9nagement int\u00e9rieur sans d\u00e9lai pour un confort d\u00e9finitif.<\/p><p>Les avantages et l&rsquo;efficacit\u00e9 d&rsquo; A\u00c9RAULEC \u00ae sont confirm\u00e9s et attest\u00e9s avec succ\u00e8s par retours d&rsquo;exp\u00e9riences depuis 2001. Chaque projet de r\u00e9alisation est \u00e9tudi\u00e9 pour r\u00e9pondre aux sp\u00e9cificit\u00e9s de l&rsquo;application consid\u00e9r\u00e9e.<\/p><p style=\"text-align: center;\"><span style=\"color: #008000;\"><strong>Le syst\u00e8me A\u00c9RAULEC \u00ae est un nouveau moyen innovant pour engager \u00e0 faible co\u00fbt la r\u00e9novation \u00e9nerg\u00e9tique durable du b\u00e2ti ancien avec murs humides.<\/strong><\/span><\/p><p>\u00a0<\/p><ul><li>Le temp\u00e9rage pour vaincre l&rsquo;humidit\u00e9<\/li><\/ul><p>\u00a0<\/p>\t\t\t\t\t\t\t\t<\/div>\n\t\t\t\t\t<\/div>\n\t\t\t\t<\/div>\n\t\t\t\t<\/div>\n\t\t","protected":false},"excerpt":{"rendered":"<p>Comment rendre agr\u00e9able \u00e0 vivre une maison pr\u00e9sentant de gros probl\u00e8mes d&rsquo;humidit\u00e9 ? \u00a0 Les solutions pour Traiter, Vaincre l&rsquo;humidit\u00e9 des murs Le syst\u00e8me \u00a0A\u00c9RAULEC [&#8230;]<\/p>\n","protected":false},"author":4,"featured_media":0,"parent":0,"menu_order":0,"comment_status":"closed","ping_status":"open","template":"","meta":{"footnotes":""},"class_list":["post-4607","page","type-page","status-publish","hentry"],"aioseo_notices":[],"_links":{"self":[{"href":"https:\/\/www.coach-eco.com\/coach\/wp-json\/wp\/v2\/pages\/4607","targetHints":{"allow":["GET"]}}],"collection":[{"href":"https:\/\/www.coach-eco.com\/coach\/wp-json\/wp\/v2\/pages"}],"about":[{"href":"https:\/\/www.coach-eco.com\/coach\/wp-json\/wp\/v2\/types\/page"}],"author":[{"embeddable":true,"href":"https:\/\/www.coach-eco.com\/coach\/wp-json\/wp\/v2\/users\/4"}],"replies":[{"embeddable":true,"href":"https:\/\/www.coach-eco.com\/coach\/wp-json\/wp\/v2\/comments?post=4607"}],"version-history":[{"count":3,"href":"https:\/\/www.coach-eco.com\/coach\/wp-json\/wp\/v2\/pages\/4607\/revisions"}],"predecessor-version":[{"id":8972,"href":"https:\/\/www.coach-eco.com\/coach\/wp-json\/wp\/v2\/pages\/4607\/revisions\/8972"}],"wp:attachment":[{"href":"https:\/\/www.coach-eco.com\/coach\/wp-json\/wp\/v2\/media?parent=4607"}],"curies":[{"name":"wp","href":"https:\/\/api.w.org\/{rel}","templated":true}]}}