{"id":4456,"date":"2013-03-30T21:14:23","date_gmt":"2013-03-30T21:14:23","guid":{"rendered":"http:\/\/www.coach-eco.com\/coach\/?page_id=4456"},"modified":"2025-10-29T20:53:42","modified_gmt":"2025-10-29T19:53:42","slug":"disjoncteurs-pour-pompes-a-chaleur-geothermie-aerothermie","status":"publish","type":"page","link":"https:\/\/www.coach-eco.com\/coach\/disjoncteurs-pour-pompes-a-chaleur-geothermie-aerothermie\/","title":{"rendered":"Disjoncteurs pour Pompes \u00e0 Chaleur: G\u00e9othermie, A\u00e9rothermie"},"content":{"rendered":"\t\t<div data-elementor-type=\"wp-page\" data-elementor-id=\"4456\" class=\"elementor elementor-4456\" data-elementor-post-type=\"page\">\n\t\t\t\t<div class=\"elementor-element elementor-element-4ca6d236 e-flex e-con-boxed e-con e-parent\" data-id=\"4ca6d236\" data-element_type=\"container\" data-e-type=\"container\">\n\t\t\t\t\t<div class=\"e-con-inner\">\n\t\t\t\t<div class=\"elementor-element elementor-element-0869706 elementor-widget elementor-widget-spacer\" data-id=\"0869706\" data-element_type=\"widget\" data-e-type=\"widget\" data-widget_type=\"spacer.default\">\n\t\t\t\t\t\t\t<div class=\"elementor-spacer\">\n\t\t\t<div class=\"elementor-spacer-inner\"><\/div>\n\t\t<\/div>\n\t\t\t\t\t\t<\/div>\n\t\t\t\t<div class=\"elementor-element elementor-element-62f4ef0 elementor-widget elementor-widget-text-editor\" data-id=\"62f4ef0\" data-element_type=\"widget\" data-e-type=\"widget\" data-widget_type=\"text-editor.default\">\n\t\t\t\t\t\t\t\t\t<span style=\"color: #0000ff;\"><strong>Disjoncteurs pour Pompes \u00e0 Chaleur Aerothermie (Air-Eau)<\/strong><\/span>\r\n\r\n&nbsp;\r\n\r\nLe \u00a0\u00bb <span style=\"color: #0000ff;\"><strong><strong>Tableau Disjoncteurs pour Pompes \u00e0 Chaleur Aerothermie (Air-Eau)<\/strong><\/strong><\/span> \u00a0\u00bb <strong><span style=\"color: #ff6600;\">est en cours de construction<\/span><\/strong>:\r\n\r\n&nbsp;\r\n\r\n[table \u201c\u201d not found \/]<br \/>\n<br \/>\n\r\n\r\n&nbsp;\r\n\r\n<em>Abr\u00e9viations utilis\u00e9es dans les Tableaux:<\/em>\r\n<ul>\r\n\t<li>UI = Unit\u00e9 Int\u00e9rieure<\/li>\r\n\t<li>EU = Unit\u00e9 Ext\u00e9rieure<\/li>\r\n<\/ul>\r\n&nbsp;\r\n\r\nRemarque:\r\n\r\nL&rsquo;Unit\u00e9 Ext\u00e9rieure est identique pour les 2 Solutions ci-dessous:\r\n<ul>\r\n\t<li>Daikin Altherma Bi-Bloc Basse Temp\u00e9rature 2\u00e8 G\u00e9n\u00e9ration, Mod\u00e8le au sol avec Ballon ECS Int\u00e9gr\u00e9<\/li>\r\n\t<li>Daikin Altherma Bi-Bloc Basse Temp\u00e9rature 2\u00e8 G\u00e9n\u00e9ration, Mod\u00e8le mural<\/li>\r\n<\/ul>\r\n&nbsp;\r\n\r\nLes tableaux de donn\u00e9es ci-dessus sont \u00e0 titre informatifs. Coach-eco.com ne peut \u00eatre tenu responsable d&rsquo;une erreur quelconque. Il convient \u00e0 l&rsquo;utilisateur de v\u00e9rifier les donn\u00e9es aupr\u00e8s d&rsquo;un professionnel comp\u00e9tent. Les donn\u00e9es pouvant \u00eatre modifi\u00e9es par le fabricant.\r\n<h1><\/h1>\r\n<h1>Nouvelle g\u00e9n\u00e9ration de pompe \u00e0 chaleur air\/eau DAIKIN ALTHERMA bi-bloc basse temp\u00e9rature adapt\u00e9e au BBC<\/h1>\r\n&nbsp;\r\n\r\n<span style=\"color: #ba0000;\"><strong>LES EXIGENCES DE PERFORMANCE LI\u00c9ES AU BBC ET RT2012<\/strong><\/span>\r\n\r\nPour atteindre un niveau ambitieux de consommation fix\u00e9 \u00e0 50kWhep\/m\u00b2a. La nouvelle pompe \u00e0 chaleur Daikin Altherma Bi-Bloc Basse Temp\u00e9rature &#8211; et notamment le mod\u00e8le 4kW &#8211; a \u00e9t\u00e9 con\u00e7ue et optimis\u00e9e sp\u00e9cifiquement pour les maisons Basse consommation (BBC). Elle offre des rendements plus \u00e9lev\u00e9s qui g\u00e9n\u00e8re une \u00e9conomie de fonctionnement consid\u00e9rable pour les utilisateurs gr\u00e2ce \u00e0 un cop de 5,04.\r\n\r\nCette g\u00e9n\u00e9ration de pompes \u00e0 chaleur air\/eau Daikin Altherma Bi-Bloc Basse Temp\u00e9rature, r\u00e9pond ainsi aux besoins des maisons neuves BBC et \u00e0 la RT2012.\r\n\r\n<strong>Daikin a revu l&rsquo;ensemble des composants de sa pompe \u00e0 chaleur Daikin Altherma <\/strong>aussi bien en mode chauffage, qu&rsquo;en mode Eau Chaude Sanitaire :\r\n<ul>\r\n\t<li><span style=\"font-size: xx-small;\">\u2022<\/span> L<strong>&lsquo;\u00e9changeur suspendu<\/strong> pour r\u00e9duire les consommations li\u00e9es \u00e0 l&rsquo;utilisation de cordon chauffant et pour \u00e9liminer les risques de prise en glace. Fonctionnement garantie par -25\u00b0C ext\u00e9rieur.<\/li>\r\n\t<li><span style=\"font-size: xx-small;\">\u2022<\/span> <strong>Nouvelle gamme d&rsquo;\u00e9changeurs \u00e0 plaque<\/strong>s avec une surface d&rsquo;\u00e9change plus importantes<\/li>\r\n\t<li><span style=\"font-size: xx-small;\">\u2022<\/span> <strong>Nouveau ballon ECS<\/strong> int\u00e9gr\u00e9 en inox am\u00e9lior\u00e9e de 19%.<\/li>\r\n\t<li><span style=\"font-size: xx-small;\">\u2022<\/span> <strong>Nouvelle t\u00e9l\u00e9commande<\/strong> avec exigence en termes de comptage d&rsquo;\u00e9nergie et possibilit\u00e9 de suivi des consommations<\/li>\r\n\t<li><span style=\"font-size: xx-small;\">\u2022<\/span> <strong>Nouvelle gamme compl\u00e8te de compresseurs <\/strong>\u00e0 haut rendement<\/li>\r\n\t<li><span style=\"font-size: xx-small;\">\u2022<\/span> <strong>Nouvelle g\u00e9n\u00e9ration de carte Inverter<\/strong><\/li>\r\n\t<li><span style=\"font-size: xx-small;\">\u2022<\/span> <strong>Nouvelle pompe de circulation de classe A<\/strong> qui permet de diminuer la consommation d&rsquo;\u00e9lectricit\u00e9<\/li>\r\n<\/ul>\r\n<span style=\"color: #ba0000;\"><strong>EXIGENCES DES INSTALLATEURS<\/strong><\/span>\r\n\r\nInstallation rapide, mise en service et\u00a0maintenance\u00a0 facilit\u00e9es.\r\n<ul>\r\n\t<li><span style=\"font-size: xx-small;\">\u2022<\/span><strong> Facile et rapide \u00e0 installer :<\/strong> l&rsquo;ensemble des composants (hydrauliques ou frigorifiques) est accessible par la face avant<\/li>\r\n\t<li><span style=\"font-size: xx-small;\">\u2022<\/span> <strong>Dimensions r\u00e9duites :<\/strong> seulement H1732 x L728 x P600 mm<\/li>\r\n\t<li><span style=\"font-size: xx-small;\">\u2022<\/span> <strong>Mise en service et maintenance simplifi\u00e9e<\/strong> avec nouvelle t\u00e9l\u00e9commande<\/li>\r\n\t<li><span style=\"font-size: xx-small;\">\u2022<\/span> <strong>Maintenance :<\/strong> L&rsquo;ensemble des valeurs de la pompe \u00e0 chaleur sont disponibles ainsi que les 20 derniers codes erreurs.<\/li>\r\n<\/ul>\r\n&nbsp;\r\n\r\n<span style=\"color: #ba0000;\"><strong>UNE GAMME SIMPLE ET EFFICACE<\/strong><\/span>\r\n\r\n<strong>Unit\u00e9s int\u00e9rieures<\/strong>\r\nLa nouvelle gamme Daikin Altherma Basse T\u00e9mp\u00e9rature Bi-Bloc propose 2 types d&rsquo;unit\u00e9s int\u00e9rieures\r\n\r\n<strong>Unit\u00e9 murale<\/strong>\r\nDimensions : H890 x L480 x P347mm\r\nDisponible en version chaud seul ou r\u00e9versible.\r\n\r\n<strong>Unit\u00e9 int\u00e9gr\u00e9e<\/strong>\r\nDimension H1732 x L728 x P600 mm.\r\nDisponible en version chaud seul ou r\u00e9versible.\r\nTous les composants hydrauliques, le ballon ECS et les connexions sont contenus dans l&rsquo;unit\u00e9.\r\n\r\n&nbsp;\t\t\t\t\t\t\t\t<\/div>\n\t\t\t\t\t<\/div>\n\t\t\t\t<\/div>\n\t\t\t\t<\/div>\n\t\t","protected":false},"excerpt":{"rendered":"<p>Disjoncteurs pour Pompes \u00e0 Chaleur Aerothermie (Air-Eau) &nbsp; Le \u00a0\u00bb Tableau Disjoncteurs pour Pompes \u00e0 Chaleur Aerothermie (Air-Eau) \u00a0\u00bb est en cours de construction: &nbsp; [&#8230;]<\/p>\n","protected":false},"author":4,"featured_media":0,"parent":0,"menu_order":0,"comment_status":"closed","ping_status":"open","template":"","meta":{"footnotes":""},"class_list":["post-4456","page","type-page","status-publish","hentry"],"aioseo_notices":[],"_links":{"self":[{"href":"https:\/\/www.coach-eco.com\/coach\/wp-json\/wp\/v2\/pages\/4456","targetHints":{"allow":["GET"]}}],"collection":[{"href":"https:\/\/www.coach-eco.com\/coach\/wp-json\/wp\/v2\/pages"}],"about":[{"href":"https:\/\/www.coach-eco.com\/coach\/wp-json\/wp\/v2\/types\/page"}],"author":[{"embeddable":true,"href":"https:\/\/www.coach-eco.com\/coach\/wp-json\/wp\/v2\/users\/4"}],"replies":[{"embeddable":true,"href":"https:\/\/www.coach-eco.com\/coach\/wp-json\/wp\/v2\/comments?post=4456"}],"version-history":[{"count":3,"href":"https:\/\/www.coach-eco.com\/coach\/wp-json\/wp\/v2\/pages\/4456\/revisions"}],"predecessor-version":[{"id":9066,"href":"https:\/\/www.coach-eco.com\/coach\/wp-json\/wp\/v2\/pages\/4456\/revisions\/9066"}],"wp:attachment":[{"href":"https:\/\/www.coach-eco.com\/coach\/wp-json\/wp\/v2\/media?parent=4456"}],"curies":[{"name":"wp","href":"https:\/\/api.w.org\/{rel}","templated":true}]}}