{"id":4292,"date":"2013-03-13T07:48:38","date_gmt":"2013-03-13T07:48:38","guid":{"rendered":"http:\/\/www.coach-eco.com\/coach\/?page_id=4292"},"modified":"2025-10-30T18:21:27","modified_gmt":"2025-10-30T17:21:27","slug":"loi-brottes-loi-creant-le-bonus-malus-sur-les-factures-denergie","status":"publish","type":"page","link":"https:\/\/www.coach-eco.com\/coach\/loi-brottes-loi-creant-le-bonus-malus-sur-les-factures-denergie\/","title":{"rendered":"Loi BROTTES:  loi cr\u00e9ant le Bonus-Malus sur les Factures d&rsquo;Energie"},"content":{"rendered":"\t\t<div data-elementor-type=\"wp-page\" data-elementor-id=\"4292\" class=\"elementor elementor-4292\" data-elementor-post-type=\"page\">\n\t\t\t\t<div class=\"elementor-element elementor-element-5e450b17 e-flex e-con-boxed e-con e-parent\" data-id=\"5e450b17\" data-element_type=\"container\" data-e-type=\"container\">\n\t\t\t\t\t<div class=\"e-con-inner\">\n\t\t\t\t<div class=\"elementor-element elementor-element-959a372 elementor-widget elementor-widget-spacer\" data-id=\"959a372\" data-element_type=\"widget\" data-e-type=\"widget\" data-widget_type=\"spacer.default\">\n\t\t\t\t\t\t\t<div class=\"elementor-spacer\">\n\t\t\t<div class=\"elementor-spacer-inner\"><\/div>\n\t\t<\/div>\n\t\t\t\t\t\t<\/div>\n\t\t\t\t<div class=\"elementor-element elementor-element-19ddf9d6 elementor-widget elementor-widget-text-editor\" data-id=\"19ddf9d6\" data-element_type=\"widget\" data-e-type=\"widget\" data-widget_type=\"text-editor.default\">\n\t\t\t\t\t\t\t\t\tLoi BROTTES: Loi cr\u00e9ant le Bonus-Malus sur les Factures d&rsquo;Energies\r\n\r\n<span style=\"color: #800000;\"><strong>Tarification Progressive des Energies<\/strong><\/span> et <strong><span style=\"color: #800000;\">Mesures Relatives \u00e0 l&rsquo;Eolien<\/span><\/strong>.\r\n(proposition de Loi port\u00e9e par Fran\u00e7ois BROTTES, Pr\u00e9sident de la Commission des Affaires Economiques)\r\nEntr\u00e9e en vigueur au 1er Janvier 2015\r\n\r\n&nbsp;\r\n<p style=\"text-align: center;\"><span style=\"color: #800000;\"><strong>Loi Bonus-Malus\r\nTarification Progressive des Energies<\/strong><\/span><\/p>\r\nApr\u00e8s la premi\u00e8re version initiale d\u00e9pos\u00e9e en Septembre 2012, puis rejet\u00e9 par le S\u00e9nat \u00e0 la fin du mois d&rsquo;octobre 2012,\u00a0puis remani\u00e9e,\u00a0vot\u00e9e et adopt\u00e9e d\u00e9finitivement par l&rsquo;Assembl\u00e9e Nationale le lundi 11 Mars 2013. Enfin, en Avril 2013, le Conseil constitutionnel a censur\u00e9 l&rsquo;instauration du bonus-malus sur la facture d&rsquo;\u00e9nergie de la loi \u00ab\u00a0Brottes\u00a0\u00bb. La Proposition de loi cr\u00e9ant le <strong>Bonus-Malus<\/strong> sur les factures d&rsquo;\u00e9nergie\u00a0devait\u00a0permettre des avanc\u00e9es dans la lutte contre la pr\u00e9carit\u00e9 \u00e9nerg\u00e9tique.\r\n<div>\r\n<div>Delphine Batho, a annonc\u00e9 qu&rsquo;une \u00ab\u00a0<em>solution nouvelle et juridiquement solide<\/em>\u00a0\u00bb serait pr\u00e9sent\u00e9e en octobre 2013, dans le cadre du projet de loi de programmation sur la transition \u00e9nerg\u00e9tique.<\/div>\r\n<\/div>\r\n<div>\r\n<div>La ministre de l&rsquo;Ecologie explique, dans un communiqu\u00e9, que \u00ab\u00a0<em>le conseil constitutionnel n&rsquo;a pas censur\u00e9 le bonus-malus dans son principe mais dans son p\u00e9rim\u00e8tre d&rsquo;application<\/em>\u00ab\u00a0.<\/div>\r\n<\/div>\r\nCe texte pr\u00e9voit d&rsquo;instaurer un <strong>Bonus-Malus<\/strong> \u00e0 compter de 2016 sur la facture d&rsquo;\u00e9nergie afin de favoriser la sobri\u00e9t\u00e9 \u00e9nerg\u00e9tique, \u00ab <strong>premi\u00e8re phase \u00bb de la transition \u00e9nerg\u00e9tique<\/strong>.\r\n\r\n&nbsp;\r\n\r\nLe <strong>Bonus-Malus<\/strong> est <span style=\"color: #0000ff;\"><strong>calcul\u00e9 en fonction d&rsquo;un volume de base d\u00e9fini \u00e0 partir du niveau consomm\u00e9 par le quart des foyers les plus sobres<\/strong><\/span>.\r\n<ul>\r\n\t<li>Un foyer qui consommera moins que ce seuil sera r\u00e9compens\u00e9 par un <strong>Bonus<\/strong>.<\/li>\r\n\t<li>Un foyer qui consommera trois fois le seuil sera p\u00e9nalis\u00e9 par un <strong>Malus<\/strong>.<\/li>\r\n<\/ul>\r\n&nbsp;\r\n\r\nLes <strong>3 crit\u00e8res cumulatifs<\/strong> retenus pour d\u00e9terminer ce <strong>Bonus-Malus:<\/strong>\r\n<ul>\r\n\t<li>La composition du foyer<\/li>\r\n\t<li>La localisation g\u00e9ographique<\/li>\r\n\t<li>Le mode de chauffage<\/li>\r\n<\/ul>\r\n&nbsp;\r\n\r\n<em>Premier temps:<\/em>\r\n\r\nLe p\u00e9rim\u00e8tre d&rsquo;application dans l&rsquo;\u00e9nergie sera limit\u00e9 aux \u00e9nergies dites \u00ab de r\u00e9seau \u00bb:\r\n<ul>\r\n\t<li>l&rsquo;\u00e9lectricit\u00e9<\/li>\r\n\t<li>le gaz naturel<\/li>\r\n<\/ul>\r\n&nbsp;\r\n\r\n<em>Deuxi\u00e8me temps: d\u00e9cision ult\u00e9rieure<\/em>\r\n\r\nLe p\u00e9rim\u00e8tre d&rsquo;application sera \u00e9tendu aux \u00e9nergies dites \u00ab hors r\u00e9seau \u00bb:\r\n<ul>\r\n\t<li>Le fioul<\/li>\r\n\t<li>Le GPL<\/li>\r\n\t<li>Le bois de chauffage<\/li>\r\n<\/ul>\r\n&nbsp;\r\n\r\n<em>Autre p\u00e9rim\u00e8tre d&rsquo;application:<\/em>\r\n\r\nLe projet de loi pr\u00e9voit aussi l&rsquo;exp\u00e9rimentation d&rsquo;une <strong>tarification progressive des tarifs de l&rsquo;eau<\/strong>. Les <strong>r\u00e9sidences secondaires<\/strong> seront aussi concern\u00e9es, mais elles seront seulement assujetties au <strong>Malus<\/strong>. Il<span style=\"color: #0000ff;\"><strong> sera calcul\u00e9 en fonction d&rsquo;un seuil fix\u00e9 \u00e0 la moiti\u00e9 de la consommation annuelle d&rsquo;une personne seule<\/strong><\/span>.\r\n\r\n&nbsp;\r\n<p style=\"text-align: center;\"><span style=\"color: #800000;\"><strong>Loi Bonus-Malus\r\nMesures Relatives \u00e0 l&rsquo;Eolien<\/strong><\/span><\/p>\r\n&nbsp;\r\n\r\nLa loi adopt\u00e9e comporte \u00e9galement diverses mesures pour le d\u00e9veloppement de l&rsquo;\u00e9nergie \u00e9olienne.\r\n<ul>\r\n\t<li>Suppression des ZDE (Zones de d\u00e9veloppement de l&rsquo;\u00e9olien) qui se superposaient avec les SRCAE (Sch\u00e9mas r\u00e9gionaux climat air \u00e9nergie)<\/li>\r\n\t<li>Disparition de la r\u00e8gle des cinq m\u00e2ts qui bloquait de nombreux projets de petite taille dans l&rsquo;Ouest du pays (Pays de la Loire, Bretagne, Basse-Normandie)<\/li>\r\n\t<li>D\u00e9rogation \u00e0 la loi Littoral pour les territoires d&rsquo;outre-mer (\u00e0 l&rsquo;image de ce qui a \u00e9t\u00e9 d\u00e9cid\u00e9 pour la Guadeloupe)<\/li>\r\n\t<li>Permettre le raccordement \u00e0 terre des \u00e9nergies marines renouvelables (\u00e9olien offshore, hydroliennes)<\/li>\r\n<\/ul>\r\n&nbsp;\r\n\r\n&nbsp;\r\n\r\nLa FEE (association France Energie Eolienne)\u00a0 \u00ab\u00a0l&rsquo;adoption de la loi va permettre \u00e0 la France de rester dans le top 5 des producteurs d&rsquo;\u00e9nergies \u00e9oliennes en Europe, dans le sens d&rsquo;une transition \u00e9nerg\u00e9tique raisonn\u00e9e\u00a0\u00bb.\r\n\r\nLe SER estime que les mesures de simplification faciliteront le d\u00e9veloppement d&rsquo;installations de dimensions modestes, adapt\u00e9es \u00e0 la topographie et aux paysages de nombreuses r\u00e9gions rurales.\r\n\r\nLes deux organisations soulignent toutefois qu&rsquo;il reste encore des verrous au d\u00e9veloppement de l&rsquo;\u00e9nergie \u00e9olienne en France:\r\n<ul>\r\n\t<li>Le mode de calcul des co\u00fbts de raccordement au r\u00e9seau \u00e9lectrique<\/li>\r\n\t<li>La s\u00e9curisation de l&rsquo;arr\u00eat\u00e9 tarifaire<\/li>\r\n<\/ul>\r\nIncertitude qui persiste sur le tarif d&rsquo;achat du kWh \u00e9olien\u00a0\u00bb. Quelques adaptations r\u00e9glementaires restent donc encore \u00e0 mettre en \u0153uvre pour rassurer les investisseurs, industriels et porteurs de projets.\r\n\r\n&nbsp;\r\n\r\nAvril 2013\r\n\r\n<strong>Les simplifications pour l&rsquo;\u00e9olien maintenues<\/strong>\r\nDeux autres mesures contest\u00e9es de la loi Brottes, ont \u00e9t\u00e9 valid\u00e9es par le Conseil constitutionnel. Elles portaient sur:\r\n<ul>\r\n\t<li>la proc\u00e9dure d&rsquo;effacement des consommations d&rsquo;\u00e9nergie<\/li>\r\n\t<li>les dispositions relatives aux \u00e9oliennes.<\/li>\r\n<\/ul>\t\t\t\t\t\t\t\t<\/div>\n\t\t\t\t\t<\/div>\n\t\t\t\t<\/div>\n\t\t\t\t<\/div>\n\t\t","protected":false},"excerpt":{"rendered":"<p>Loi BROTTES: Loi cr\u00e9ant le Bonus-Malus sur les Factures d&rsquo;Energies Tarification Progressive des Energies et Mesures Relatives \u00e0 l&rsquo;Eolien. (proposition de Loi port\u00e9e par Fran\u00e7ois [&#8230;]<\/p>\n","protected":false},"author":4,"featured_media":0,"parent":0,"menu_order":0,"comment_status":"closed","ping_status":"open","template":"","meta":{"footnotes":""},"class_list":["post-4292","page","type-page","status-publish","hentry"],"aioseo_notices":[],"_links":{"self":[{"href":"https:\/\/www.coach-eco.com\/coach\/wp-json\/wp\/v2\/pages\/4292","targetHints":{"allow":["GET"]}}],"collection":[{"href":"https:\/\/www.coach-eco.com\/coach\/wp-json\/wp\/v2\/pages"}],"about":[{"href":"https:\/\/www.coach-eco.com\/coach\/wp-json\/wp\/v2\/types\/page"}],"author":[{"embeddable":true,"href":"https:\/\/www.coach-eco.com\/coach\/wp-json\/wp\/v2\/users\/4"}],"replies":[{"embeddable":true,"href":"https:\/\/www.coach-eco.com\/coach\/wp-json\/wp\/v2\/comments?post=4292"}],"version-history":[{"count":3,"href":"https:\/\/www.coach-eco.com\/coach\/wp-json\/wp\/v2\/pages\/4292\/revisions"}],"predecessor-version":[{"id":9297,"href":"https:\/\/www.coach-eco.com\/coach\/wp-json\/wp\/v2\/pages\/4292\/revisions\/9297"}],"wp:attachment":[{"href":"https:\/\/www.coach-eco.com\/coach\/wp-json\/wp\/v2\/media?parent=4292"}],"curies":[{"name":"wp","href":"https:\/\/api.w.org\/{rel}","templated":true}]}}