{"id":3589,"date":"2012-11-14T13:43:50","date_gmt":"2012-11-14T13:43:50","guid":{"rendered":"http:\/\/www.coach-eco.com\/coach\/?page_id=3589"},"modified":"2025-10-29T20:54:42","modified_gmt":"2025-10-29T19:54:42","slug":"domotique-la-domotique-cest-quoi","status":"publish","type":"page","link":"https:\/\/www.coach-eco.com\/coach\/domotique-la-domotique-cest-quoi\/","title":{"rendered":"Domotique: La Domotique, c&rsquo;est quoi?"},"content":{"rendered":"\t\t<div data-elementor-type=\"wp-page\" data-elementor-id=\"3589\" class=\"elementor elementor-3589\" data-elementor-post-type=\"page\">\n\t\t\t\t<div class=\"elementor-element elementor-element-3c24d2f0 e-flex e-con-boxed e-con e-parent\" data-id=\"3c24d2f0\" data-element_type=\"container\" data-e-type=\"container\">\n\t\t\t\t\t<div class=\"e-con-inner\">\n\t\t\t\t<div class=\"elementor-element elementor-element-1fff333 elementor-widget elementor-widget-spacer\" data-id=\"1fff333\" data-element_type=\"widget\" data-e-type=\"widget\" data-widget_type=\"spacer.default\">\n\t\t\t\t\t\t\t<div class=\"elementor-spacer\">\n\t\t\t<div class=\"elementor-spacer-inner\"><\/div>\n\t\t<\/div>\n\t\t\t\t\t\t<\/div>\n\t\t\t\t<div class=\"elementor-element elementor-element-50142f71 elementor-widget elementor-widget-text-editor\" data-id=\"50142f71\" data-element_type=\"widget\" data-e-type=\"widget\" data-widget_type=\"text-editor.default\">\n\t\t\t\t\t\t\t\t\t<strong><em><span style=\"text-decoration: underline;\">La Domotique, c\u2019est un nouvel art de vivre, alors n\u2019en doutez plus, une approche s\u2019impose\u00a0!!!<\/span><\/em><\/strong>\r\n\r\n&nbsp;\r\n\r\nLa <span style=\"color: #0000ff;\"><strong>domotique<\/strong><\/span> est une sp\u00e9cialit\u00e9 du b\u00e2timent qui regroupe l&rsquo;ensemble des technologies permettant de <strong><span style=\"color: #800080;\">superviser<\/span><\/strong>, d&rsquo;<strong><span style=\"color: #800080;\">automatiser<\/span><\/strong>, de <strong><span style=\"color: #800080;\">programmer<\/span><\/strong> et de <strong><span style=\"color: #800080;\">coordonner<\/span><\/strong> les gestions de <strong><span style=\"color: #008000;\">confort<\/span><\/strong>, de <strong><span style=\"color: #008000;\">s\u00e9curit\u00e9<\/span><\/strong>, de <strong><span style=\"color: #008000;\">maintenance<\/span><\/strong>, de <span style=\"color: #008000;\"><strong>services<\/strong><\/span> et d\u2019<strong><span style=\"color: #008000;\">efficacit\u00e9 \u00e9nerg\u00e9tique<\/span><\/strong> dans l&rsquo;habitat individuel ou collectif.\r\n\r\nEn r\u00e9sum\u00e9, concevoir une maison vivante et \u00e9conome, un habitat prot\u00e9g\u00e9, un bien-\u00eatre sur mesure.\r\n\r\nIl s&rsquo;agit donc d&rsquo;automatiser des t\u00e2ches et de les coordonner entre elles pour tirer tout le b\u00e9n\u00e9fice d\u2019une gestion centralis\u00e9e optimis\u00e9e.\r\n\r\n&nbsp;\r\n\r\n<span style=\"text-decoration: underline;\"><span style=\"color: #0000ff; text-decoration: underline;\"><em><strong>Les protocoles de communication<\/strong><\/em><\/span><\/span> se pr\u00e9sentent sous <em><span style=\"color: #0000ff;\"><strong><span style=\"text-decoration: underline;\">deux technologies<\/span><\/strong>\u00a0<\/span><\/em>:\r\n<ul>\r\n\t<li><span style=\"color: #0000ff;\"><strong>Le syst\u00e8me propri\u00e9taire:\r\n<\/strong><\/span>sp\u00e9cifiquement d\u00e9fini par un fabricant, vous lie enti\u00e8rement aux produits de cette marque et vous oblige \u00e0 vous \u00e9quiper uniquement avec son mat\u00e9riel.<\/li>\r\n<\/ul>\r\n==&gt; Ce type de <span style=\"color: #800080;\"><strong>protocole<\/strong><\/span> de communication est dit \u00ab\u00a0<span style=\"color: #800080;\"><strong>ferm\u00e9\u00a0<\/strong><\/span>\u00bb.\r\n<ul>\r\n\t<li><strong><span style=\"color: #0000ff;\">Le syst\u00e8me ouvert et inter-op\u00e9rable KNX:\r\n<\/span><\/strong>standard mondial pour la gestion technique des b\u00e2timents r\u00e9sidentiels et tertiaires, vous permet de marier plus de 220 fabricants entre eux et ainsi exploiter les qualit\u00e9s essentielles de chacun.<\/li>\r\n<\/ul>\r\n==&gt; Ce <span style=\"color: #800080;\"><strong>protocole <\/strong><\/span><span style=\"color: #0000ff;\"><span style=\"color: #000000;\">de communication est<\/span><\/span>\u00a0dit \u00ab\u00a0<span style=\"color: #800080;\"><strong>disponible\u00a0<\/strong><\/span>\u00bb. Ce protocole a f\u00eat\u00e9 ses vingt ans en 2010.\u00a0Il<span style=\"font-size: small;\"><span style=\"font-family: Times New Roman;\">\u00a0<\/span>assure ainsi \u00e0 ses utilisateurs une grande libert\u00e9 d&rsquo;achat des \u00e9quipements (sans se limiter aux produits d&rsquo;un fabricant en particulier) et une p\u00e9rennit\u00e9 des installations (au-del\u00e0 des \u00e9volutions des am\u00e9nagements). <\/span>\r\n\r\n&nbsp;\r\n\r\nAvec une grande \u00e9volutivit\u00e9, la <span style=\"color: #0000ff;\"><strong>domotique<\/strong><\/span> vise \u00e0 assurer des fonctions de gestion:\r\n<ul>\r\n\t<li>d&rsquo;<strong>\u00e9nergie<\/strong> (programmation du chauffage)<\/li>\r\n\t<li>de <strong>confort<\/strong> (\u00e9clairage, chauffage, ouverture\/fermeture des volets, ventilation)<\/li>\r\n\t<li>de <strong>s\u00e9curit\u00e9<\/strong> (alarme)<\/li>\r\n\t<li>de <strong>communication<\/strong> (multim\u00e9dia, commandes \u00e0 distance)\r\nque l&rsquo;on peut retrouver dans la maison.<\/li>\r\n<\/ul>\r\n&nbsp;\r\n\r\n<strong>La <span style=\"color: #0000ff;\">domotique\u00a0<\/span> n&rsquo;est pas r\u00e9serv\u00e9e aux installations neuves.<\/strong>\r\n\r\nIl est tr\u00e8s facile aujourd&rsquo;hui de domotiser une partie ou la globalit\u00e9 de votre habitation tout en respectant votre int\u00e9rieur (liaison sans fil, courant porteur&#8230;).\r\n\r\n&nbsp;\r\n\r\n&nbsp;\r\n\r\n<strong><span style=\"text-decoration: underline;\">Gr\u00e2ce \u00e0 la domotique et \u00e0 l&rsquo;automatisation, la maison devient :<\/span><\/strong>\r\n<ul>\r\n\t<li><strong>Plus \u00e9volutive<\/strong><\/li>\r\n<\/ul>\r\nPar la souplesse des \u00e9quipements \u00e9lectriques, il est possible de rajouter ou de modifier l&rsquo;installation \u00e9lectrique au fur et \u00e0 mesure de vos besoins.\r\n<ul>\r\n\t<li><strong>Plus \u00e9conomique<\/strong><\/li>\r\n<\/ul>\r\nLa <strong><span style=\"color: #0000ff;\">domotique<\/span><\/strong> offre une meilleure gestion de l&rsquo;\u00e9nergie (\u00e9clairage, consommation \u00e9lectrique, chauffage)\r\n<ul>\r\n\t<li><strong>Plus confortable<\/strong><\/li>\r\n<\/ul>\r\nLa <span style=\"color: #0000ff;\"><strong>domotique<\/strong><\/span> am\u00e9liore la qualit\u00e9 de vie et le bien-\u00eatre des occupants par l&rsquo;automatisation de certaines t\u00e2ches r\u00e9p\u00e9titives (l&rsquo;\u00e9clairage, le chauffage, l&rsquo;alarme, les volets, le portail ou l&rsquo;arrosage) depuis la maison ou \u00e0 distance.\r\n<ul>\r\n\t<li><strong>Plus s\u00e9curis\u00e9e<\/strong><\/li>\r\n<\/ul>\r\nLa <span style=\"color: #0000ff;\"><strong>domotique<\/strong><\/span> associ\u00e9e \u00e0 votre syst\u00e8me d&rsquo;alarme prot\u00e8ge les biens et les personnes :\r\n<ul>\r\n\t<li>en pilotant votre syst\u00e8me d&rsquo;alarmes, alarme anti-intrusion et\/ou alarme technique (d\u00e9tections d&rsquo;inondation, d&rsquo;incendie et de coupure de courant)<\/li>\r\n\t<li>en informant le propri\u00e9taire ou la t\u00e9l\u00e9surveillance (appel t\u00e9l\u00e9phonique automatique) d&rsquo;une tentative d\u2019intrusion<\/li>\r\n\t<li>en contr\u00f4lant les acc\u00e8s (visiophone, cam\u00e9ra de surveillance accessible depuis un mobile)<\/li>\r\n<\/ul>\r\nEn cas d&rsquo;alarme, un \u00e9clairage dissuasif peut \u00eatre envisag\u00e9 automatiquement ou command\u00e9 \u00e0 distance (i Phone, i Pad, Smartphone, Internet).\r\n<ul>\r\n\t<li><strong>Plus MultiMedia<\/strong><\/li>\r\n<\/ul>\r\nLa <strong><span style=\"color: #0000ff;\">domotique<\/span><\/strong> permet aussi de cr\u00e9er des ambiances musicales diff\u00e9rentes selon les pi\u00e8ces de votre maison.\r\n<ul>\r\n\t<li><strong>Plus ajust\u00e9e aux personnes handicap\u00e9es<\/strong><\/li>\r\n<\/ul>\r\nLa <span style=\"color: #0000ff;\"><strong>domotique<\/strong><\/span> offre de multiples assistances aux personnes handicap\u00e9es dans leur quotidien. Gr\u00e2ce \u00e0 un boitier ergonomique multifonction, toutes les activit\u00e9s n\u00e9cessaires \u00e0 l&rsquo;autonomie de la personne sont regroup\u00e9es: appel d&rsquo;urgence aux num\u00e9ros de portables de votre choix, ouvertures simplifi\u00e9es de portes, volets, \u00e9clairage, hifi, t\u00e9l\u00e9vision&#8230;\r\n<ul>\r\n\t<li><strong>Plus adapt\u00e9e aux personnes \u00e2g\u00e9es<\/strong><\/li>\r\n<\/ul>\r\nLa <span style=\"color: #0000ff;\"><strong>domotique<\/strong><\/span> vous accompagne dans vos gestes r\u00e9p\u00e9titifs: elle automatise l\u2019\u00e9clairage, les volets, le chauffage ou l\u2019ouverture \/ fermeture des portes, l&rsquo;alarme.\r\n\r\nVous pouvez \u00e9galement sans abonnement b\u00e9n\u00e9ficier d&rsquo;un bip de secours pour appeler automatiquement ou \u00eatre \u00e9cout\u00e9 par vos proches sur leurs portables (en cas de chute ou de malaise par exemple).\r\n\r\n&nbsp;\r\n\r\n<strong><span style=\"text-decoration: underline;\">Pour une nouvelle construction ou une grosse r\u00e9novation, il est d\u00e9raisonnable d\u2019encore adopter la solution traditionnelle.<\/span><\/strong>\r\n\r\nLa solution traditionnelle est relativement fig\u00e9e, peu flexible et ne permet pas de modifier simplement une installation existante et plus tard, l\u2019investissement pour le maintien \u00e0 domicile sera tr\u00e8s on\u00e9reux.\r\n<ul>\r\n\t<li>Adopter une solution <strong><span style=\"color: #0000ff;\">domotique<\/span><\/strong>, en s\u00e9parant le <span style=\"color: #800080;\"><strong>circuit de puissance<\/strong><\/span> du <strong><span style=\"color: #800080;\">circuit de commande<\/span><\/strong> appel\u00e9 bus de terrain, vous conf\u00e8re une architecture flexible, innovante et \u00e9volutive qui vous permet un pilotage \u00ab\u00a0intelligent\u00a0\u00bbdes \u00e9quipements.<\/li>\r\n\t<li>Vous pourrez \u00e0 tout moment adapter la gestion de vos points lumineux en fonction de vos nouvelles habitudes, cr\u00e9er de nouveaux sc\u00e9narios et bien d\u2019autres choses.<\/li>\r\n\t<li>Compte tenu des nouveaux besoins (maintien \u00e0 domicile, accessibilit\u00e9, co\u00fbt des \u00e9nergies\u2026) l\u2019habitat va n\u00e9cessiter toujours plus de services et toujours plus d\u2019intelligence.<\/li>\r\n\t<li>Les objets sp\u00e9cialis\u00e9s sont connect\u00e9s \u00e0 une \u00ab\u00a0box t\u00e9l\u00e9com\u00a0\u00bb qui va pouvoir d\u00e9livrer l\u2019ensemble des services m\u00e9dia, transporter les informations et services vers ou en provenance de l\u2019ext\u00e9rieur de l\u2019habitation et permettre aussi \u00e0 l\u2019int\u00e9grateur domoticien d\u2019intervenir \u00e0 distance.<\/li>\r\n\t<li>La domotique permet d\u2019afficher et de mesurer la consommation d\u2019\u00e9nergie, d\u2019informer les occupants de leurs d\u00e9penses d\u00e9taill\u00e9es en chauffage, en refroidissement, en production d\u2019eau chaude, en gaz, en \u00e9lectricit\u00e9 et autres. Conna\u00eetre de fa\u00e7on pr\u00e9cise \u00a0et r\u00e9guli\u00e8re ce que l\u2019on consomme est la meilleure des approches p\u00e9dagogiques pour effectuer des \u00e9conomies importantes d\u2019\u00e9nergie.<\/li>\r\n<\/ul>\r\n&nbsp;\r\n\r\n<strong><span style=\"text-decoration: underline;\">Construire est un investissement.<\/span><\/strong><strong><span style=\"text-decoration: underline;\">\u00a0<\/span><\/strong>\r\n\r\nNe pas int\u00e9grer ces nouvelles technologies vous conduira incontestablement vers une moins-value consid\u00e9rable si vous deviez r\u00e9aliser sa vente.\r\n\r\nLes exigences du Grenelle de l\u2019environnement nous engagent obligatoirement vers du b\u00e2timent \u00e9conome en \u00e9nergie, ouvert \u00e0 l\u2019\u00e9volution technologique et au b\u00e2timent communicant.\r\n\r\nIl n\u2019y a pas une, mais plusieurs domotiques ind\u00e9pendamment des gradations de budget.\r\n\r\nL\u2019essor de la domotique ne sera pas lin\u00e9aire mais bien par typologie d\u2019application en fonction des besoins, des populations et des budgets.\r\n\r\nFaire appel \u00e0 un <span style=\"color: #0000ff;\"><strong>int\u00e9grateur domoticien<\/strong><\/span> c\u2019est p\u00e9renniser votre construction et lui conf\u00e9rer une plus-value certaine et efficace.\r\n\r\n&nbsp;\r\n\r\nInvestir dans une voiture sans les technologies, ABS, Esp, verrouillage centralis\u00e9, commande \u00e0 distance, climatisation n\u2019est plus concevable et vous garantit un important manque \u00e0 gagner \u00e0 la revente\u00a0!!!\r\n\r\nLa technologie est pr\u00eate, le march\u00e9 ne l\u2019est pas encore.\r\n\r\nDeux freins sont \u00e0 lever pour que le b\u00e2timent intelligent se d\u00e9ploie\u00a0:\r\n<ul>\r\n\t<li>d\u00e9mystifier la domotique consid\u00e9r\u00e9e comme un gadget on\u00e9reux<\/li>\r\n\t<li>convertir le fonctionnement vertical des acteurs techniques du second \u0153uvre en une approche transversale de ces m\u00e9tiers.<\/li>\r\n<\/ul>\r\n&nbsp;\r\n\r\n<strong><span style=\"font-size: small;\">La meilleure fa\u00e7on d\u2019\u00e9conomiser l\u2019\u00e9nergie c\u2019est de ne pas la consommer inutilement !!!<\/span><\/strong>\r\n\r\n<span style=\"font-size: small;\">La <span style=\"color: #0000ff;\"><strong>domotique<\/strong><\/span> se d\u00e9mocratise.<\/span>\r\n\r\n<span style=\"font-size: small;\">Que ce soit dans du neuf ou de la r\u00e9novation, les solutions\u00a0permettent de r\u00e9pondre \u00e0 vos besoins et \u00e0 votre budget.<\/span>\r\n<div style=\"text-align: center;\"><a href=\"https:\/\/www.coach-eco.com\/coach\/formulaire-info-domotique\" target=\"_blank\">Visiter un site d&rsquo;exception\u00a0d&rsquo;une Maison du Futur\u00a0chez un particulier\r\nRencontrer un Int\u00e9grateur-Domoticien exp\u00e9riment\u00e9\r\nRecevoir un Devis pour un Kit Domotique<\/a><\/div>\t\t\t\t\t\t\t\t<\/div>\n\t\t\t\t\t<\/div>\n\t\t\t\t<\/div>\n\t\t\t\t<\/div>\n\t\t","protected":false},"excerpt":{"rendered":"<p>La Domotique, c\u2019est un nouvel art de vivre, alors n\u2019en doutez plus, une approche s\u2019impose\u00a0!!! &nbsp; La domotique est une sp\u00e9cialit\u00e9 du b\u00e2timent qui regroupe [&#8230;]<\/p>\n","protected":false},"author":4,"featured_media":0,"parent":0,"menu_order":0,"comment_status":"closed","ping_status":"open","template":"","meta":{"footnotes":""},"class_list":["post-3589","page","type-page","status-publish","hentry"],"aioseo_notices":[],"_links":{"self":[{"href":"https:\/\/www.coach-eco.com\/coach\/wp-json\/wp\/v2\/pages\/3589","targetHints":{"allow":["GET"]}}],"collection":[{"href":"https:\/\/www.coach-eco.com\/coach\/wp-json\/wp\/v2\/pages"}],"about":[{"href":"https:\/\/www.coach-eco.com\/coach\/wp-json\/wp\/v2\/types\/page"}],"author":[{"embeddable":true,"href":"https:\/\/www.coach-eco.com\/coach\/wp-json\/wp\/v2\/users\/4"}],"replies":[{"embeddable":true,"href":"https:\/\/www.coach-eco.com\/coach\/wp-json\/wp\/v2\/comments?post=3589"}],"version-history":[{"count":3,"href":"https:\/\/www.coach-eco.com\/coach\/wp-json\/wp\/v2\/pages\/3589\/revisions"}],"predecessor-version":[{"id":9084,"href":"https:\/\/www.coach-eco.com\/coach\/wp-json\/wp\/v2\/pages\/3589\/revisions\/9084"}],"wp:attachment":[{"href":"https:\/\/www.coach-eco.com\/coach\/wp-json\/wp\/v2\/media?parent=3589"}],"curies":[{"name":"wp","href":"https:\/\/api.w.org\/{rel}","templated":true}]}}