{"id":3396,"date":"2012-10-30T09:06:31","date_gmt":"2012-10-30T09:06:31","guid":{"rendered":"http:\/\/www.coach-eco.com\/coach\/?page_id=3396"},"modified":"2025-10-30T18:32:21","modified_gmt":"2025-10-30T17:32:21","slug":"test-anticalcaire-magnetique-resultats","status":"publish","type":"page","link":"https:\/\/www.coach-eco.com\/coach\/test-anticalcaire-magnetique-resultats\/","title":{"rendered":"Test anticalcaire magn\u00e9tique: R\u00e9sultats"},"content":{"rendered":"\t\t<div data-elementor-type=\"wp-page\" data-elementor-id=\"3396\" class=\"elementor elementor-3396\" data-elementor-post-type=\"page\">\n\t\t\t\t<div class=\"elementor-element elementor-element-65ddfe81 e-flex e-con-boxed e-con e-parent\" data-id=\"65ddfe81\" data-element_type=\"container\" data-e-type=\"container\">\n\t\t\t\t\t<div class=\"e-con-inner\">\n\t\t\t\t<div class=\"elementor-element elementor-element-08c7b52 elementor-widget elementor-widget-spacer\" data-id=\"08c7b52\" data-element_type=\"widget\" data-e-type=\"widget\" data-widget_type=\"spacer.default\">\n\t\t\t\t\t\t\t<div class=\"elementor-spacer\">\n\t\t\t<div class=\"elementor-spacer-inner\"><\/div>\n\t\t<\/div>\n\t\t\t\t\t\t<\/div>\n\t\t\t\t<div class=\"elementor-element elementor-element-5f8c6571 elementor-widget elementor-widget-text-editor\" data-id=\"5f8c6571\" data-element_type=\"widget\" data-e-type=\"widget\" data-widget_type=\"text-editor.default\">\n\t\t\t\t\t\t\t\t\t<span style=\"color: #800000;\"><strong>Test anticalcaire, antitartre, detartrant, antibacterien\u00a0magn\u00e9tique: R\u00e9sultats<\/strong><\/span>\r\n\r\nLes premi\u00e8res observations:\r\n\r\n&nbsp;\r\n\r\n<strong><em>au bout de 2 semaines<\/em>,<\/strong> premi\u00e8res constatations:\r\n\r\nCe d\u00e9lai de 2 semaines pour les premi\u00e8res constatations doit \u00eatre d\u00fb au temps n\u00e9cessaire pour le renouvellement complet d&rsquo;eau du Ballon d&rsquo;eau chaude sanitaire (200L) et du r\u00e9seau d&rsquo;eau de la maison.\r\n\r\n&nbsp;\r\n\r\nconcernant la toilette du corps:\r\n<ul>\r\n\t<li>Pas de sensation de jamais rinc\u00e9 lors de la toilette du corps (contrairement \u00e0 un adoucisseur)<\/li>\r\n\t<li>Plus de \u00a0\u00bb sensation de feu \u00a0\u00bb\u00a0au rasage<\/li>\r\n\t<li>Impression d&rsquo;avoir le dos\u00a0moins encrass\u00e9\u00a0(plus d&rsquo;effet de peau grasse) lors de la toilette sous la douche<\/li>\r\n<\/ul>\r\n&nbsp;\r\n\r\nconcernant le mat\u00e9riel:\r\n<ul>\r\n\t<li>L&rsquo;eau semble moins adh\u00e9rer sur les <strong>lavabos<\/strong>: Effet bulle d&rsquo;eau (prochainement photo)<\/li>\r\n\t<li>L&rsquo;<strong>\u00e9vier en inox<\/strong> ainsi que les <strong>robinetteries<\/strong> sont moins mat (il y a un effet de brillance)<\/li>\r\n\t<li>Le <strong>lave-vaisselle<\/strong>:<\/li>\r\n<ul>\r\n\t<li>Une poudre blanch\u00e2tre s&rsquo;est d\u00e9pos\u00e9e sur les parties horizontales. Ce\u00a0d\u00e9pot n&rsquo;accroche pas du tout. Cette poudre tr\u00e8s fine qui \u00a0\u00bb ressemble \u00e0 du Talc \u00a0\u00bb\u00a0s&rsquo;enl\u00e8ve avec un chiffon sans frotter.<\/li>\r\n\t<li>Les parties lat\u00e9rales qui \u00e9taient encrass\u00e9es par le temps (L\u00e0 o\u00f9 l&rsquo;eau a plus de mal \u00e0 circuler) se nettoient tout aussi facilement. C&rsquo;est le biofilm qui a \u00e9t\u00e9 attaqu\u00e9.<span style=\"color: #0000ff;\"> (photo future)<\/span><\/li>\r\n<\/ul>\r\n\t<li><span style=\"color: #0000ff;\">Le lave-linge:<\/span><\/li>\r\n<ul>\r\n\t<li><span style=\"color: #000000;\">Le linge est plus souple<\/span><\/li>\r\n<\/ul>\r\n<\/ul>\r\n<strong><em>au bout de\u00a03 semaines:<\/em><\/strong>\r\n\r\nconcernant le mat\u00e9riel:\r\n\r\nUn d\u00e9p\u00f4t\u00a0blanch\u00e2tre se d\u00e9pose sur les lavabos mais n&rsquo;adh\u00e8re pas du tout. Il s&rsquo;enl\u00e8ve sans frotter. Ce ph\u00e9nom\u00e8me s&rsquo;explique par le fait que l&rsquo;installation commence \u00e0 se nettoyer. Le Ballon d&rsquo;<strong>E<\/strong>au <strong>C<\/strong>haude <strong>S<\/strong>anitaire neuf avait \u00e9t\u00e9 install\u00e9 2 ans auparavant.\r\n\r\n&nbsp;\t\t\t\t\t\t\t\t<\/div>\n\t\t\t\t\t<\/div>\n\t\t\t\t<\/div>\n\t\t\t\t<\/div>\n\t\t","protected":false},"excerpt":{"rendered":"<p>Test anticalcaire, antitartre, detartrant, antibacterien\u00a0magn\u00e9tique: R\u00e9sultats Les premi\u00e8res observations: &nbsp; au bout de 2 semaines, premi\u00e8res constatations: Ce d\u00e9lai de 2 semaines pour les premi\u00e8res [&#8230;]<\/p>\n","protected":false},"author":4,"featured_media":0,"parent":0,"menu_order":0,"comment_status":"closed","ping_status":"open","template":"","meta":{"footnotes":""},"class_list":["post-3396","page","type-page","status-publish","hentry"],"aioseo_notices":[],"_links":{"self":[{"href":"https:\/\/www.coach-eco.com\/coach\/wp-json\/wp\/v2\/pages\/3396","targetHints":{"allow":["GET"]}}],"collection":[{"href":"https:\/\/www.coach-eco.com\/coach\/wp-json\/wp\/v2\/pages"}],"about":[{"href":"https:\/\/www.coach-eco.com\/coach\/wp-json\/wp\/v2\/types\/page"}],"author":[{"embeddable":true,"href":"https:\/\/www.coach-eco.com\/coach\/wp-json\/wp\/v2\/users\/4"}],"replies":[{"embeddable":true,"href":"https:\/\/www.coach-eco.com\/coach\/wp-json\/wp\/v2\/comments?post=3396"}],"version-history":[{"count":3,"href":"https:\/\/www.coach-eco.com\/coach\/wp-json\/wp\/v2\/pages\/3396\/revisions"}],"predecessor-version":[{"id":9376,"href":"https:\/\/www.coach-eco.com\/coach\/wp-json\/wp\/v2\/pages\/3396\/revisions\/9376"}],"wp:attachment":[{"href":"https:\/\/www.coach-eco.com\/coach\/wp-json\/wp\/v2\/media?parent=3396"}],"curies":[{"name":"wp","href":"https:\/\/api.w.org\/{rel}","templated":true}]}}