{"id":3195,"date":"2012-10-04T13:05:05","date_gmt":"2012-10-04T13:05:05","guid":{"rendered":"http:\/\/www.coach-eco.com\/coach\/?page_id=3195"},"modified":"2013-05-20T20:07:15","modified_gmt":"2013-05-20T20:07:15","slug":"coach-test","status":"publish","type":"page","link":"https:\/\/www.coach-eco.com\/coach\/coach-test\/","title":{"rendered":"Coach-Test"},"content":{"rendered":"<p>Coach-eco cr\u00e9e un rubrique Coach-Test.<\/p>\n<p>Cette rubrique va mettre en \u00e9vidence des tests\u00a0de produits in situ.<\/p>\n<p>Le Coach-Test vous permettra d&rsquo;avoir\u00a0un retour d&rsquo;information avec photos, commentaires, mesures&#8230;<\/p>\n<p><strong><br \/>\n<\/strong><\/p>\n<h1><span style=\"color: #800000;\">Coach-Test de:<\/span><\/h1>\n<ul>\n<li><a href=\"https:\/\/www.coach-eco.com\/coach\/test-anticalcaire-magnetique\" target=\"_blank\">Anti-calcaire\u00a0\/\u00a0Anti-tartre\u00a0\/ D\u00e9tartrant \/ Anti-Bact\u00e9rien:\u00a0magn\u00e9tique ou Comment D\u00e9tartrer un installation sans la d\u00e9monter ?\u00a0<\/a><\/li>\n<li>Economiseur de carburant sur v\u00e9hicule Diesel<\/li>\n<li>Economiseur de fuel sur chaudi\u00e8re fuel<\/li>\n<li><a title=\"Coach-Test: Casse-buche, Fend-Buche\" href=\"https:\/\/www.coach-eco.com\/coach\/test-fend-buche-casse-buche\" target=\"_blank\">Fend-B\u00fbche ou Casse-B\u00fbche ou Comment Fendre une Grosse Buche de Bois Facilement ?<\/a><\/li>\n<li>Domotique: Comment r\u00e9aliser une installation Domotique en r\u00e9novation ?<\/li>\n<li>Visualiser une installation Domotique sur Smartphone Galaxy Note<\/li>\n<li><a href=\"https:\/\/www.coach-eco.com\/coach\/test-recuperateur-de-chaleur-de-douche\" target=\"_blank\">R\u00e9cup\u00e9rateur de Chaleur\u00a0de Douche<\/a><\/li>\n<\/ul>\n","protected":false},"excerpt":{"rendered":"<p>Coach-eco cr\u00e9e un rubrique Coach-Test. Cette rubrique va mettre en \u00e9vidence des tests\u00a0de produits in situ. Le Coach-Test vous permettra d&rsquo;avoir\u00a0un retour d&rsquo;information avec photos, [&#8230;]<\/p>\n","protected":false},"author":4,"featured_media":0,"parent":0,"menu_order":0,"comment_status":"closed","ping_status":"open","template":"","meta":{"footnotes":""},"class_list":["post-3195","page","type-page","status-publish","hentry"],"aioseo_notices":[],"_links":{"self":[{"href":"https:\/\/www.coach-eco.com\/coach\/wp-json\/wp\/v2\/pages\/3195","targetHints":{"allow":["GET"]}}],"collection":[{"href":"https:\/\/www.coach-eco.com\/coach\/wp-json\/wp\/v2\/pages"}],"about":[{"href":"https:\/\/www.coach-eco.com\/coach\/wp-json\/wp\/v2\/types\/page"}],"author":[{"embeddable":true,"href":"https:\/\/www.coach-eco.com\/coach\/wp-json\/wp\/v2\/users\/4"}],"replies":[{"embeddable":true,"href":"https:\/\/www.coach-eco.com\/coach\/wp-json\/wp\/v2\/comments?post=3195"}],"version-history":[{"count":0,"href":"https:\/\/www.coach-eco.com\/coach\/wp-json\/wp\/v2\/pages\/3195\/revisions"}],"wp:attachment":[{"href":"https:\/\/www.coach-eco.com\/coach\/wp-json\/wp\/v2\/media?parent=3195"}],"curies":[{"name":"wp","href":"https:\/\/api.w.org\/{rel}","templated":true}]}}