{"id":2018,"date":"2012-02-06T17:52:04","date_gmt":"2012-02-06T17:52:04","guid":{"rendered":"http:\/\/www.coach-eco.com\/coach\/?page_id=2018"},"modified":"2025-10-30T18:11:55","modified_gmt":"2025-10-30T17:11:55","slug":"formulaire-sav-pompe-a-chaleur-2","status":"publish","type":"page","link":"https:\/\/www.coach-eco.com\/coach\/formulaire-sav-pompe-a-chaleur-2\/","title":{"rendered":"Formulaire SAV Pompe \u00e0 Chaleur"},"content":{"rendered":"\t\t<div data-elementor-type=\"wp-page\" data-elementor-id=\"2018\" class=\"elementor elementor-2018\" data-elementor-post-type=\"page\">\n\t\t\t\t<div class=\"elementor-element elementor-element-6b4305c9 e-flex e-con-boxed e-con e-parent\" data-id=\"6b4305c9\" data-element_type=\"container\" data-e-type=\"container\">\n\t\t\t\t\t<div class=\"e-con-inner\">\n\t\t\t\t<div class=\"elementor-element elementor-element-274cee4 elementor-widget elementor-widget-spacer\" data-id=\"274cee4\" data-element_type=\"widget\" data-e-type=\"widget\" data-widget_type=\"spacer.default\">\n\t\t\t\t\t\t\t<div class=\"elementor-spacer\">\n\t\t\t<div class=\"elementor-spacer-inner\"><\/div>\n\t\t<\/div>\n\t\t\t\t\t\t<\/div>\n\t\t\t\t<div class=\"elementor-element elementor-element-3dfe0ad0 elementor-widget elementor-widget-text-editor\" data-id=\"3dfe0ad0\" data-element_type=\"widget\" data-e-type=\"widget\" data-widget_type=\"text-editor.default\">\n\t\t\t\t\t\t\t\t\tCoach-eco.com peut vous aider \u00e0 trouver un professionnel comp\u00e9tent.\n\nLe formulaire de renseignements ci-dessous a \u00e9t\u00e9 cr\u00e9\u00e9 pour satisfaire au mieux votre demande de&nbsp;<strong><span style=\"color: #0000ff;\">SAV <\/span><\/strong>(Service apr\u00e8s-vente) \/ <strong><span style=\"color: #0000ff;\">D\u00e9pannage<\/span><\/strong> \/ <strong><span style=\"color: #0000ff;\">Contrat de Maintenance<\/span><\/strong> \/ <strong><span style=\"color: #0000ff;\">Contrat d&rsquo;entretien<\/span><\/strong> sur les syst\u00e8mes <span style=\"color: #0000ff;\"><strong>Pompe \u00e0 Chaleur G\u00e9othermie,&nbsp;<\/strong><\/span><span style=\"color: #000000;\">&nbsp;<\/span><span style=\"color: #0000ff;\"><strong>Pompe \u00e0 Chaleur A\u00e9rothermie, Chauffe-eau Thermodynamique<\/strong>.<\/span>\n\nEn remplissant correctement ce formulaire, nous pourrons ainsi mieux r\u00e9pondre \u00e0 vos attentes.\nLes donn\u00e9es \u00e0 remplir dans le formulaire ci-dessous nous sont n\u00e9cessaires pour une r\u00e9ponse s\u00e9rieuse, concise&nbsp;et rapide.\n\nCoach-eco.com vous mettra gratuitement en relation&nbsp;avec un&nbsp;professionnel comp\u00e9tent.\n\n<span style=\"font-family: Verdana;\">Les interventions&nbsp;sont programmables&nbsp;sur les&nbsp;R\u00e9gions:<\/span>\n\n<span style=\"font-family: Verdana;\"><strong><span style=\"color: #0000ff;\">Nord-pas-de-calais<\/span> (Nord 59, Pas-de-Calais 62)\n<\/strong><\/span><span style=\"font-family: Verdana;\"><strong><span style=\"color: #0000ff;\">Picardie<\/span> (Somme 80, Oise 60, Aisne 02)\n<span style=\"color: #0000ff;\">C<\/span><\/strong><\/span><span style=\"font-family: Verdana;\"><strong><span style=\"color: #0000ff;\">hampagne-Ardenne<\/span> (Marne 51, Ardennes 08)\n<\/strong><\/span><span style=\"font-family: Verdana;\"><strong><span style=\"color: #0000ff;\">Haute-Normandie<\/span> (Seine-Maritime 76, Eure 27)\n<\/strong><\/span><span style=\"font-family: Verdana;\"><strong><span style=\"color: #0000ff;\">Ile-de-France<\/span> (Seine-et-Marne 77, Yvelines 78, Val-d&rsquo;Oise 95)<\/strong><\/span>\n\n<span style=\"font-family: Verdana;\">Les Marques de Pompe \u00e0 chaleur d\u00e9pann\u00e9es sont:<\/span>\n<ul>\n \t<li>Airpac<\/li>\n \t<li>Airwell<\/li>\n \t<li>AJtech<\/li>\n \t<li>Alpha-Innotec<\/li>\n \t<li>Atlantic<\/li>\n \t<li>Avenir Energie<\/li>\n \t<li>Carrier<\/li>\n \t<li>Ciat<\/li>\n \t<li>Daikin<\/li>\n \t<li>De Dietrich<\/li>\n \t<li>Emmeti<\/li>\n \t<li>France Geothermie<\/li>\n \t<li>Leroy Somer Geotherm GT200<\/li>\n \t<li>LG<\/li>\n \t<li>Mitsubishi<\/li>\n \t<li>Mitsubishi Heavy<\/li>\n \t<li>Nibe<\/li>\n \t<li>Sofath<\/li>\n \t<li>Soltherm<\/li>\n \t<li>Stiebel Eltron<\/li>\n \t<li>Technibel<\/li>\n \t<li>Tresco<\/li>\n \t<li>Viessmann<\/li>\n \t<li>Warmtec<\/li>\n \t<li>Waterkotte<\/li>\n \t<li>&#8230;<\/li>\n<\/ul>\n<!--cforms name=\"Formulaire Fiche SAV\"-->\n\n[cforms name=\u00a0\u00bbFormulaire Fiche SAV\u00a0\u00bb]\n\n&nbsp;\n\n&nbsp;\n\nMa pompe a chaleur ne demarre pas\n\nJe legue l&rsquo;entretien de ma Pompe \u00e0 chaleur \u00e0 GTech\n\nGTech\n\n&nbsp;\t\t\t\t\t\t\t\t<\/div>\n\t\t\t\t\t<\/div>\n\t\t\t\t<\/div>\n\t\t\t\t<\/div>\n\t\t","protected":false},"excerpt":{"rendered":"<p>Coach-eco.com peut vous aider \u00e0 trouver un professionnel comp\u00e9tent. Le formulaire de renseignements ci-dessous a \u00e9t\u00e9 cr\u00e9\u00e9 pour satisfaire au mieux votre demande de&nbsp;SAV (Service [&#8230;]<\/p>\n","protected":false},"author":4,"featured_media":0,"parent":0,"menu_order":0,"comment_status":"closed","ping_status":"open","template":"","meta":{"footnotes":""},"class_list":["post-2018","page","type-page","status-publish","hentry"],"aioseo_notices":[],"_links":{"self":[{"href":"https:\/\/www.coach-eco.com\/coach\/wp-json\/wp\/v2\/pages\/2018","targetHints":{"allow":["GET"]}}],"collection":[{"href":"https:\/\/www.coach-eco.com\/coach\/wp-json\/wp\/v2\/pages"}],"about":[{"href":"https:\/\/www.coach-eco.com\/coach\/wp-json\/wp\/v2\/types\/page"}],"author":[{"embeddable":true,"href":"https:\/\/www.coach-eco.com\/coach\/wp-json\/wp\/v2\/users\/4"}],"replies":[{"embeddable":true,"href":"https:\/\/www.coach-eco.com\/coach\/wp-json\/wp\/v2\/comments?post=2018"}],"version-history":[{"count":3,"href":"https:\/\/www.coach-eco.com\/coach\/wp-json\/wp\/v2\/pages\/2018\/revisions"}],"predecessor-version":[{"id":9211,"href":"https:\/\/www.coach-eco.com\/coach\/wp-json\/wp\/v2\/pages\/2018\/revisions\/9211"}],"wp:attachment":[{"href":"https:\/\/www.coach-eco.com\/coach\/wp-json\/wp\/v2\/media?parent=2018"}],"curies":[{"name":"wp","href":"https:\/\/api.w.org\/{rel}","templated":true}]}}