{"id":1822,"date":"2012-01-06T18:32:14","date_gmt":"2012-01-06T18:32:14","guid":{"rendered":"http:\/\/www.coach-eco.com\/coach\/?page_id=1822"},"modified":"2025-10-28T18:05:58","modified_gmt":"2025-10-28T17:05:58","slug":"electricite-abonnement-tarif-bleu-option-base-en-ettc","status":"publish","type":"page","link":"https:\/\/www.coach-eco.com\/coach\/abonnements-et-couts-des-energies-historique\/electricite-abonnement-tarif-bleu-option-base-en-ettc\/","title":{"rendered":"Electricit\u00e9 Abonnement: Tarif Bleu Option Base en \u20acTTC"},"content":{"rendered":"<p><span style=\"text-decoration: underline;\">Abonnements annuels \u00e9lectricit\u00e9 \u00ab\u00a0\u00a0\u00bbTarif Bleu Option Base \u00a0\u00bb (en \u20acTTC): Tarif 3kVA, 6kVA, 9kVA, 12kVA, 15kVA, 18kVA de 1983 \u00e0 2010<\/span><\/p>\n<p><span style=\"text-decoration: underline;\"><a href=\"https:\/\/www.coach-eco.com\/coach\/wp-content\/uploads\/2011\/09\/Abonnements_Electricit\u00e9.bmp\"><img decoding=\"async\" class=\"aligncenter size-full wp-image-397\" title=\"Abonnements_Electricit\u00e9\" src=\"https:\/\/www.coach-eco.com\/coach\/wp-content\/uploads\/2011\/09\/Abonnements_Electricit\u00e9.bmp\" alt=\"\" \/><\/a><\/span><\/p>\n<p>&nbsp;<\/p>\n<p><span style=\"text-decoration: underline;\">Zoom sur les Abonnements annuels Electricit\u00e9 (en \u20acTTC): Tarif 9kVA, 12kVA, 15kVA, 18kVA de 2006 \u00e0 2010 <\/span><\/p>\n<p><span style=\"text-decoration: underline;\"><a href=\"https:\/\/www.coach-eco.com\/coach\/wp-content\/uploads\/2011\/09\/Abonnement_Electricite_Depuis_2006.png\"><img fetchpriority=\"high\" decoding=\"async\" class=\"aligncenter size-full wp-image-406\" title=\"Abonnement_Electricite_Depuis_2006\" src=\"https:\/\/www.coach-eco.com\/coach\/wp-content\/uploads\/2011\/09\/Abonnement_Electricite_Depuis_2006.png\" alt=\"\" width=\"600\" height=\"450\" srcset=\"https:\/\/www.coach-eco.com\/coach\/wp-content\/uploads\/2011\/09\/Abonnement_Electricite_Depuis_2006.png 600w, https:\/\/www.coach-eco.com\/coach\/wp-content\/uploads\/2011\/09\/Abonnement_Electricite_Depuis_2006-300x225.png 300w\" sizes=\"(max-width: 600px) 100vw, 600px\" \/><\/a><\/span><\/p>\n<p>&nbsp;<\/p>\n<p>&nbsp;<\/p>\n<p><span style=\"text-decoration: underline;\">Abonnements annuels Electricit\u00e9 &amp; Evolution des Prix en % de 2005 \u00e0 2010 <\/span><\/p>\n<table dir=\"ltr\" width=\"604\" border=\"1\" cellspacing=\"0\" cellpadding=\"2\">\n<tbody>\n<tr>\n<td width=\"11%\" height=\"17\">\u00a0<\/td>\n<td colspan=\"2\" width=\"22%\" height=\"17\">\n<p align=\"center\">Tarifs en \u20acTTC<\/p>\n<\/td>\n<td width=\"11%\" height=\"17\">\u00a0<\/td>\n<td width=\"11%\" height=\"17\">\u00a0<\/td>\n<td colspan=\"3\" width=\"33%\" height=\"17\">\n<p align=\"center\">Variation des prix en %<\/p>\n<\/td>\n<td width=\"11%\" height=\"17\">\u00a0<\/td>\n<\/tr>\n<tr>\n<td width=\"11%\" height=\"17\">\u00a0<\/td>\n<td width=\"11%\" height=\"17\">\n<p align=\"center\">9kVA<\/p>\n<\/td>\n<td width=\"11%\" height=\"17\">\n<p align=\"center\">12kVA<\/p>\n<\/td>\n<td width=\"11%\" height=\"17\">\n<p align=\"center\">15kVA<\/p>\n<\/td>\n<td width=\"11%\" height=\"17\">\n<p align=\"center\">18kVA<\/p>\n<\/td>\n<td width=\"11%\" height=\"17\">\n<p align=\"center\">9kVA<\/p>\n<\/td>\n<td width=\"11%\" height=\"17\">\n<p align=\"center\">12kVA<\/p>\n<\/td>\n<td width=\"11%\" height=\"17\">\n<p align=\"center\">15kVA<\/p>\n<\/td>\n<td width=\"11%\" height=\"17\">\n<p align=\"center\">18kVA<\/p>\n<\/td>\n<\/tr>\n<tr>\n<td width=\"11%\" height=\"16\">\n<p align=\"right\">2005<\/p>\n<\/td>\n<td width=\"11%\" height=\"16\">\n<p align=\"right\">119,88<\/p>\n<\/td>\n<td width=\"11%\" height=\"16\">\n<p align=\"right\">172,1<\/p>\n<\/td>\n<td width=\"11%\" height=\"16\">\n<p align=\"right\">224,32<\/p>\n<\/td>\n<td width=\"11%\" height=\"16\">\n<p align=\"right\">276,54<\/p>\n<\/td>\n<td width=\"11%\" height=\"16\">\u00a0<\/td>\n<td width=\"11%\" height=\"16\">\u00a0<\/td>\n<td width=\"11%\" height=\"16\">\u00a0<\/td>\n<td width=\"11%\" height=\"16\">\u00a0<\/td>\n<\/tr>\n<tr>\n<td width=\"11%\" height=\"16\">\n<p align=\"right\">2006<\/p>\n<\/td>\n<td width=\"11%\" height=\"16\">\n<p align=\"right\">120,06<\/p>\n<\/td>\n<td width=\"11%\" height=\"16\">\n<p align=\"right\">172,32<\/p>\n<\/td>\n<td width=\"11%\" height=\"16\">\n<p align=\"right\">224,59<\/p>\n<\/td>\n<td width=\"11%\" height=\"16\">\n<p align=\"right\">276,85<\/p>\n<\/td>\n<td width=\"11%\" height=\"16\">\n<p align=\"right\"><span style=\"color: #ff0000;\">+<\/span>0,15%<\/p>\n<\/td>\n<td width=\"11%\" height=\"16\">\n<p align=\"right\"><span style=\"color: #ff0000;\">+<\/span>0,13%<\/p>\n<\/td>\n<td width=\"11%\" height=\"16\">\n<p align=\"right\"><span style=\"color: #ff0000;\">+<\/span>0,12%<\/p>\n<\/td>\n<td width=\"11%\" height=\"16\">\n<p align=\"right\"><span style=\"color: #ff0000;\">+<\/span>0,11%<\/p>\n<\/td>\n<\/tr>\n<tr>\n<td width=\"11%\" height=\"16\">\n<p align=\"right\">2007<\/p>\n<\/td>\n<td width=\"11%\" height=\"16\">\n<p align=\"right\">121,10<\/p>\n<\/td>\n<td width=\"11%\" height=\"16\">\n<p align=\"right\">173,72<\/p>\n<\/td>\n<td width=\"11%\" height=\"16\">\n<p align=\"right\">226,34<\/p>\n<\/td>\n<td width=\"11%\" height=\"16\">\n<p align=\"right\">278,96<\/p>\n<\/td>\n<td width=\"11%\" height=\"16\">\n<p align=\"right\"><span style=\"color: #ff0000;\">+<\/span>0,87%<\/p>\n<\/td>\n<td width=\"11%\" height=\"16\">\n<p align=\"right\"><span style=\"color: #ff0000;\">+<\/span>0,81%<\/p>\n<\/td>\n<td width=\"11%\" height=\"16\">\n<p align=\"right\"><span style=\"color: #ff0000;\">+<\/span>0,78%<\/p>\n<\/td>\n<td width=\"11%\" height=\"16\">\n<p align=\"right\"><span style=\"color: #ff0000;\">+<\/span>0,76%<\/p>\n<\/td>\n<\/tr>\n<tr>\n<td width=\"11%\" height=\"16\">\n<p align=\"right\">2008<\/p>\n<\/td>\n<td width=\"11%\" height=\"16\">\n<p align=\"right\">122,81<\/p>\n<\/td>\n<td width=\"11%\" height=\"16\">\n<p align=\"right\">176,02<\/p>\n<\/td>\n<td width=\"11%\" height=\"16\">\n<p align=\"right\">229,24<\/p>\n<\/td>\n<td width=\"11%\" height=\"16\">\n<p align=\"right\">282,45<\/p>\n<\/td>\n<td width=\"11%\" height=\"16\">\n<p align=\"right\"><span style=\"color: #ff0000;\">+<\/span>1,41%<\/p>\n<\/td>\n<td width=\"11%\" height=\"16\">\n<p align=\"right\"><span style=\"color: #ff0000;\">+<\/span>1,32%<\/p>\n<\/td>\n<td width=\"11%\" height=\"16\">\n<p align=\"right\"><span style=\"color: #ff0000;\">+<\/span>1,28%<\/p>\n<\/td>\n<td width=\"11%\" height=\"16\">\n<p align=\"right\"><span style=\"color: #ff0000;\">+<\/span>1,25%<\/p>\n<\/td>\n<\/tr>\n<tr>\n<td width=\"11%\" height=\"16\">\n<p align=\"right\">2009<\/p>\n<\/td>\n<td width=\"11%\" height=\"16\">\n<p align=\"right\">112,76<\/p>\n<\/td>\n<td width=\"11%\" height=\"16\">\n<p align=\"right\">173,82<\/p>\n<\/td>\n<td width=\"11%\" height=\"16\">\n<p align=\"right\">220,40<\/p>\n<\/td>\n<td width=\"11%\" height=\"16\">\n<p align=\"right\">267,00<\/p>\n<\/td>\n<td width=\"11%\" height=\"16\">\n<p align=\"right\">-8.18%<\/p>\n<\/td>\n<td width=\"11%\" height=\"16\">\n<p align=\"right\">-1,25%<\/p>\n<\/td>\n<td width=\"11%\" height=\"16\">\n<p align=\"right\">-3,86%<\/p>\n<\/td>\n<td width=\"11%\" height=\"16\">\n<p align=\"right\">-5,47%<\/p>\n<\/td>\n<\/tr>\n<tr>\n<td width=\"11%\" height=\"16\">\n<p align=\"right\">2010<\/p>\n<\/td>\n<td width=\"11%\" height=\"16\">\n<p align=\"right\">96,84<\/p>\n<\/td>\n<td width=\"11%\" height=\"16\">\n<p align=\"right\">161,82<\/p>\n<\/td>\n<td width=\"11%\" height=\"16\">\n<p align=\"right\">192,97<\/p>\n<\/td>\n<td width=\"11%\" height=\"16\">\n<p align=\"right\">238,82<\/p>\n<\/td>\n<td width=\"11%\" height=\"16\">\n<p align=\"right\">-14,12%<\/p>\n<\/td>\n<td width=\"11%\" height=\"16\">\n<p align=\"right\">-6,90%<\/p>\n<\/td>\n<td width=\"11%\" height=\"16\">\n<p align=\"right\">-12,45%<\/p>\n<\/td>\n<td width=\"11%\" height=\"16\">\n<p align=\"right\">-10,55%<\/p>\n<\/td>\n<\/tr>\n<tr>\n<td width=\"11%\" height=\"17\">\n<p align=\"right\">2011<\/p>\n<\/td>\n<td width=\"11%\" height=\"17\">\u00a0<\/td>\n<td width=\"11%\" height=\"17\">\u00a0<\/td>\n<td width=\"11%\" height=\"17\">\u00a0<\/td>\n<td width=\"11%\" height=\"17\">\u00a0<\/td>\n<td width=\"11%\" height=\"17\">\u00a0<\/td>\n<td width=\"11%\" height=\"17\">\u00a0<\/td>\n<td width=\"11%\" height=\"17\">\u00a0<\/td>\n<td width=\"11%\" height=\"17\">\u00a0<\/td>\n<\/tr>\n<\/tbody>\n<\/table>\n<p>&nbsp;<\/p>\n<p><span style=\"text-decoration: underline;\">Variation des Abonnements de 2007 \u00e0 2010:<\/span><\/p>\n<ul>\n<li>Le tarif 9kVA \u00e0 baiss\u00e9 de: -20,03%<\/li>\n<li>Le tarif 12kVA \u00e0 baiss\u00e9 de: -6,85%<\/li>\n<li>Le tarif 15kVA \u00e0 baiss\u00e9 de: -14,74%<\/li>\n<li>Le tarif 18kVA \u00e0 baiss\u00e9: &#8211; -14,39%<\/li>\n<\/ul>\n<p><span style=\"text-decoration: underline;\">Variation moyenne Annuelle:<\/span><\/p>\n<ul>\n<li>Tarif 9kVA : -6,96%<\/li>\n<li>Tarif 12kVA : -2,28%<\/li>\n<li>Tarif 15kVA : -5,01%<\/li>\n<li>Tarif 18kVA : -4,92%.<\/li>\n<\/ul>\n<p><span style=\"color: #008000;\">Les Abonnements Electricit\u00e9 de 9kVA \u00e0 18kVA sont \u00e0 la Baisse,<\/span><\/p>\n<p><span style=\"color: #000000;\">contrairement,<\/span><\/p>\n<p>Les Abonnements Gaz de Ville \/ Gaz Naturel sont \u00e0 la Hausse. <a href=\"https:\/\/www.coach-eco.com\/coach\/tableau-abonnement-et-couts-en-ekwh-gaz-de-ville.html\" target=\"_blank\">(voir les Abonnements du Gaz de Ville \/ Gaz Naturel)<\/a><\/p>\n<p>&nbsp;<\/p>\n<p><span style=\"text-decoration: underline;\">Liste des Tarifs Bleu \u00ab\u00a0Option Base\u00a0\u00bb:<\/span><\/p>\n<p>3kVA, 6kVA, 9kVA, 12kVA, 15kVA, 18kVA<\/p>\n","protected":false},"excerpt":{"rendered":"<p>Abonnements annuels \u00e9lectricit\u00e9 \u00ab\u00a0\u00a0\u00bbTarif Bleu Option Base \u00a0\u00bb (en \u20acTTC): Tarif 3kVA, 6kVA, 9kVA, 12kVA, 15kVA, 18kVA de 1983 \u00e0 2010 &nbsp; Zoom sur les [&#8230;]<\/p>\n","protected":false},"author":4,"featured_media":0,"parent":1392,"menu_order":0,"comment_status":"closed","ping_status":"open","template":"","meta":{"footnotes":""},"class_list":["post-1822","page","type-page","status-publish","hentry"],"aioseo_notices":[],"_links":{"self":[{"href":"https:\/\/www.coach-eco.com\/coach\/wp-json\/wp\/v2\/pages\/1822","targetHints":{"allow":["GET"]}}],"collection":[{"href":"https:\/\/www.coach-eco.com\/coach\/wp-json\/wp\/v2\/pages"}],"about":[{"href":"https:\/\/www.coach-eco.com\/coach\/wp-json\/wp\/v2\/types\/page"}],"author":[{"embeddable":true,"href":"https:\/\/www.coach-eco.com\/coach\/wp-json\/wp\/v2\/users\/4"}],"replies":[{"embeddable":true,"href":"https:\/\/www.coach-eco.com\/coach\/wp-json\/wp\/v2\/comments?post=1822"}],"version-history":[{"count":1,"href":"https:\/\/www.coach-eco.com\/coach\/wp-json\/wp\/v2\/pages\/1822\/revisions"}],"predecessor-version":[{"id":8902,"href":"https:\/\/www.coach-eco.com\/coach\/wp-json\/wp\/v2\/pages\/1822\/revisions\/8902"}],"up":[{"embeddable":true,"href":"https:\/\/www.coach-eco.com\/coach\/wp-json\/wp\/v2\/pages\/1392"}],"wp:attachment":[{"href":"https:\/\/www.coach-eco.com\/coach\/wp-json\/wp\/v2\/media?parent=1822"}],"curies":[{"name":"wp","href":"https:\/\/api.w.org\/{rel}","templated":true}]}}