{"id":1582,"date":"2012-01-02T20:40:12","date_gmt":"2012-01-02T20:40:12","guid":{"rendered":"http:\/\/www.coach-eco.com\/coach\/?page_id=1582"},"modified":"2025-10-29T21:05:45","modified_gmt":"2025-10-29T20:05:45","slug":"formulaire-amelioration-du-site-coach-eco-com","status":"publish","type":"page","link":"https:\/\/www.coach-eco.com\/coach\/formulaire-amelioration-du-site-coach-eco-com\/","title":{"rendered":"Formulaire Am\u00e9lioration du site coach-eco.com"},"content":{"rendered":"\t\t<div data-elementor-type=\"wp-page\" data-elementor-id=\"1582\" class=\"elementor elementor-1582\" data-elementor-post-type=\"page\">\n\t\t\t\t<div class=\"elementor-element elementor-element-66ceb346 e-flex e-con-boxed e-con e-parent\" data-id=\"66ceb346\" data-element_type=\"container\" data-e-type=\"container\">\n\t\t\t\t\t<div class=\"e-con-inner\">\n\t\t\t\t<div class=\"elementor-element elementor-element-86f68a2 elementor-widget elementor-widget-spacer\" data-id=\"86f68a2\" data-element_type=\"widget\" data-e-type=\"widget\" data-widget_type=\"spacer.default\">\n\t\t\t\t\t\t\t<div class=\"elementor-spacer\">\n\t\t\t<div class=\"elementor-spacer-inner\"><\/div>\n\t\t<\/div>\n\t\t\t\t\t\t<\/div>\n\t\t\t\t<div class=\"elementor-element elementor-element-525f20d elementor-widget elementor-widget-text-editor\" data-id=\"525f20d\" data-element_type=\"widget\" data-e-type=\"widget\" data-widget_type=\"text-editor.default\">\n\t\t\t\t\t\t\t\t\tVeuillez remplir le formulaire ci-dessous pour&nbsp;contribuer \u00e0 l\u2019am\u00e9lioration du site <strong><span style=\"color: #0000ff;\">Coach-eco.com<\/span><\/strong>\n\n<strong><!--cforms name=\"Formulaire Am\u00e9lioration du site coach-eco.com\"--><\/strong>\n\n[cforms name=\u00a0\u00bbFormulaire Fiche Satisfaction Client SAV\u00a0\u00bb]\n\n&nbsp;\n\n*Conform\u00e9ment \u00e0 l&rsquo;article L-27 de la loi du 6 janvier 1978 \u00ab\u00a0informatique et libert\u00e9s\u00a0\u00bb, les informations, les r\u00e9ponses \u00e0 ce questionnaire sont facultatives. Le d\u00e9clarant dispose d&rsquo;un droit d&rsquo;acc\u00e8s et de rectification aupr\u00e8s de Coach-eco.com. Les informations sont destin\u00e9es \u00e0 Coach-eco.com.<span style=\"color: #ffffff;\"> et peuvent \u00eatre c\u00e9d\u00e9es \u00e0 des organismes ext\u00e9rieurs sauf si vous cochez cette case.<\/span>\t\t\t\t\t\t\t\t<\/div>\n\t\t\t\t\t<\/div>\n\t\t\t\t<\/div>\n\t\t\t\t<\/div>\n\t\t","protected":false},"excerpt":{"rendered":"<p>Veuillez remplir le formulaire ci-dessous pour&nbsp;contribuer \u00e0 l\u2019am\u00e9lioration du site Coach-eco.com [cforms name=\u00a0\u00bbFormulaire Fiche Satisfaction Client SAV\u00a0\u00bb] &nbsp; *Conform\u00e9ment \u00e0 l&rsquo;article L-27 de la loi [&#8230;]<\/p>\n","protected":false},"author":4,"featured_media":0,"parent":0,"menu_order":0,"comment_status":"closed","ping_status":"open","template":"","meta":{"footnotes":""},"class_list":["post-1582","page","type-page","status-publish","hentry"],"aioseo_notices":[],"_links":{"self":[{"href":"https:\/\/www.coach-eco.com\/coach\/wp-json\/wp\/v2\/pages\/1582","targetHints":{"allow":["GET"]}}],"collection":[{"href":"https:\/\/www.coach-eco.com\/coach\/wp-json\/wp\/v2\/pages"}],"about":[{"href":"https:\/\/www.coach-eco.com\/coach\/wp-json\/wp\/v2\/types\/page"}],"author":[{"embeddable":true,"href":"https:\/\/www.coach-eco.com\/coach\/wp-json\/wp\/v2\/users\/4"}],"replies":[{"embeddable":true,"href":"https:\/\/www.coach-eco.com\/coach\/wp-json\/wp\/v2\/comments?post=1582"}],"version-history":[{"count":3,"href":"https:\/\/www.coach-eco.com\/coach\/wp-json\/wp\/v2\/pages\/1582\/revisions"}],"predecessor-version":[{"id":9177,"href":"https:\/\/www.coach-eco.com\/coach\/wp-json\/wp\/v2\/pages\/1582\/revisions\/9177"}],"wp:attachment":[{"href":"https:\/\/www.coach-eco.com\/coach\/wp-json\/wp\/v2\/media?parent=1582"}],"curies":[{"name":"wp","href":"https:\/\/api.w.org\/{rel}","templated":true}]}}