{"id":1424,"date":"2011-12-29T19:44:47","date_gmt":"2011-12-29T19:44:47","guid":{"rendered":"http:\/\/www.coach-eco.com\/coach\/?page_id=1424"},"modified":"2025-10-28T18:19:10","modified_gmt":"2025-10-28T17:19:10","slug":"gaz-de-ville-tarif-des-abonnements","status":"publish","type":"page","link":"https:\/\/www.coach-eco.com\/coach\/abonnements-et-couts-des-energies-historique\/gaz-de-ville-tarif-des-abonnements\/","title":{"rendered":"Gaz de ville: Tarif des Abonnements"},"content":{"rendered":"\t\t<div data-elementor-type=\"wp-page\" data-elementor-id=\"1424\" class=\"elementor elementor-1424\" data-elementor-post-type=\"page\">\n\t\t\t\t<div class=\"elementor-element elementor-element-386368cd e-flex e-con-boxed e-con e-parent\" data-id=\"386368cd\" data-element_type=\"container\" data-e-type=\"container\">\n\t\t\t\t\t<div class=\"e-con-inner\">\n\t\t\t\t<div class=\"elementor-element elementor-element-84fb07a elementor-widget elementor-widget-text-editor\" data-id=\"84fb07a\" data-element_type=\"widget\" data-e-type=\"widget\" data-widget_type=\"text-editor.default\">\n\t\t\t\t\t\t\t\t\t<p><span style=\"text-decoration: underline;\">Abonnements annuels Gaz de ville\u00a0\/ Gaz Naturel: Tarif Base, B0,B1 et B2I de 1983 \u00e0 2010<\/span><\/p><p><a href=\"https:\/\/www.coach-eco.com\/coach\/wp-content\/uploads\/2011\/09\/Abonnement_Gaz_Annuel.png\"><img fetchpriority=\"high\" decoding=\"async\" class=\"aligncenter size-full wp-image-361\" title=\"Abonnement_Gaz_Annuel_Tous_Tarifs\" src=\"https:\/\/www.coach-eco.com\/coach\/wp-content\/uploads\/2011\/09\/Abonnement_Gaz_Annuel.png\" alt=\"\" width=\"600\" height=\"450\" srcset=\"https:\/\/www.coach-eco.com\/coach\/wp-content\/uploads\/2011\/09\/Abonnement_Gaz_Annuel.png 600w, https:\/\/www.coach-eco.com\/coach\/wp-content\/uploads\/2011\/09\/Abonnement_Gaz_Annuel-300x225.png 300w\" sizes=\"(max-width: 600px) 100vw, 600px\" \/><\/a><\/p><p><span style=\"text-decoration: underline;\">Zoom sur les Abonnements annuels Gaz de ville \/ Gaz Naturel: Tarif Base, B0, B1 et B2I de 2006 \u00e0 2010 <\/span><\/p><p><a href=\"https:\/\/www.coach-eco.com\/coach\/wp-content\/uploads\/2011\/09\/Abonnement_Gaz_depuis_2006.png\"><img decoding=\"async\" class=\"aligncenter size-full wp-image-366\" title=\"Abonnement_Gaz_de_2006_\u00e0_2010\" src=\"https:\/\/www.coach-eco.com\/coach\/wp-content\/uploads\/2011\/09\/Abonnement_Gaz_depuis_2006.png\" alt=\"\" width=\"600\" height=\"450\" srcset=\"https:\/\/www.coach-eco.com\/coach\/wp-content\/uploads\/2011\/09\/Abonnement_Gaz_depuis_2006.png 600w, https:\/\/www.coach-eco.com\/coach\/wp-content\/uploads\/2011\/09\/Abonnement_Gaz_depuis_2006-300x225.png 300w\" sizes=\"(max-width: 600px) 100vw, 600px\" \/><\/a><\/p><p>\u00a0<\/p><p><span style=\"text-decoration: underline;\">Abonnements annuels Gaz de ville \/ Gaz Naturel\u00a0&amp; Evolution des Prix en % de 2006 \u00e0 2010 <\/span><\/p><table dir=\"ltr\" border=\"2\" width=\"604\" cellspacing=\"1\" cellpadding=\"2\"><tbody><tr><td width=\"11%\" height=\"17\">\u00a0<\/td><td colspan=\"4\" width=\"22%\" height=\"17\"><p align=\"center\">Tarifs en \u20acTTC<\/p><\/td><td width=\"11%\" height=\"17\">\u00a0<\/td><td colspan=\"4\" width=\"33%\" height=\"17\"><p align=\"center\">Augmentation des prix en %<\/p><\/td><td width=\"11%\" height=\"17\">\u00a0<\/td><\/tr><tr><td width=\"11%\" height=\"17\">\u00a0<\/td><td width=\"11%\" height=\"17\"><p align=\"center\">Base<\/p><\/td><td width=\"11%\" height=\"17\"><p align=\"center\">B0<\/p><\/td><td width=\"11%\" height=\"17\"><p align=\"center\">B1<\/p><\/td><td width=\"11%\" height=\"17\"><p align=\"center\">B2I<\/p><\/td><td width=\"11%\" height=\"17\"><p align=\"center\">Base<\/p><\/td><td width=\"11%\" height=\"17\"><p align=\"center\">B0<\/p><\/td><td width=\"11%\" height=\"17\"><p align=\"center\">B1<\/p><\/td><td width=\"11%\" height=\"17\"><p align=\"center\">B2I<\/p><\/td><\/tr><tr><td width=\"11%\" height=\"16\"><p align=\"center\">2005<\/p><\/td><td width=\"11%\" height=\"16\"><p align=\"center\">25,32<\/p><\/td><td width=\"11%\" height=\"16\"><p align=\"center\">35,95<\/p><\/td><td width=\"11%\" height=\"16\"><p align=\"center\">125,21<\/p><\/td><td width=\"11%\" height=\"16\"><p align=\"center\">187,62<\/p><\/td><td width=\"11%\" height=\"16\">\u00a0<\/td><td width=\"11%\" height=\"16\">\u00a0<\/td><td width=\"11%\" height=\"16\">\u00a0<\/td><td width=\"11%\" height=\"16\">\u00a0<\/td><\/tr><tr><td width=\"11%\" height=\"16\"><p align=\"center\">2006<\/p><\/td><td width=\"11%\" height=\"16\"><p align=\"center\">25,32<\/p><\/td><td width=\"11%\" height=\"16\"><p align=\"center\">35,95<\/p><\/td><td width=\"11%\" height=\"16\"><p align=\"center\">125,21<\/p><\/td><td width=\"11%\" height=\"16\"><p align=\"center\">187,62<\/p><\/td><td width=\"11%\" height=\"16\"><p align=\"center\">0,00%<\/p><\/td><td width=\"11%\" height=\"16\"><p align=\"center\">0,00%<\/p><\/td><td width=\"11%\" height=\"16\"><p align=\"center\">0,00%<\/p><\/td><td width=\"11%\" height=\"16\"><p align=\"center\">0,00%<\/p><\/td><\/tr><tr><td width=\"11%\" height=\"16\"><p align=\"center\">2007<\/p><\/td><td width=\"11%\" height=\"16\"><p align=\"center\">25,32<\/p><\/td><td width=\"11%\" height=\"16\"><p align=\"center\">35,95<\/p><\/td><td width=\"11%\" height=\"16\"><p align=\"center\">125,21<\/p><\/td><td width=\"11%\" height=\"16\"><p align=\"center\">187,62<\/p><\/td><td width=\"11%\" height=\"16\"><p align=\"center\">0,00%<\/p><\/td><td width=\"11%\" height=\"16\"><p align=\"center\">0,00%<\/p><\/td><td width=\"11%\" height=\"16\"><p align=\"center\">0,00%<\/p><\/td><td width=\"11%\" height=\"16\"><p align=\"center\">0,00%<\/p><\/td><\/tr><tr><td width=\"11%\" height=\"16\"><p align=\"center\">2008<\/p><\/td><td width=\"11%\" height=\"16\"><p align=\"center\">29,99<\/p><\/td><td width=\"11%\" height=\"16\"><p align=\"center\">41,90<\/p><\/td><td width=\"11%\" height=\"16\"><p align=\"center\">141,58<\/p><\/td><td width=\"11%\" height=\"16\"><p align=\"center\">194,37<\/p><\/td><td width=\"11%\" height=\"16\"><p align=\"right\"><span style=\"color: #ff0000;\">+<\/span>18,44%<\/p><\/td><td width=\"11%\" height=\"16\"><p align=\"right\"><span style=\"color: #ff0000;\">+<\/span>16,55%<\/p><\/td><td width=\"11%\" height=\"16\"><p align=\"right\"><span style=\"color: #ff0000;\">+<\/span>13,07%<\/p><\/td><td width=\"11%\" height=\"16\"><p align=\"right\"><span style=\"color: #ff0000;\">+<\/span>3,60%<\/p><\/td><\/tr><tr><td width=\"11%\" height=\"16\"><p align=\"center\">2009<\/p><\/td><td width=\"11%\" height=\"16\"><p align=\"center\">34,56<\/p><\/td><td width=\"11%\" height=\"16\"><p align=\"center\">47,89<\/p><\/td><td width=\"11%\" height=\"16\"><p align=\"center\">160,15<\/p><\/td><td width=\"11%\" height=\"16\"><p align=\"center\">171,50<\/p><\/td><td width=\"11%\" height=\"16\"><p align=\"right\"><span style=\"color: #ff0000;\">+<\/span>15,24%<\/p><\/td><td width=\"11%\" height=\"16\"><p align=\"right\"><span style=\"color: #ff0000;\">+<\/span>14,30%<\/p><\/td><td width=\"11%\" height=\"16\"><p align=\"right\"><span style=\"color: #ff0000;\">+<\/span>13,12%<\/p><\/td><td width=\"11%\" height=\"16\"><p align=\"right\">-11,75%<\/p><\/td><\/tr><tr><td width=\"11%\" height=\"16\"><p align=\"center\">2010<\/p><\/td><td width=\"11%\" height=\"16\"><p align=\"center\">39,81<\/p><\/td><td width=\"11%\" height=\"16\"><p align=\"center\">53,36<\/p><\/td><td width=\"11%\" height=\"16\"><p align=\"center\">175,41<\/p><\/td><td width=\"11%\" height=\"16\"><p align=\"center\">175,41<\/p><\/td><td width=\"11%\" height=\"16\"><p align=\"right\"><span style=\"color: #ff0000;\">+<\/span>15,19%<\/p><\/td><td width=\"11%\" height=\"16\"><p align=\"right\"><span style=\"color: #ff0000;\">+<\/span>11,42%<\/p><\/td><td width=\"11%\" height=\"16\"><p align=\"right\"><span style=\"color: #ff0000;\">+<\/span>9,53%<\/p><\/td><td width=\"11%\" height=\"16\"><p align=\"right\"><span style=\"color: #ff0000;\">+<\/span>2,26%<\/p><\/td><\/tr><tr><td width=\"11%\" height=\"17\"><p align=\"center\">2011<\/p><\/td><td width=\"11%\" height=\"17\">\u00a0<\/td><td width=\"11%\" height=\"17\">\u00a0<\/td><td width=\"11%\" height=\"17\">\u00a0<\/td><td width=\"11%\" height=\"17\">\u00a0<\/td><td width=\"11%\" height=\"17\">\u00a0<\/td><td width=\"11%\" height=\"17\">\u00a0<\/td><td width=\"11%\" height=\"17\">\u00a0<\/td><td width=\"11%\" height=\"17\">\u00a0<\/td><\/tr><\/tbody><\/table><p>\u00a0<\/p><p><span style=\"text-decoration: underline;\">Augmentation des Abonnements de 2007 \u00e0 2010:<\/span><\/p><ul><li>Le tarif Base \u00e0 augment\u00e9 de: <span style=\"color: #ff0000;\">+<\/span>57,23%<\/li><li>Le tarif B0 \u00e0 augment\u00e9 de: <span style=\"color: #ff0000;\">+<\/span>48,43%<\/li><li>Le tarif B1 \u00e0 augment\u00e9 de: <span style=\"color: #ff0000;\">+<\/span>40,09%<\/li><li>Le tarif B2I \u00e0 baiss\u00e9: -6,51%<\/li><\/ul><p><span style=\"text-decoration: underline;\">Augmentation moyenne Annuelle:<\/span><\/p><ul><li>Tarif Base: <span style=\"color: #ff0000;\">+<\/span>16,29%<\/li><li>Tarif B0: <span style=\"color: #ff0000;\">+<\/span>14,09%<\/li><li>Tarif B1: <span style=\"color: #ff0000;\">+<\/span> 11,91%<\/li><li>Tarif B2I: <span style=\"color: #ff0000;\">+<\/span> 1,96%<\/li><\/ul><p>Malgr\u00e9 la baisse moyenne du Tarif B2I, le graphique nous montre que ce dernier \u00e0 Augment\u00e9 de 2,26% par rapport \u00e0 2009.<\/p><p><span style=\"color: #ff0000;\">Tous les Abonnements Gaz sont \u00e0 la Hausse<\/span>.<\/p><p>contrairement,<\/p><p>Les Abonnements ELectricit\u00e9 sont \u00e0 la Baisse. <a href=\"https:\/\/www.coach-eco.com\/coach\/tableau-abonnement-et-couts-en-ekwh-gaz-de-ville.html\" target=\"_blank\" rel=\"noopener\">(voir les Abonnements de l&rsquo;Electricit\u00e9)<\/a><\/p><p>Les prix des abonnements sont fonction de la puissance souscrite.<\/p>\t\t\t\t\t\t\t\t<\/div>\n\t\t\t\t\t<\/div>\n\t\t\t\t<\/div>\n\t\t\t\t<\/div>\n\t\t","protected":false},"excerpt":{"rendered":"<p>Abonnements annuels Gaz de ville\u00a0\/ Gaz Naturel: Tarif Base, B0,B1 et B2I de 1983 \u00e0 2010 Zoom sur les Abonnements annuels Gaz de ville \/ [&#8230;]<\/p>\n","protected":false},"author":4,"featured_media":0,"parent":1392,"menu_order":21,"comment_status":"closed","ping_status":"open","template":"","meta":{"footnotes":""},"class_list":["post-1424","page","type-page","status-publish","hentry"],"aioseo_notices":[],"_links":{"self":[{"href":"https:\/\/www.coach-eco.com\/coach\/wp-json\/wp\/v2\/pages\/1424","targetHints":{"allow":["GET"]}}],"collection":[{"href":"https:\/\/www.coach-eco.com\/coach\/wp-json\/wp\/v2\/pages"}],"about":[{"href":"https:\/\/www.coach-eco.com\/coach\/wp-json\/wp\/v2\/types\/page"}],"author":[{"embeddable":true,"href":"https:\/\/www.coach-eco.com\/coach\/wp-json\/wp\/v2\/users\/4"}],"replies":[{"embeddable":true,"href":"https:\/\/www.coach-eco.com\/coach\/wp-json\/wp\/v2\/comments?post=1424"}],"version-history":[{"count":3,"href":"https:\/\/www.coach-eco.com\/coach\/wp-json\/wp\/v2\/pages\/1424\/revisions"}],"predecessor-version":[{"id":8918,"href":"https:\/\/www.coach-eco.com\/coach\/wp-json\/wp\/v2\/pages\/1424\/revisions\/8918"}],"up":[{"embeddable":true,"href":"https:\/\/www.coach-eco.com\/coach\/wp-json\/wp\/v2\/pages\/1392"}],"wp:attachment":[{"href":"https:\/\/www.coach-eco.com\/coach\/wp-json\/wp\/v2\/media?parent=1424"}],"curies":[{"name":"wp","href":"https:\/\/api.w.org\/{rel}","templated":true}]}}