{"id":1378,"date":"2011-12-24T09:21:18","date_gmt":"2011-12-24T09:21:18","guid":{"rendered":"http:\/\/www.coach-eco.com\/coach\/?page_id=1378"},"modified":"2013-03-13T09:20:00","modified_gmt":"2013-03-13T09:20:00","slug":"courbes-des-energies","status":"publish","type":"page","link":"https:\/\/www.coach-eco.com\/coach\/courbes-des-energies\/","title":{"rendered":"Courbes des Energies"},"content":{"rendered":"<p>Les articles de presse retra\u00e7ant l&rsquo;historique des variations du co\u00fbt des \u00e9nergies<\/p>\n<ul>\n<li>Janvier 2012:<\/li>\n<li><a href=\"https:\/\/www.coach-eco.com\/coach\/augmentation-energie-juillet-2012.html\" target=\"_blank\">Juillet 2012: \u00a0\u00bb Une hausse de 2% maximum pour l&rsquo;\u00e9t\u00e9 2012 pour le train, le<strong> gaz<\/strong> et l&rsquo;\u00e9lectricit\u00e9 \u00ab\u00a0<\/a><\/li>\n<li><a href=\"https:\/\/www.coach-eco.com\/coach\/augmentation-energie-juillet-2012-suite.html\" target=\"_blank\">Juillet 2012 suite \u00a0\u00bb Annulation de l\u2019arr\u00eat\u00e9 de septembre 2011 qui avait gel\u00e9 les <strong>tarifs de gaz<\/strong> et impose donc au gouvernement de <strong>r\u00e9viser r\u00e9troactivement les tarifs<\/strong> \u00ab\u00a0<\/a><\/li>\n<li>Juillet 2012: Augmentation du Tarif de Gaz: +2%<\/li>\n<li><a href=\"https:\/\/www.coach-eco.com\/coach\/augmentation-energie-aout-2012.html\" target=\"_blank\">Ao\u00fbt 2012: \u00a0\u00bb Prix du Gaz: GDF Suez pr\u00e9pare un rattrapage sur 2 ans \u00ab\u00a0<\/a><\/li>\n<li><a href=\"https:\/\/www.coach-eco.com\/coach\/augmentation-du-tarif-de-gaz-le-1er-octobre-2012-2.html\" target=\"_blank\">Octobre 2012: Augmentation du Tarif de Gaz: + 2%<\/a><\/li>\n<li><a title=\"Loi Brottes: Bonus-Malus sur les Factures d'Energies\" href=\"https:\/\/www.coach-eco.com\/coach\/loi-brottes-loi-creant-le-bonus-malus-sur-les-factures-denergie\" target=\"_blank\">Mars 2013: Loi Brottes, Loi Bonus-Malus sur les Factures d&rsquo;Energies<br \/>\n<strong>Tarification Progressive des Energies<\/strong> et <strong>Mesures Relatives \u00e0 l&rsquo;Eolien<\/strong><\/a><\/li>\n<\/ul>\n","protected":false},"excerpt":{"rendered":"<p>Les articles de presse retra\u00e7ant l&rsquo;historique des variations du co\u00fbt des \u00e9nergies Janvier 2012: Juillet 2012: \u00a0\u00bb Une hausse de 2% maximum pour l&rsquo;\u00e9t\u00e9 2012 [&#8230;]<\/p>\n","protected":false},"author":4,"featured_media":0,"parent":0,"menu_order":0,"comment_status":"closed","ping_status":"open","template":"","meta":{"footnotes":""},"class_list":["post-1378","page","type-page","status-publish","hentry"],"aioseo_notices":[],"_links":{"self":[{"href":"https:\/\/www.coach-eco.com\/coach\/wp-json\/wp\/v2\/pages\/1378","targetHints":{"allow":["GET"]}}],"collection":[{"href":"https:\/\/www.coach-eco.com\/coach\/wp-json\/wp\/v2\/pages"}],"about":[{"href":"https:\/\/www.coach-eco.com\/coach\/wp-json\/wp\/v2\/types\/page"}],"author":[{"embeddable":true,"href":"https:\/\/www.coach-eco.com\/coach\/wp-json\/wp\/v2\/users\/4"}],"replies":[{"embeddable":true,"href":"https:\/\/www.coach-eco.com\/coach\/wp-json\/wp\/v2\/comments?post=1378"}],"version-history":[{"count":0,"href":"https:\/\/www.coach-eco.com\/coach\/wp-json\/wp\/v2\/pages\/1378\/revisions"}],"wp:attachment":[{"href":"https:\/\/www.coach-eco.com\/coach\/wp-json\/wp\/v2\/media?parent=1378"}],"curies":[{"name":"wp","href":"https:\/\/api.w.org\/{rel}","templated":true}]}}