{"id":10848,"date":"2026-01-14T10:51:43","date_gmt":"2026-01-14T09:51:43","guid":{"rendered":"https:\/\/www.coach-eco.com\/coach\/?page_id=10848"},"modified":"2026-01-14T10:52:09","modified_gmt":"2026-01-14T09:52:09","slug":"loi-pope","status":"publish","type":"page","link":"https:\/\/www.coach-eco.com\/coach\/loi-pope\/","title":{"rendered":"Loi POPE"},"content":{"rendered":"\n<p>La\u00a0<strong>loi POPE<\/strong>\u00a0(loi n\u00b0 2005-78 de \u00ab\u00a0<strong>P<\/strong>rogrammation fixant les <strong>O<\/strong>rientations de la <strong>P<\/strong>olitique <strong>\u00c9<\/strong>nerg\u00e9tique\u00a0\u00bb) du 13 juillet 2005 introduit le dispositif des <strong>CEE <\/strong>:\u00a0<strong>C<\/strong>ertificats<strong> <\/strong>d\u2019<strong>\u00c9<\/strong>conomies<strong> <\/strong>d\u2019<strong>\u00c9nergie.<\/strong><\/p>\n\n\n\n<p>Ce cadre r\u00e8glementaire impose aux fournisseurs d\u2019\u00e9nergie un volume d\u2019\u00e9conomies d\u2019\u00e9nergie \u00e0 g\u00e9n\u00e9rer par p\u00e9riode. Les <strong>fournisseurs d\u2019\u00e9nergie<\/strong> dits \u00ab\u00a0<strong>oblig\u00e9s<\/strong>\u00a0\u00bb sont donc contraints d\u2019atteindre leur quota d\u2019\u00e9conomies d\u2019\u00e9nergie, qui est proportionnel au volume d\u2019\u00e9nergie mis \u00e0 la consommation, sous peine de sanctions. En incitant financi\u00e8rement <strong>des particuliers ou des entreprises<\/strong> \u00e0 r\u00e9aliser des travaux de r\u00e9novation \u00e9nerg\u00e9tique, et en respectant les modalit\u00e9s r\u00e8glementaires associ\u00e9es, les fournisseurs d\u2019\u00e9nergie se voient cr\u00e9diter, par l\u2019administration, des Certificats d\u2019\u00c9conomies d\u2019\u00c9nergie.<\/p>\n\n\n\n<p class=\"has-text-align-center\"> <strong>Ce dispositif a pour but de r\u00e9duire les consommations d\u2019\u00e9nergie de l\u2019ensemble des acteurs.<\/strong><\/p>\n","protected":false},"excerpt":{"rendered":"<p>La\u00a0loi POPE\u00a0(loi n\u00b0 2005-78 de \u00ab\u00a0Programmation fixant les Orientations de la Politique \u00c9nerg\u00e9tique\u00a0\u00bb) du 13 juillet 2005 introduit le dispositif des CEE :\u00a0Certificats d\u2019\u00c9conomies d\u2019\u00c9nergie. [&#8230;]<\/p>\n","protected":false},"author":4,"featured_media":0,"parent":0,"menu_order":0,"comment_status":"closed","ping_status":"closed","template":"","meta":{"footnotes":""},"class_list":["post-10848","page","type-page","status-publish","hentry"],"aioseo_notices":[],"_links":{"self":[{"href":"https:\/\/www.coach-eco.com\/coach\/wp-json\/wp\/v2\/pages\/10848","targetHints":{"allow":["GET"]}}],"collection":[{"href":"https:\/\/www.coach-eco.com\/coach\/wp-json\/wp\/v2\/pages"}],"about":[{"href":"https:\/\/www.coach-eco.com\/coach\/wp-json\/wp\/v2\/types\/page"}],"author":[{"embeddable":true,"href":"https:\/\/www.coach-eco.com\/coach\/wp-json\/wp\/v2\/users\/4"}],"replies":[{"embeddable":true,"href":"https:\/\/www.coach-eco.com\/coach\/wp-json\/wp\/v2\/comments?post=10848"}],"version-history":[{"count":2,"href":"https:\/\/www.coach-eco.com\/coach\/wp-json\/wp\/v2\/pages\/10848\/revisions"}],"predecessor-version":[{"id":10850,"href":"https:\/\/www.coach-eco.com\/coach\/wp-json\/wp\/v2\/pages\/10848\/revisions\/10850"}],"wp:attachment":[{"href":"https:\/\/www.coach-eco.com\/coach\/wp-json\/wp\/v2\/media?parent=10848"}],"curies":[{"name":"wp","href":"https:\/\/api.w.org\/{rel}","templated":true}]}}