{"id":10772,"date":"2026-01-13T11:14:50","date_gmt":"2026-01-13T10:14:50","guid":{"rendered":"https:\/\/www.coach-eco.com\/coach\/?page_id=10772"},"modified":"2026-01-13T11:25:11","modified_gmt":"2026-01-13T10:25:11","slug":"mentions-legales","status":"publish","type":"page","link":"https:\/\/www.coach-eco.com\/coach\/mentions-legales\/","title":{"rendered":"Mentions l\u00e9gales"},"content":{"rendered":"\t\t<div data-elementor-type=\"wp-page\" data-elementor-id=\"10772\" class=\"elementor elementor-10772\" data-elementor-post-type=\"page\">\n\t\t\t\t\t\t<section class=\"elementor-section elementor-top-section elementor-element elementor-element-2b753e72 elementor-section-full_width elementor-section-height-default elementor-section-height-default\" data-id=\"2b753e72\" data-element_type=\"section\" data-e-type=\"section\">\n\t\t\t\t\t\t<div class=\"elementor-container elementor-column-gap-no\">\n\t\t\t\t\t<div class=\"elementor-column elementor-col-100 elementor-top-column elementor-element elementor-element-8c1a7c2\" data-id=\"8c1a7c2\" data-element_type=\"column\" data-e-type=\"column\">\n\t\t\t<div class=\"elementor-widget-wrap elementor-element-populated\">\n\t\t\t\t\t\t<div class=\"elementor-element elementor-element-4ba62 elementor-widget elementor-widget-spacer\" data-id=\"4ba62\" data-element_type=\"widget\" data-e-type=\"widget\" data-widget_type=\"spacer.default\">\n\t\t\t\t\t\t\t<div class=\"elementor-spacer\">\n\t\t\t<div class=\"elementor-spacer-inner\"><\/div>\n\t\t<\/div>\n\t\t\t\t\t\t<\/div>\n\t\t\t\t<div class=\"elementor-element elementor-element-5f01a7fd elementor-widget elementor-widget-heading\" data-id=\"5f01a7fd\" data-element_type=\"widget\" data-e-type=\"widget\" data-widget_type=\"heading.default\">\n\t\t\t\t\t<h2 class=\"elementor-heading-title elementor-size-default\">COACH-ECO<\/h2>\t\t\t\t<\/div>\n\t\t\t\t<div class=\"elementor-element elementor-element-6e404ef5 elementor-widget-divider--view-line elementor-widget elementor-widget-divider\" data-id=\"6e404ef5\" data-element_type=\"widget\" data-e-type=\"widget\" data-widget_type=\"divider.default\">\n\t\t\t\t\t\t\t<div class=\"elementor-divider\">\n\t\t\t<span class=\"elementor-divider-separator\">\n\t\t\t\t\t\t<\/span>\n\t\t<\/div>\n\t\t\t\t\t\t<\/div>\n\t\t\t\t<section class=\"elementor-section elementor-inner-section elementor-element elementor-element-5eed6475 elementor-section-content-middle elementor-section-full_width elementor-section-height-default elementor-section-height-default\" data-id=\"5eed6475\" data-element_type=\"section\" data-e-type=\"section\">\n\t\t\t\t\t\t<div class=\"elementor-container elementor-column-gap-no\">\n\t\t\t\t\t<div class=\"elementor-column elementor-col-66 elementor-inner-column elementor-element elementor-element-91d94b0\" data-id=\"91d94b0\" data-element_type=\"column\" data-e-type=\"column\">\n\t\t\t<div class=\"elementor-widget-wrap elementor-element-populated\">\n\t\t\t\t\t\t<div class=\"elementor-element elementor-element-2280ffe9 elementor-widget elementor-widget-image\" data-id=\"2280ffe9\" data-element_type=\"widget\" data-e-type=\"widget\" data-widget_type=\"image.default\">\n\t\t\t\t\t\t\t\t\t\t\t\t\t\t\t<img fetchpriority=\"high\" decoding=\"async\" width=\"800\" height=\"420\" src=\"https:\/\/www.coach-eco.com\/coach\/wp-content\/uploads\/2026\/01\/mentions-legales-RGPD-1024x538.jpg\" class=\"attachment-large size-large wp-image-10774\" alt=\"\" srcset=\"https:\/\/www.coach-eco.com\/coach\/wp-content\/uploads\/2026\/01\/mentions-legales-RGPD-1024x538.jpg 1024w, https:\/\/www.coach-eco.com\/coach\/wp-content\/uploads\/2026\/01\/mentions-legales-RGPD-300x158.jpg 300w, https:\/\/www.coach-eco.com\/coach\/wp-content\/uploads\/2026\/01\/mentions-legales-RGPD-768x403.jpg 768w, https:\/\/www.coach-eco.com\/coach\/wp-content\/uploads\/2026\/01\/mentions-legales-RGPD.jpg 1200w\" sizes=\"(max-width: 800px) 100vw, 800px\" \/>\t\t\t\t\t\t\t\t\t\t\t\t\t\t\t<\/div>\n\t\t\t\t\t<\/div>\n\t\t<\/div>\n\t\t\t\t<div class=\"elementor-column elementor-col-33 elementor-inner-column elementor-element elementor-element-4be0bed3\" data-id=\"4be0bed3\" data-element_type=\"column\" data-e-type=\"column\" data-settings=\"{&quot;background_background&quot;:&quot;classic&quot;}\">\n\t\t\t<div class=\"elementor-widget-wrap elementor-element-populated\">\n\t\t\t\t\t\t<div class=\"elementor-element elementor-element-5a7e42a7 elementor-widget elementor-widget-heading\" data-id=\"5a7e42a7\" data-element_type=\"widget\" data-e-type=\"widget\" data-widget_type=\"heading.default\">\n\t\t\t\t\t<h2 class=\"elementor-heading-title elementor-size-default\">Mentions l\u00e9gales<\/h2>\t\t\t\t<\/div>\n\t\t\t\t<div class=\"elementor-element elementor-element-26d92d36 elementor-widget-divider--view-line elementor-widget elementor-widget-divider\" data-id=\"26d92d36\" data-element_type=\"widget\" data-e-type=\"widget\" data-widget_type=\"divider.default\">\n\t\t\t\t\t\t\t<div class=\"elementor-divider\">\n\t\t\t<span class=\"elementor-divider-separator\">\n\t\t\t\t\t\t<\/span>\n\t\t<\/div>\n\t\t\t\t\t\t<\/div>\n\t\t\t\t<div class=\"elementor-element elementor-element-e5c6919 elementor-widget elementor-widget-text-editor\" data-id=\"e5c6919\" data-element_type=\"widget\" data-e-type=\"widget\" data-widget_type=\"text-editor.default\">\n\t\t\t\t\t\t\t\t\t<p data-path-to-node=\"4\"><b data-path-to-node=\"4\" data-index-in-node=\"0\">Derni\u00e8re mise \u00e0 jour : Janvier 2026<\/b><\/p><h3 data-path-to-node=\"4\">1. \u00c9diteur du site<\/h3><p data-path-to-node=\"5\">Le site <code data-path-to-node=\"5\" data-index-in-node=\"8\">www.coach-eco.com<\/code> est \u00e9dit\u00e9 par :<\/p><ul data-path-to-node=\"6\"><li><p data-path-to-node=\"6,0,0\"><b data-path-to-node=\"6,0,0\" data-index-in-node=\"0\">Raison sociale \/ Nom :<\/b> <b data-path-to-node=\"6,0,0\" data-index-in-node=\"23\">[Nom de ta soci\u00e9t\u00e9 ou Ton Nom Pr\u00e9nom si entrepreneur individuel]<\/b><\/p><\/li><li><p data-path-to-node=\"6,1,0\"><b data-path-to-node=\"6,1,0\" data-index-in-node=\"0\">Forme juridique :<\/b> <b data-path-to-node=\"6,1,0\" data-index-in-node=\"18\">[Ex: Micro-entreprise, SAS, SARL&#8230;]<\/b><\/p><\/li><li><p data-path-to-node=\"6,2,0\"><b data-path-to-node=\"6,2,0\" data-index-in-node=\"0\">Adresse du si\u00e8ge social :<\/b> <b data-path-to-node=\"6,2,0\" data-index-in-node=\"26\">[Ton adresse compl\u00e8te]<\/b><\/p><\/li><li><p data-path-to-node=\"6,3,0\"><b data-path-to-node=\"6,3,0\" data-index-in-node=\"0\">Num\u00e9ro SIRET :<\/b> <b data-path-to-node=\"6,3,0\" data-index-in-node=\"15\">[Ton num\u00e9ro SIRET]<\/b><\/p><\/li><li><p data-path-to-node=\"6,4,0\"><b data-path-to-node=\"6,4,0\" data-index-in-node=\"0\">Num\u00e9ro de TVA Intracommunautaire :<\/b> <b data-path-to-node=\"6,4,0\" data-index-in-node=\"35\">[Ton num\u00e9ro de TVA ou la mention \u00ab\u00a0TVA non applicable, art. 293 B du CGI\u00a0\u00bb si tu es en franchise de base]<\/b><\/p><\/li><li><p data-path-to-node=\"6,5,0\"><b data-path-to-node=\"6,5,0\" data-index-in-node=\"0\">Directeur de la publication :<\/b> Henri Delplanque<\/p><\/li><li><p data-path-to-node=\"6,6,0\"><b data-path-to-node=\"6,6,0\" data-index-in-node=\"0\">Contact :<\/b> contact@coach-eco.com \/ <b data-path-to-node=\"6,6,0\" data-index-in-node=\"34\">[Ton num\u00e9ro de t\u00e9l\u00e9phone si tu souhaites l&rsquo;afficher]<\/b><\/p><\/li><\/ul><h3 data-path-to-node=\"7\">2. H\u00e9bergement<\/h3><p data-path-to-node=\"8\">Le site est h\u00e9berg\u00e9 par :<\/p><p data-path-to-node=\"9,0,0\"><b data-path-to-node=\"9,0,0\" data-index-in-node=\"0\">H\u00e9bergeur :<\/b> <b data-path-to-node=\"9,0,0\" data-index-in-node=\"12\">Muriel Watbled Communication Via Mycyberhosting<\/b><b data-path-to-node=\"9,0,0\" data-index-in-node=\"12\"><br \/><\/b><b data-path-to-node=\"9,1,0\" data-index-in-node=\"0\">Adresse :<\/b> <b data-path-to-node=\"9,1,0\" data-index-in-node=\"10\">3 lotissement la fermette &#8211; rue des canadiens 76260 Eu (France)<br \/><\/b><b data-path-to-node=\"9,2,0\" data-index-in-node=\"0\">T\u00e9l\u00e9phone :<\/b>\u00a0<b>Z\u00e9ro-sept-six-six-cinq-trois-deux-six-neuf-un<\/b><\/p><p data-path-to-node=\"11\">L\u2019ensemble de ce site rel\u00e8ve de la l\u00e9gislation fran\u00e7aise et internationale sur le droit d\u2019auteur et la propri\u00e9t\u00e9 intellectuelle. Tous les droits de reproduction sont r\u00e9serv\u00e9s, y compris pour les documents t\u00e9l\u00e9chargeables et les repr\u00e9sentations iconographiques et photographiques. La reproduction de tout ou partie de ce site sur un support \u00e9lectronique quel qu\u2019il soit est formellement interdite sauf autorisation expresse du directeur de la publication.<\/p><h3 data-path-to-node=\"12\">4. Donn\u00e9es personnelles<\/h3><p data-path-to-node=\"13\">Le traitement de vos donn\u00e9es \u00e0 caract\u00e8re personnel est r\u00e9gi par notre <b data-path-to-node=\"13\" data-index-in-node=\"70\">Politique de Confidentialit\u00e9<\/b> (disponible ici : <a href=\"https:\/\/www.coach-eco.com\/coach\/politique-de-confidentialite\">https:\/\/www.coach-eco.com\/coach\/politique-de-confidentialite<\/a>), conform\u00e9ment au R\u00e8glement G\u00e9n\u00e9ral sur la Protection des Donn\u00e9es (RGPD).<\/p>\t\t\t\t\t\t\t\t<\/div>\n\t\t\t\t\t<\/div>\n\t\t<\/div>\n\t\t\t\t\t<\/div>\n\t\t<\/section>\n\t\t\t\t\t<\/div>\n\t\t<\/div>\n\t\t\t\t\t<\/div>\n\t\t<\/section>\n\t\t\t\t<\/div>\n\t\t","protected":false},"excerpt":{"rendered":"<p>COACH-ECO Mentions l\u00e9gales Derni\u00e8re mise \u00e0 jour : Janvier 2026 1. \u00c9diteur du site Le site www.coach-eco.com est \u00e9dit\u00e9 par : Raison sociale \/ Nom [&#8230;]<\/p>\n","protected":false},"author":4,"featured_media":0,"parent":0,"menu_order":0,"comment_status":"closed","ping_status":"closed","template":"templates\/template-fullwidth.php","meta":{"footnotes":""},"class_list":["post-10772","page","type-page","status-publish","hentry"],"aioseo_notices":[],"_links":{"self":[{"href":"https:\/\/www.coach-eco.com\/coach\/wp-json\/wp\/v2\/pages\/10772","targetHints":{"allow":["GET"]}}],"collection":[{"href":"https:\/\/www.coach-eco.com\/coach\/wp-json\/wp\/v2\/pages"}],"about":[{"href":"https:\/\/www.coach-eco.com\/coach\/wp-json\/wp\/v2\/types\/page"}],"author":[{"embeddable":true,"href":"https:\/\/www.coach-eco.com\/coach\/wp-json\/wp\/v2\/users\/4"}],"replies":[{"embeddable":true,"href":"https:\/\/www.coach-eco.com\/coach\/wp-json\/wp\/v2\/comments?post=10772"}],"version-history":[{"count":10,"href":"https:\/\/www.coach-eco.com\/coach\/wp-json\/wp\/v2\/pages\/10772\/revisions"}],"predecessor-version":[{"id":10793,"href":"https:\/\/www.coach-eco.com\/coach\/wp-json\/wp\/v2\/pages\/10772\/revisions\/10793"}],"wp:attachment":[{"href":"https:\/\/www.coach-eco.com\/coach\/wp-json\/wp\/v2\/media?parent=10772"}],"curies":[{"name":"wp","href":"https:\/\/api.w.org\/{rel}","templated":true}]}}